{"id":5835,"date":"2015-12-15T07:37:33","date_gmt":"2015-12-15T07:37:33","guid":{"rendered":"http:\/\/consulting.stylemixthemes.com\/demo\/?page_id=9"},"modified":"2024-09-26T07:51:29","modified_gmt":"2024-09-26T07:51:29","slug":"company-overview","status":"publish","type":"page","link":"https:\/\/archipelresearch.com\/2024\/fr\/company-overview","title":{"rendered":"Company overview"},"content":{"rendered":"<div data-elementor-type=\"wp-page\" data-elementor-id=\"5835\" class=\"elementor elementor-5835\">\n\t\t\t\t\t\t<section class=\"elementor-section elementor-top-section elementor-element elementor-element-1955685 elementor-section-boxed elementor-section-height-default elementor-section-height-default\" data-id=\"1955685\" data-element_type=\"section\" data-settings=\"{&quot;background_background&quot;:&quot;classic&quot;}\">\n\t\t\t\t\t\t<div class=\"elementor-container elementor-column-gap-default\">\n\t\t\t\t\t<div class=\"elementor-column elementor-col-100 elementor-top-column elementor-element elementor-element-1955cdc\" data-id=\"1955cdc\" data-element_type=\"column\">\n\t\t\t<div class=\"elementor-widget-wrap elementor-element-populated\">\n\t\t\t\t\t\t<div class=\"elementor-element elementor-element-1956373 elementor-widget elementor-widget-text-editor\" data-id=\"1956373\" data-element_type=\"widget\" data-widget_type=\"text-editor.default\">\n\t\t\t\t<div class=\"elementor-widget-container\">\n\t\t\t\t\t\t\t<h2>Rapprocher les cultures, renforcer la compr\u00e9hension<\/h2>\n<div>\u00a0<\/div>\n<div>\n<p>Archipel Research and Consulting est une entreprise autochtone dont le si\u00e8ge social est situ\u00e9 dans la r\u00e9gion de la capitale nationale et qui compte des associ\u00e9s de recherche bas\u00e9s d'un oc\u00e9an \u00e0 l'autre, au Canada et aux \u00c9tats-Unis. Nous rassemblons une \u00e9quipe diversifi\u00e9e dans le but de relier les mondes de connaissances. Les membres de l\u2019\u00e9quipe d\u2019Archipel poss\u00e8dent des ann\u00e9es d\u2019exp\u00e9rience de travail avec les communaut\u00e9s autochtones et de nouveaux arrivants.<\/p>\n<p>\u00a0<\/p>\n<\/div>\n<div>Nos services comprennent une facilitation inspir\u00e9e des m\u00e9thodes et de la conception autochtones ; recherche qualitative et quantitative \u00e9clair\u00e9e par les m\u00e9thodologies f\u00e9ministes noires autochtones, d\u00e9colonisatrices et intersectionnelles ; l\u2019\u00e9laboration de programmes et de pr\u00e9sentations guid\u00e9s par les p\u00e9dagogies autochtones ; traduction vers et depuis une vari\u00e9t\u00e9 de langues ; et des consultations sur les enjeux et les connaissances touchant les nations autochtones et les communaut\u00e9s racialis\u00e9es et de nouveaux arrivants.<\/div>\n<div>\u00a0<\/div>\n\t\t\t\t\t\t<\/div>\n\t\t\t\t<\/div>\n\t\t\t\t<div class=\"elementor-element elementor-element-1956735 elementor-widget elementor-widget-text-editor\" data-id=\"1956735\" data-element_type=\"widget\" data-widget_type=\"text-editor.default\">\n\t\t\t\t<div class=\"elementor-widget-container\">\n\t\t\t\t\t\t\t<blockquote>\n<p>Archipel poursuit son d\u00e9veloppement, port\u00e9 par la confiance de ses clients. Nous servons divers secteurs, notamment le gouvernement, l'\u00e9ducation, les organismes sans but lucratif et les organisations autochtones.<\/p>\n<\/blockquote>\n\t\t\t\t\t\t<\/div>\n\t\t\t\t<\/div>\n\t\t\t\t<section class=\"elementor-section elementor-top-section elementor-element elementor-element-1956aeb elementor-section-boxed elementor-section-height-default elementor-section-height-default\" data-id=\"1956aeb\" data-element_type=\"section\">\n\t\t\t\t\t\t<div class=\"elementor-container elementor-column-gap-default\">\n\t\t\t\t\t<div class=\"elementor-column elementor-col-100 elementor-top-column elementor-element elementor-element-19571c7\" data-id=\"19571c7\" data-element_type=\"column\">\n\t\t\t<div class=\"elementor-widget-wrap elementor-element-populated\">\n\t\t\t\t\t\t<div class=\"elementor-element elementor-element-19577a5 elementor-widget elementor-widget-vc_custom_heading\" data-id=\"19577a5\" data-element_type=\"widget\" data-widget_type=\"vc_custom_heading.default\">\n\t\t\t\t<div class=\"elementor-widget-container\">\n\t\t\t<div class=\"vc_custom_heading no_stripe consulting_heading_font  text_align_left\" ><h4 style=\"color: #222222;text-align: left;font-weight:700\" class=\"consulting-custom-title\">Valeurs de l'entreprise\n<\/h4><\/div>\t\t<\/div>\n\t\t\t\t<\/div>\n\t\t\t\t<div class=\"elementor-element elementor-element-1957d4b elementor-widget elementor-widget-text-editor\" data-id=\"1957d4b\" data-element_type=\"widget\" data-widget_type=\"text-editor.default\">\n\t\t\t\t<div class=\"elementor-widget-container\">\n\t\t\t\t\t\t\t<div class=\"ewa-rteLine\">Les engagements \u00e9thiques d\u2019Archipel sont encadr\u00e9s par nos valeurs fondamentales et nos objectifs visant \u00e0 faire progresser l\u2019autod\u00e9termination et l\u2019\u00e9quit\u00e9 des Autochtones pour diverses communaut\u00e9s, notamment les Premi\u00e8res Nations, les Inuits et les M\u00e9tis, les communaut\u00e9s noires, d\u2019autres groupes racialis\u00e9s, les personnes 2SLGBTQQIA+, les minorit\u00e9s religieuses et les personnes handicap\u00e9es.<\/div>\n<div class=\"ewa-rteLine\">\u00a0<\/div>\n<div class=\"ewa-rteLine\">Notre approche de notre travail est r\u00e9gie et ancr\u00e9e dans les modes de connaissance et d\u2019\u00eatre autochtones, noirs et autres marginalis\u00e9s, y compris les principes de justice \u00e9cologique et climatique ainsi que de d\u00e9colonisation et de lib\u00e9ration des peuples opprim\u00e9s du monde entier.<\/div>\n\t\t\t\t\t\t<\/div>\n\t\t\t\t<\/div>\n\t\t\t\t\t<\/div>\n\t\t<\/div>\n\t\t\t\t\t<\/div>\n\t\t<\/section>\n\t\t\t\t\t<\/div>\n\t\t<\/div>\n\t\t\t\t<div class=\"elementor-column elementor-col-25 elementor-top-column elementor-element elementor-element-1958ba5 elementor-hidden-tablet elementor-hidden-phone\" data-id=\"1958ba5\" data-element_type=\"column\">\n\t\t\t<div class=\"elementor-widget-wrap elementor-element-populated\">\n\t\t\t\t\t\t<div class=\"elementor-element elementor-element-19590db elementor-widget elementor-widget-stm_sidebar\" data-id=\"19590db\" data-element_type=\"widget\" data-widget_type=\"stm_sidebar.default\">\n\t\t\t\t<div class=\"elementor-widget-container\">\n\t\t\t\n<div class=\"stm_sidebar consulting_elementor_sidebar\">\n\n            \t\t<div data-elementor-type=\"wp-post\" data-elementor-id=\"311\" class=\"elementor elementor-311\">\n\t\t\t\t\t\t<section class=\"elementor-section elementor-top-section elementor-element elementor-element-090dc4c elementor-section-boxed elementor-section-height-default elementor-section-height-default\" data-id=\"090dc4c\" data-element_type=\"section\" data-settings=\"{&quot;background_background&quot;:&quot;classic&quot;}\">\n\t\t\t\t\t\t<div class=\"elementor-container elementor-column-gap-default\">\n\t\t\t\t\t<div class=\"elementor-column elementor-col-100 elementor-top-column elementor-element elementor-element-090e17e\" data-id=\"090e17e\" data-element_type=\"column\">\n\t\t\t<div class=\"elementor-widget-wrap elementor-element-populated\">\n\t\t\t\t\t\t<div class=\"elementor-element elementor-element-090e53a mb-30 elementor-widget elementor-widget-wp-widget-nav_menu\" data-id=\"090e53a\" data-element_type=\"widget\" data-widget_type=\"wp-widget-nav_menu.default\">\n\t\t\t\t<div class=\"elementor-widget-container\">\n\t\t\t<aside class='widget widget_nav_menu'><div class=\"menu-sidebar-menu-1-container\"><ul id=\"menu-sidebar-menu-1\" class=\"menu\"><li id=\"menu-item-8605\" class=\"menu-item menu-item-type-post_type menu-item-object-stm_service menu-item-8605\"><a href=\"https:\/\/archipelresearch.com\/2024\/fr\/service\/research-excellence\">Excellence de la recherche<\/a><\/li>\n<li id=\"menu-item-8606\" class=\"menu-item menu-item-type-post_type menu-item-object-stm_service menu-item-8606\"><a href=\"https:\/\/archipelresearch.com\/2024\/fr\/service\/inclusive-marketing-communication\">Marketing et Communication Inclusifs<\/a><\/li>\n<li id=\"menu-item-8607\" class=\"menu-item menu-item-type-post_type menu-item-object-stm_service menu-item-8607\"><a href=\"https:\/\/archipelresearch.com\/2024\/fr\/service\/training-education\">Formation et \u00c9ducation<\/a><\/li>\n<li id=\"menu-item-8608\" class=\"menu-item menu-item-type-post_type menu-item-object-stm_service menu-item-8608\"><a href=\"https:\/\/archipelresearch.com\/2024\/fr\/service\/evaluation-planning\">\u00c9valuation et Planification<\/a><\/li>\n<li id=\"menu-item-8609\" class=\"menu-item menu-item-type-post_type menu-item-object-stm_service menu-item-8609\"><a href=\"https:\/\/archipelresearch.com\/2024\/fr\/service\/translation\">Traduction<\/a><\/li>\n<li id=\"menu-item-8610\" class=\"menu-item menu-item-type-post_type menu-item-object-stm_service menu-item-8610\"><a href=\"https:\/\/archipelresearch.com\/2024\/fr\/service\/consulting\">Consultance<\/a><\/li>\n<li id=\"menu-item-8611\" class=\"menu-item menu-item-type-post_type menu-item-object-stm_service menu-item-8611\"><a href=\"https:\/\/archipelresearch.com\/2024\/fr\/service\/speaking-events\">Conf\u00e9rence et \u00c9v\u00e9nements<\/a><\/li>\n<\/ul><\/div><\/aside>\t\t<\/div>\n\t\t\t\t<\/div>\n\t\t\t\t<div class=\"elementor-element elementor-element-090e7c4 elementor-align-left elementor-widget elementor-widget-button\" data-id=\"090e7c4\" data-element_type=\"widget\" data-widget_type=\"button.default\">\n\t\t\t\t<div class=\"elementor-widget-container\">\n\t\t\t\t\t<div class=\"elementor-button-wrapper icon_align_  button_block\">\n\t\t\t<a class=\"elementor-button elementor-button-link elementor-size-lg\" href=\"#\">\n\t\t\t\t\t\t<span class=\"elementor-button-content-wrapper\">\n\t\t\t\t\t\t<span class=\"elementor-button-icon\">\n\t\t\t\t<i aria-hidden=\"true\" class=\"fa fa-file-pdf-o\"><\/i>\t\t\t<\/span>\n\t\t\t\t\t\t\t\t\t<span class=\"elementor-button-text\">Pr\u00e9sentation de l'entreprise<\/span>\n\t\t\t\t\t<\/span>\n\t\t\t\t\t<\/a>\n\t\t<\/div>\n\t\t\t\t<\/div>\n\t\t\t\t<\/div>\n\t\t\t\t\t<\/div>\n\t\t<\/div>\n\t\t\t\t\t<\/div>\n\t\t<\/section>\n\t\t\t\t<section class=\"elementor-section elementor-top-section elementor-element elementor-element-090f268 third_bg_color elementor-section-boxed elementor-section-height-default elementor-section-height-default\" data-id=\"090f268\" data-element_type=\"section\" data-settings=\"{&quot;background_background&quot;:&quot;classic&quot;}\">\n\t\t\t\t\t\t<div class=\"elementor-container elementor-column-gap-default\">\n\t\t\t\t\t<div class=\"elementor-column elementor-col-100 elementor-top-column elementor-element elementor-element-090f694\" data-id=\"090f694\" data-element_type=\"column\" data-settings=\"{&quot;background_background&quot;:&quot;classic&quot;}\">\n\t\t\t<div class=\"elementor-widget-wrap elementor-element-populated\">\n\t\t\t\t\t\t<div class=\"elementor-element elementor-element-090fa23 elementor-widget elementor-widget-vc_custom_heading\" data-id=\"090fa23\" data-element_type=\"widget\" data-widget_type=\"vc_custom_heading.default\">\n\t\t\t\t<div class=\"elementor-widget-container\">\n\t\t\t<div class=\"vc_custom_heading  consulting_heading_font  text_align_left title_no_stripe\" ><h4 style=\"font-size: 16px;color: #ffffff;text-align: left;font-weight:700\" class=\"consulting-custom-title\">Comment pouvons-nous vous aider?\n<\/h4><\/div>\t\t<\/div>\n\t\t\t\t<\/div>\n\t\t\t\t<div class=\"elementor-element elementor-element-090fe92 elementor-widget elementor-widget-text-editor\" data-id=\"090fe92\" data-element_type=\"widget\" data-widget_type=\"text-editor.default\">\n\t\t\t\t<div class=\"elementor-widget-container\">\n\t\t\t\t\t\t\t<p><span style=\"font-size: 13px; line-height: 22px; color: #ffffff;\">Contact us at the Consulting WP office nearest to you or submit a business inquiry online.<\/span><\/p>\n\t\t\t\t\t\t<\/div>\n\t\t\t\t<\/div>\n\t\t\t\t<div class=\"elementor-element elementor-element-0910108 elementor-widget__width-auto elementor-widget elementor-widget-button\" data-id=\"0910108\" data-element_type=\"widget\" data-widget_type=\"button.default\">\n\t\t\t\t<div class=\"elementor-widget-container\">\n\t\t\t\t\t<div class=\"elementor-button-wrapper icon_align_\">\n\t\t\t<a class=\"elementor-button elementor-button-link elementor-size-sm\" href=\"#\">\n\t\t\t\t\t\t<span class=\"elementor-button-content-wrapper\">\n\t\t\t\t\t\t<span class=\"elementor-button-icon\">\n\t\t\t\t<i aria-hidden=\"true\" class=\"fa fa-phone-square\"><\/i>\t\t\t<\/span>\n\t\t\t\t\t\t\t\t\t<span class=\"elementor-button-text\">contacts<\/span>\n\t\t\t\t\t<\/span>\n\t\t\t\t\t<\/a>\n\t\t<\/div>\n\t\t\t\t<\/div>\n\t\t\t\t<\/div>\n\t\t\t\t\t<\/div>\n\t\t<\/div>\n\t\t\t\t\t<\/div>\n\t\t<\/section>\n\t\t\t\t<section class=\"elementor-section elementor-top-section elementor-element elementor-element-0910a59 elementor-section-boxed elementor-section-height-default elementor-section-height-default\" data-id=\"0910a59\" data-element_type=\"section\">\n\t\t\t\t\t\t<div class=\"elementor-container elementor-column-gap-default\">\n\t\t\t\t\t<div class=\"elementor-column elementor-col-100 elementor-top-column elementor-element elementor-element-091104c\" data-id=\"091104c\" data-element_type=\"column\">\n\t\t\t<div class=\"elementor-widget-wrap elementor-element-populated\">\n\t\t\t\t\t\t<div class=\"elementor-element elementor-element-09114fd elementor-widget elementor-widget-stm_testimonials\" data-id=\"09114fd\" data-element_type=\"widget\" data-widget_type=\"stm_testimonials.default\">\n\t\t\t\t<div class=\"elementor-widget-container\">\n\t\t\t\n\n\t\n\t\t\t<\/div>\n\t\t\t\t<\/div>\n\t\t\t\t\t<\/div>\n\t\t<\/div>\n\t\t\t\t\t<\/div>\n\t\t<\/section>\n\t\t\t\t<\/div>\n\t\t    \n<\/div>\t\t<\/div>\n\t\t\t\t<\/div>\n\t\t\t\t\t<\/div>\n\t\t<\/div>\n\t\t\t\t\t<\/div>\n\t\t<\/section>\n\t\t\t\t<section class=\"elementor-section elementor-top-section elementor-element elementor-element-19591a7 third_bg_color elementor-section-boxed elementor-section-height-default elementor-section-height-default\" data-id=\"19591a7\" data-element_type=\"section\" data-settings=\"{&quot;background_background&quot;:&quot;classic&quot;}\">\n\t\t\t\t\t\t<div class=\"elementor-container elementor-column-gap-default\">\n\t\t\t\t\t<div class=\"elementor-column elementor-col-100 elementor-top-column elementor-element elementor-element-1959a2c\" data-id=\"1959a2c\" data-element_type=\"column\">\n\t\t\t<div class=\"elementor-widget-wrap elementor-element-populated\">\n\t\t\t\t\t\t<div class=\"elementor-element elementor-element-1959e73 elementor-widget elementor-widget-vc_cta\" data-id=\"1959e73\" data-element_type=\"widget\" data-widget_type=\"vc_cta.default\">\n\t\t\t\t<div class=\"elementor-widget-container\">\n\t\t\t\n<div class=\"ce_cta ce_cta_d1072281c344af13994399d9f4c5b591 ce_text_left third_bg_color add_button_right btn_align_right btn_button_block_true btn_has_icon btn_has_icon_on_the_right\" id=\"\">\n\t<div class=\"ce_cta__content\">\n\t\t<div class=\"ce_cta__content__header\">\n\t\t\t<h2  class='ce_cta__content__title'>Pr\u00eat pour des solutions collaboratives?<\/h2>\t\t<\/div>\n\t\t\t<\/div>\n\n\t\t<div class=\"ce_cta__action\">\n\t\t<a\n\t\t\thref=\"#\"\n\t\t\t\t\t\ttarget=\"_self\"\n\t\t\tclass=\"button\">\n\t\t\t<span>Contactez-nous<\/span>\n\t\t\t\t\t\t<i class=\"fa fa-chevron-right\"><\/i>\n\t\t\t\t\t<\/a>\n\t<\/div>\n\t<\/div>\n\t\t<\/div>\n\t\t\t\t<\/div>\n\t\t\t\t\t<\/div>\n\t\t<\/div>\n\t\t\t\t\t<\/div>\n\t\t<\/section>\n\t\t\t\t<\/div>","protected":false},"excerpt":{"rendered":"<p>Bridging Cultures, Building Understanding \u00a0 Archipel Research and Consulting is an Indigenous-owned company headquartered in the National Capital Region, with research associates based coast to coast to coast in both Canada and the USA. We bring together a diverse team with the intention of bridging worlds of knowledge. Archipel\u2019s team members have years of experience<\/p>","protected":false},"author":1,"featured_media":0,"parent":0,"menu_order":0,"comment_status":"closed","ping_status":"closed","template":"","meta":{"footnotes":""},"class_list":["post-5835","page","type-page","status-publish","hentry"],"_links":{"self":[{"href":"https:\/\/archipelresearch.com\/2024\/fr\/wp-json\/wp\/v2\/pages\/5835","targetHints":{"allow":["GET"]}}],"collection":[{"href":"https:\/\/archipelresearch.com\/2024\/fr\/wp-json\/wp\/v2\/pages"}],"about":[{"href":"https:\/\/archipelresearch.com\/2024\/fr\/wp-json\/wp\/v2\/types\/page"}],"author":[{"embeddable":true,"href":"https:\/\/archipelresearch.com\/2024\/fr\/wp-json\/wp\/v2\/users\/1"}],"replies":[{"embeddable":true,"href":"https:\/\/archipelresearch.com\/2024\/fr\/wp-json\/wp\/v2\/comments?post=5835"}],"version-history":[{"count":34,"href":"https:\/\/archipelresearch.com\/2024\/fr\/wp-json\/wp\/v2\/pages\/5835\/revisions"}],"predecessor-version":[{"id":8663,"href":"https:\/\/archipelresearch.com\/2024\/fr\/wp-json\/wp\/v2\/pages\/5835\/revisions\/8663"}],"wp:attachment":[{"href":"https:\/\/archipelresearch.com\/2024\/fr\/wp-json\/wp\/v2\/media?parent=5835"}],"curies":[{"name":"wp","href":"https:\/\/api.w.org\/{rel}","templated":true}]}}