{"id":6228,"date":"2019-11-25T09:36:27","date_gmt":"2019-11-25T09:36:27","guid":{"rendered":"http:\/\/consulting.stylemixthemes.com\/demo\/?page_id=6228"},"modified":"2024-07-28T05:09:22","modified_gmt":"2024-07-28T05:09:22","slug":"services-list","status":"publish","type":"page","link":"https:\/\/archipelresearch.com\/2024\/fr\/services-list","title":{"rendered":"Services List"},"content":{"rendered":"<div data-elementor-type=\"wp-page\" data-elementor-id=\"6228\" class=\"elementor elementor-6228 elementor-bc-flex-widget\">\n\t\t\t\t\t\t<section class=\"elementor-section elementor-top-section elementor-element elementor-element-ba2fd4d elementor-section-boxed elementor-section-height-default elementor-section-height-default\" data-id=\"ba2fd4d\" data-element_type=\"section\">\n\t\t\t\t\t\t<div class=\"elementor-container elementor-column-gap-default\">\n\t\t\t\t\t<div class=\"elementor-column elementor-col-66 elementor-top-column elementor-element elementor-element-ba301fc\" data-id=\"ba301fc\" data-element_type=\"column\">\n\t\t\t<div class=\"elementor-widget-wrap elementor-element-populated\">\n\t\t\t\t\t\t<div class=\"elementor-element elementor-element-ba30515 elementor-widget elementor-widget-stm_services\" data-id=\"ba30515\" data-element_type=\"widget\" data-widget_type=\"stm_services.default\">\n\t\t\t\t<div class=\"elementor-widget-container\">\n\t\t\t\n    <div class=\"stm_services consulting_elementor_services style_5 cols_4\">\n                    <div class=\"item\">\n                <div class=\"item_wr\">\n                                                                    <div class=\"item_thumbnail\">\n                            <a href=\"https:\/\/archipelresearch.com\/2024\/fr\/service\/research-excellence\"><img src='https:\/\/archipelresearch.com\/2024\/wp-content\/uploads\/elementor\/thumbs\/research-qrvyzn6avlla3ht55oladtarwmntkkavsabddor5b8.jpg' alt='' \/><\/a>\n                        <\/div>\n                                        <div class=\"item_info\">\n                        <a href=\"https:\/\/archipelresearch.com\/2024\/fr\/service\/research-excellence\" class=\"base_font_color text_decoration_none\">\n                            <h5 class=\"secondary_font_color_hv\">Excellence de la recherche<\/h5>\n                        <\/a>\n                        <div class=\"item_description\">\n                            Nous nous sp\u00e9cialisons dans la r\u00e9alisation de projets de recherche qualitatifs et quantitatifs fond\u00e9s sur des m\u00e9thodologies autochtones, d\u00e9colonisatrices et f\u00e9ministes noires intersectionnelles, ainsi que sur les principes de propri\u00e9t\u00e9, de contr\u00f4le, d'acc\u00e8s et de possession (PCAP\u00ae) et d'analyse comparative entre les sexes Plus (ACS Plus) des Premi\u00e8res nations.                        <\/div>\n                        <a href=\"https:\/\/archipelresearch.com\/2024\/fr\/service\/research-excellence\" class=\"read_more\"><i class=\"stm-lnr-arrow-right third_bg_color\"><\/i>Read more                        <\/a>\n                    <\/div>\n                <\/div>\n            <\/div>\n                    <div class=\"item\">\n                <div class=\"item_wr\">\n                                                                    <div class=\"item_thumbnail\">\n                            <a href=\"https:\/\/archipelresearch.com\/2024\/fr\/service\/inclusive-marketing-communication\"><img src='https:\/\/archipelresearch.com\/2024\/wp-content\/uploads\/elementor\/thumbs\/marketing-qrvz27ahhd3dpa3c7seq661y4e1siwgksy8yesykdg.jpg' alt='' \/><\/a>\n                        <\/div>\n                                        <div class=\"item_info\">\n                        <a href=\"https:\/\/archipelresearch.com\/2024\/fr\/service\/inclusive-marketing-communication\" class=\"base_font_color text_decoration_none\">\n                            <h5 class=\"secondary_font_color_hv\">Marketing et Communication Inclusifs<\/h5>\n                        <\/a>\n                        <div class=\"item_description\">\n                            En tant que consultants experts en marketing inclusif, nous comprenons les subtilit\u00e9s d'une repr\u00e9sentation diversifi\u00e9e. Nos strat\u00e9gies sont con\u00e7ues pour cr\u00e9er des communications plus inclusives et plus efficaces                        <\/div>\n                        <a href=\"https:\/\/archipelresearch.com\/2024\/fr\/service\/inclusive-marketing-communication\" class=\"read_more\"><i class=\"stm-lnr-arrow-right third_bg_color\"><\/i>Read more                        <\/a>\n                    <\/div>\n                <\/div>\n            <\/div>\n                    <div class=\"item\">\n                <div class=\"item_wr\">\n                                                                    <div class=\"item_thumbnail\">\n                            <a href=\"https:\/\/archipelresearch.com\/2024\/fr\/service\/training-education\"><img src='https:\/\/archipelresearch.com\/2024\/wp-content\/uploads\/elementor\/thumbs\/training-qrvz5c349hdsehjhx55yhdl9emlu6kwd8gj800bbms.jpg' alt='' \/><\/a>\n                        <\/div>\n                                        <div class=\"item_info\">\n                        <a href=\"https:\/\/archipelresearch.com\/2024\/fr\/service\/training-education\" class=\"base_font_color text_decoration_none\">\n                            <h5 class=\"secondary_font_color_hv\">Formation et \u00c9ducation<\/h5>\n                        <\/a>\n                        <div class=\"item_description\">\n                            Nous proposons des formations personnalis\u00e9es sur les cultures autochtones, la lutte contre le racisme et l'\u00e9quit\u00e9. Nos animateurs apportent leur exp\u00e9rience du monde r\u00e9el et des m\u00e9thodes d'enseignement inclusives pour aider les organisations \u00e0 se sensibiliser.                        <\/div>\n                        <a href=\"https:\/\/archipelresearch.com\/2024\/fr\/service\/training-education\" class=\"read_more\"><i class=\"stm-lnr-arrow-right third_bg_color\"><\/i>Read more                        <\/a>\n                    <\/div>\n                <\/div>\n            <\/div>\n                    <div class=\"item\">\n                <div class=\"item_wr\">\n                                                                    <div class=\"item_thumbnail\">\n                            <a href=\"https:\/\/archipelresearch.com\/2024\/fr\/service\/evaluation-planning\"><img src='https:\/\/archipelresearch.com\/2024\/wp-content\/uploads\/elementor\/thumbs\/eval-qrvyyu1azqhe3kzgvtzuqinhhonfxy37ca3bi3yco4.jpg' alt='' \/><\/a>\n                        <\/div>\n                                        <div class=\"item_info\">\n                        <a href=\"https:\/\/archipelresearch.com\/2024\/fr\/service\/evaluation-planning\" class=\"base_font_color text_decoration_none\">\n                            <h5 class=\"secondary_font_color_hv\">\u00c9valuation et Planification<\/h5>\n                        <\/a>\n                        <div class=\"item_description\">\n                            Nous fournissons des \u00e9valuations personnalis\u00e9es des pratiques, des politiques et des programmes organisationnels afin d'identifier les obstacles et les possibilit\u00e9s de faire progresser des priorit\u00e9s distinctes.                        <\/div>\n                        <a href=\"https:\/\/archipelresearch.com\/2024\/fr\/service\/evaluation-planning\" class=\"read_more\"><i class=\"stm-lnr-arrow-right third_bg_color\"><\/i>Read more                        <\/a>\n                    <\/div>\n                <\/div>\n            <\/div>\n                    <div class=\"item\">\n                <div class=\"item_wr\">\n                                                                    <div class=\"item_thumbnail\">\n                            <a href=\"https:\/\/archipelresearch.com\/2024\/fr\/service\/translation\"><img src='https:\/\/archipelresearch.com\/2024\/wp-content\/uploads\/elementor\/thumbs\/translations-qrvzb8in61glacyxgozn4vzfnpisi6bpdnyygjkckk.jpg' alt='' \/><\/a>\n                        <\/div>\n                                        <div class=\"item_info\">\n                        <a href=\"https:\/\/archipelresearch.com\/2024\/fr\/service\/translation\" class=\"base_font_color text_decoration_none\">\n                            <h5 class=\"secondary_font_color_hv\">Traduction<\/h5>\n                        <\/a>\n                        <div class=\"item_description\">\n                            Nous sommes experts dans les subtilit\u00e9s locales de la langue, particuli\u00e8rement en ce qui concerne l'anglais canadien, le fran\u00e7ais canadien et les langues autochtones du Canada.                         <\/div>\n                        <a href=\"https:\/\/archipelresearch.com\/2024\/fr\/service\/translation\" class=\"read_more\"><i class=\"stm-lnr-arrow-right third_bg_color\"><\/i>Read more                        <\/a>\n                    <\/div>\n                <\/div>\n            <\/div>\n                    <div class=\"item\">\n                <div class=\"item_wr\">\n                                                                    <div class=\"item_thumbnail\">\n                            <a href=\"https:\/\/archipelresearch.com\/2024\/fr\/service\/consulting\"><img src='https:\/\/archipelresearch.com\/2024\/wp-content\/uploads\/elementor\/thumbs\/portfolio-4-3-qrre1lf05sulhr5n6xfqo9cpqyjr0enrdo8yox5p5w.jpg' alt='' \/><\/a>\n                        <\/div>\n                                        <div class=\"item_info\">\n                        <a href=\"https:\/\/archipelresearch.com\/2024\/fr\/service\/consulting\" class=\"base_font_color text_decoration_none\">\n                            <h5 class=\"secondary_font_color_hv\">Consultance<\/h5>\n                        <\/a>\n                        <div class=\"item_description\">\n                            Archipel offre un large \u00e9ventail de comp\u00e9tences pour fournir des conseils strat\u00e9giques adapt\u00e9s aux besoins de ses clients. Notre \u00e9quipe polyvalente fournit des services de consultation urgents et \u00e0 long terme, enti\u00e8rement personnalis\u00e9s pour r\u00e9pondre aux exigences uniques de chaque organisation avec laquelle nous travaillons.                        <\/div>\n                        <a href=\"https:\/\/archipelresearch.com\/2024\/fr\/service\/consulting\" class=\"read_more\"><i class=\"stm-lnr-arrow-right third_bg_color\"><\/i>Read more                        <\/a>\n                    <\/div>\n                <\/div>\n            <\/div>\n                    <div class=\"item\">\n                <div class=\"item_wr\">\n                                                                    <div class=\"item_thumbnail\">\n                            <a href=\"https:\/\/archipelresearch.com\/2024\/fr\/service\/speaking-events\"><img src='https:\/\/archipelresearch.com\/2024\/wp-content\/uploads\/elementor\/thumbs\/portfolio-5-3-qrre1lf05sulhr5n6xfqo9cpqyjr0enrdo8yox5p5w.jpg' alt='' \/><\/a>\n                        <\/div>\n                                        <div class=\"item_info\">\n                        <a href=\"https:\/\/archipelresearch.com\/2024\/fr\/service\/speaking-events\" class=\"base_font_color text_decoration_none\">\n                            <h5 class=\"secondary_font_color_hv\">Conf\u00e9rence et \u00c9v\u00e9nements<\/h5>\n                        <\/a>\n                        <div class=\"item_description\">\n                            Les membres de l'\u00e9quipe d'Archipel sont des conf\u00e9renciers d'honneur exp\u00e9riment\u00e9s et recherch\u00e9s qui m\u00e8nent des conversations percutantes sur la r\u00e9conciliation, l'\u00e9quit\u00e9, la diversit\u00e9 et l'inclusion.                        <\/div>\n                        <a href=\"https:\/\/archipelresearch.com\/2024\/fr\/service\/speaking-events\" class=\"read_more\"><i class=\"stm-lnr-arrow-right third_bg_color\"><\/i>Read more                        <\/a>\n                    <\/div>\n                <\/div>\n            <\/div>\n            <\/div>\n\t\t<\/div>\n\t\t\t\t<\/div>\n\t\t\t\t\t<\/div>\n\t\t<\/div>\n\t\t\t\t<div class=\"elementor-column elementor-col-33 elementor-top-column elementor-element elementor-element-ba305ce\" data-id=\"ba305ce\" data-element_type=\"column\">\n\t\t\t<div class=\"elementor-widget-wrap elementor-element-populated\">\n\t\t\t\t\t\t<div class=\"elementor-element elementor-element-ba30923 elementor-widget elementor-widget-stm_sidebar\" data-id=\"ba30923\" data-element_type=\"widget\" data-widget_type=\"stm_sidebar.default\">\n\t\t\t\t<div class=\"elementor-widget-container\">\n\t\t\t\n<div class=\"stm_sidebar consulting_elementor_sidebar\">\n\n            \t\t<div data-elementor-type=\"wp-post\" data-elementor-id=\"577\" class=\"elementor elementor-577\">\n\t\t\t\t\t\t<section class=\"elementor-section elementor-top-section elementor-element elementor-element-a7c9d69 elementor-section-boxed elementor-section-height-default elementor-section-height-default\" data-id=\"a7c9d69\" data-element_type=\"section\">\n\t\t\t\t\t\t<div class=\"elementor-container elementor-column-gap-default\">\n\t\t\t\t\t<div class=\"elementor-column elementor-col-100 elementor-top-column elementor-element elementor-element-a7ca28a\" data-id=\"a7ca28a\" data-element_type=\"column\">\n\t\t\t<div class=\"elementor-widget-wrap elementor-element-populated\">\n\t\t\t\t\t\t<div class=\"elementor-element elementor-element-a7ca66b elementor-widget elementor-widget-wp-widget-nav_menu\" data-id=\"a7ca66b\" data-element_type=\"widget\" data-widget_type=\"wp-widget-nav_menu.default\">\n\t\t\t\t<div class=\"elementor-widget-container\">\n\t\t\t<aside class='widget widget_nav_menu'><div class=\"menu-sidebar-menu-2-container\"><ul id=\"menu-sidebar-menu-2\" class=\"menu\"><li id=\"menu-item-8618\" class=\"menu-item menu-item-type-post_type menu-item-object-stm_service menu-item-8618\"><a href=\"https:\/\/archipelresearch.com\/2024\/fr\/service\/research-excellence\">Excellence de la recherche<\/a><\/li>\n<li id=\"menu-item-8619\" class=\"menu-item menu-item-type-post_type menu-item-object-stm_service menu-item-8619\"><a href=\"https:\/\/archipelresearch.com\/2024\/fr\/service\/inclusive-marketing-communication\">Marketing et Communication Inclusifs<\/a><\/li>\n<li id=\"menu-item-8620\" class=\"menu-item menu-item-type-post_type menu-item-object-stm_service menu-item-8620\"><a href=\"https:\/\/archipelresearch.com\/2024\/fr\/service\/training-education\">Formation et \u00c9ducation<\/a><\/li>\n<li id=\"menu-item-8621\" class=\"menu-item menu-item-type-post_type menu-item-object-stm_service menu-item-8621\"><a href=\"https:\/\/archipelresearch.com\/2024\/fr\/service\/evaluation-planning\">\u00c9valuation et Planification<\/a><\/li>\n<li id=\"menu-item-8622\" class=\"menu-item menu-item-type-post_type menu-item-object-stm_service menu-item-8622\"><a href=\"https:\/\/archipelresearch.com\/2024\/fr\/service\/translation\">Traduction<\/a><\/li>\n<li id=\"menu-item-8623\" class=\"menu-item menu-item-type-post_type menu-item-object-stm_service menu-item-8623\"><a href=\"https:\/\/archipelresearch.com\/2024\/fr\/service\/consulting\">Consultance<\/a><\/li>\n<li id=\"menu-item-8624\" class=\"menu-item menu-item-type-post_type menu-item-object-stm_service menu-item-8624\"><a href=\"https:\/\/archipelresearch.com\/2024\/fr\/service\/speaking-events\">Conf\u00e9rence et \u00c9v\u00e9nements<\/a><\/li>\n<\/ul><\/div><\/aside>\t\t<\/div>\n\t\t\t\t<\/div>\n\t\t\t\t<div class=\"elementor-element elementor-element-a7caa7c elementor-align-left elementor-widget elementor-widget-button\" data-id=\"a7caa7c\" data-element_type=\"widget\" data-widget_type=\"button.default\">\n\t\t\t\t<div class=\"elementor-widget-container\">\n\t\t\t\t\t<div class=\"elementor-button-wrapper icon_align_  button_block\">\n\t\t\t<a class=\"elementor-button elementor-button-link elementor-size-lg\" href=\"#\">\n\t\t\t\t\t\t<span class=\"elementor-button-content-wrapper\">\n\t\t\t\t\t\t<span class=\"elementor-button-icon\">\n\t\t\t\t<i aria-hidden=\"true\" class=\"fa fa-file-pdf-o\"><\/i>\t\t\t<\/span>\n\t\t\t\t\t\t\t\t\t<span class=\"elementor-button-text\">Profil de l'entreprise<\/span>\n\t\t\t\t\t<\/span>\n\t\t\t\t\t<\/a>\n\t\t<\/div>\n\t\t\t\t<\/div>\n\t\t\t\t<\/div>\n\t\t\t\t\t<\/div>\n\t\t<\/div>\n\t\t\t\t\t<\/div>\n\t\t<\/section>\n\t\t\t\t<section class=\"elementor-section elementor-top-section elementor-element elementor-element-a7cb738 third_bg_color elementor-section-boxed elementor-section-height-default elementor-section-height-default\" data-id=\"a7cb738\" data-element_type=\"section\" data-settings=\"{&quot;background_background&quot;:&quot;classic&quot;}\">\n\t\t\t\t\t\t<div class=\"elementor-container elementor-column-gap-default\">\n\t\t\t\t\t<div class=\"elementor-column elementor-col-100 elementor-top-column elementor-element elementor-element-a7cbb6d\" data-id=\"a7cbb6d\" data-element_type=\"column\" data-settings=\"{&quot;background_background&quot;:&quot;classic&quot;}\">\n\t\t\t<div class=\"elementor-widget-wrap elementor-element-populated\">\n\t\t\t\t\t\t<div class=\"elementor-element elementor-element-a7cbe85 elementor-widget elementor-widget-vc_custom_heading\" data-id=\"a7cbe85\" data-element_type=\"widget\" data-widget_type=\"vc_custom_heading.default\">\n\t\t\t\t<div class=\"elementor-widget-container\">\n\t\t\t<div class=\"vc_custom_heading  consulting_heading_font  text_align_left title_no_stripe\" ><h4 style=\"font-size: 16px;color: #FFFFFF;text-align: left;font-weight:700\" class=\"consulting-custom-title\">Comment pouvons-nous vous accompagner dans votre d\u00e9marche?\n<\/h4><\/div>\t\t<\/div>\n\t\t\t\t<\/div>\n\t\t\t\t<div class=\"elementor-element elementor-element-a7cc151 elementor-widget elementor-widget-text-editor\" data-id=\"a7cc151\" data-element_type=\"widget\" data-widget_type=\"text-editor.default\">\n\t\t\t\t<div class=\"elementor-widget-container\">\n\t\t\t\t\t\t\t<p><span style=\"font-size: 13px; line-height: 22px; color: #ffffff;\">Contactez-nous pour discuter de votre projet ou soumettez une demande via notre site Web.<\/span><\/p>\n\t\t\t\t\t\t<\/div>\n\t\t\t\t<\/div>\n\t\t\t\t<div class=\"elementor-element elementor-element-a7cc353 elementor-widget__width-auto elementor-widget elementor-widget-button\" data-id=\"a7cc353\" data-element_type=\"widget\" data-widget_type=\"button.default\">\n\t\t\t\t<div class=\"elementor-widget-container\">\n\t\t\t\t\t<div class=\"elementor-button-wrapper icon_align_\">\n\t\t\t<a class=\"elementor-button elementor-button-link elementor-size-sm\" href=\"#\">\n\t\t\t\t\t\t<span class=\"elementor-button-content-wrapper\">\n\t\t\t\t\t\t<span class=\"elementor-button-icon\">\n\t\t\t\t<i aria-hidden=\"true\" class=\"fa fa-phone-square\"><\/i>\t\t\t<\/span>\n\t\t\t\t\t\t\t\t\t<span class=\"elementor-button-text\">contacts<\/span>\n\t\t\t\t\t<\/span>\n\t\t\t\t\t<\/a>\n\t\t<\/div>\n\t\t\t\t<\/div>\n\t\t\t\t<\/div>\n\t\t\t\t\t<\/div>\n\t\t<\/div>\n\t\t\t\t\t<\/div>\n\t\t<\/section>\n\t\t\t\t<section class=\"elementor-section elementor-top-section elementor-element elementor-element-a7ccb57 elementor-section-boxed elementor-section-height-default elementor-section-height-default\" data-id=\"a7ccb57\" data-element_type=\"section\" data-settings=\"{&quot;background_background&quot;:&quot;classic&quot;}\">\n\t\t\t\t\t\t<div class=\"elementor-container elementor-column-gap-default\">\n\t\t\t\t\t<div class=\"elementor-column elementor-col-100 elementor-top-column elementor-element elementor-element-a7ccfd2\" data-id=\"a7ccfd2\" data-element_type=\"column\">\n\t\t\t<div class=\"elementor-widget-wrap elementor-element-populated\">\n\t\t\t\t\t\t<div class=\"elementor-element elementor-element-a7cd35a elementor-widget elementor-widget-stm_testimonials\" data-id=\"a7cd35a\" data-element_type=\"widget\" data-widget_type=\"stm_testimonials.default\">\n\t\t\t\t<div class=\"elementor-widget-container\">\n\t\t\t\n\n\t\n\t\t\t<\/div>\n\t\t\t\t<\/div>\n\t\t\t\t\t<\/div>\n\t\t<\/div>\n\t\t\t\t\t<\/div>\n\t\t<\/section>\n\t\t\t\t<\/div>\n\t\t    \n<\/div>\t\t<\/div>\n\t\t\t\t<\/div>\n\t\t\t\t\t<\/div>\n\t\t<\/div>\n\t\t\t\t\t<\/div>\n\t\t<\/section>\n\t\t\t\t<\/div>","protected":false},"excerpt":{"rendered":"<p>[vc_row][vc_column width=&#8221;2\/3&#8243;][stm_services posts_per_page=&#8221;12&#8243; img_size=&#8221;260&#215;170&#8243; style=&#8221;style_5&#8243;][\/vc_column][vc_column width=&#8221;1\/3&#8243;][stm_sidebar sidebar=&#8221;577&#8243;][\/vc_column][\/vc_row]<\/p>","protected":false},"author":1,"featured_media":0,"parent":0,"menu_order":0,"comment_status":"closed","ping_status":"closed","template":"","meta":{"footnotes":""},"class_list":["post-6228","page","type-page","status-publish","hentry"],"_links":{"self":[{"href":"https:\/\/archipelresearch.com\/2024\/fr\/wp-json\/wp\/v2\/pages\/6228","targetHints":{"allow":["GET"]}}],"collection":[{"href":"https:\/\/archipelresearch.com\/2024\/fr\/wp-json\/wp\/v2\/pages"}],"about":[{"href":"https:\/\/archipelresearch.com\/2024\/fr\/wp-json\/wp\/v2\/types\/page"}],"author":[{"embeddable":true,"href":"https:\/\/archipelresearch.com\/2024\/fr\/wp-json\/wp\/v2\/users\/1"}],"replies":[{"embeddable":true,"href":"https:\/\/archipelresearch.com\/2024\/fr\/wp-json\/wp\/v2\/comments?post=6228"}],"version-history":[{"count":1,"href":"https:\/\/archipelresearch.com\/2024\/fr\/wp-json\/wp\/v2\/pages\/6228\/revisions"}],"predecessor-version":[{"id":7148,"href":"https:\/\/archipelresearch.com\/2024\/fr\/wp-json\/wp\/v2\/pages\/6228\/revisions\/7148"}],"wp:attachment":[{"href":"https:\/\/archipelresearch.com\/2024\/fr\/wp-json\/wp\/v2\/media?parent=6228"}],"curies":[{"name":"wp","href":"https:\/\/api.w.org\/{rel}","templated":true}]}}