{"id":1027,"date":"2020-07-25T07:12:48","date_gmt":"2020-07-25T07:12:48","guid":{"rendered":"https:\/\/archipelresearch.com\/?page_id=1027"},"modified":"2023-02-20T00:36:44","modified_gmt":"2023-02-20T00:36:44","slug":"nous-contacter-2","status":"publish","type":"page","link":"https:\/\/archipelresearch.com\/fr\/nous-contacter-2\/","title":{"rendered":"Nous Contacter"},"content":{"rendered":"\t\t<div data-elementor-type=\"wp-post\" data-elementor-id=\"1027\" class=\"elementor elementor-1027\">\n\t\t\t\t\t\t<section class=\"elementor-section elementor-top-section elementor-element elementor-element-f5e00af elementor-section-stretched elementor-section-content-top elementor-section-boxed elementor-section-height-default elementor-section-height-default\" data-id=\"f5e00af\" data-element_type=\"section\" data-settings=\"{&quot;stretch_section&quot;:&quot;section-stretched&quot;}\">\n\t\t\t\t\t\t<div class=\"elementor-container elementor-column-gap-no\">\n\t\t\t\t\t<div class=\"elementor-column elementor-col-100 elementor-top-column elementor-element elementor-element-aa27e85\" data-id=\"aa27e85\" data-element_type=\"column\" data-settings=\"{&quot;background_background&quot;:&quot;classic&quot;}\">\n\t\t\t<div class=\"elementor-widget-wrap elementor-element-populated\">\n\t\t\t\t\t\t<div class=\"elementor-element elementor-element-b3a33bd elementor-widget elementor-widget-heading\" data-id=\"b3a33bd\" data-element_type=\"widget\" data-widget_type=\"heading.default\">\n\t\t\t\t<div class=\"elementor-widget-container\">\n\t\t\t\t\t<h4 class=\"elementor-heading-title elementor-size-default\">SE METTRE EN CONTACT<\/h4>\t\t\t\t<\/div>\n\t\t\t\t<\/div>\n\t\t\t\t<div class=\"elementor-element elementor-element-e83cefa elementor-widget elementor-widget-heading\" data-id=\"e83cefa\" data-element_type=\"widget\" data-widget_type=\"heading.default\">\n\t\t\t\t<div class=\"elementor-widget-container\">\n\t\t\t\t\t<h2 class=\"elementor-heading-title elementor-size-default\"><span style=\"font-weight:normal\"><p dir=\"ltr\" style=\"line-height:1.3800000000000001;margin-top:0pt;margin-bottom:10pt\"><span style=\"letter-spacing: 0px;font-weight: 700\">Nous aimerions avoir de vos nouvelles\n<\/span><span style=\"letter-spacing: 0px;font-weight: 700\"><\/span><\/p><\/span><\/h2>\t\t\t\t<\/div>\n\t\t\t\t<\/div>\n\t\t\t\t<section class=\"elementor-section elementor-inner-section elementor-element elementor-element-6be6d5f elementor-section-content-top elementor-section-boxed elementor-section-height-default elementor-section-height-default\" data-id=\"6be6d5f\" data-element_type=\"section\">\n\t\t\t\t\t\t<div class=\"elementor-container elementor-column-gap-no\">\n\t\t\t\t\t<div class=\"elementor-column elementor-col-33 elementor-inner-column elementor-element elementor-element-ff45831\" data-id=\"ff45831\" data-element_type=\"column\">\n\t\t\t<div class=\"elementor-widget-wrap elementor-element-populated\">\n\t\t\t\t\t\t<div class=\"elementor-element elementor-element-f2e4725 elementor-position-left elementor-view-default elementor-mobile-position-top elementor-vertical-align-top elementor-widget elementor-widget-icon-box\" data-id=\"f2e4725\" data-element_type=\"widget\" data-widget_type=\"icon-box.default\">\n\t\t\t\t<div class=\"elementor-widget-container\">\n\t\t\t\t\t\t\t<div class=\"elementor-icon-box-wrapper\">\n\n\t\t\t\t\t\t<div class=\"elementor-icon-box-icon\">\n\t\t\t\t<span  class=\"elementor-icon\">\n\t\t\t\t<i class=\"lexus-icon-location\" aria-hidden=\"true\"><\/i>\t\t\t\t<\/span>\n\t\t\t<\/div>\n\t\t\t\n\t\t\t\t\t\t<div class=\"elementor-icon-box-content\">\n\n\t\t\t\t\t\t\t\t\t<h3 class=\"elementor-icon-box-title\">\n\t\t\t\t\t\t<span  >\n\t\t\t\t\t\t\tEmplacement\t\t\t\t\t\t<\/span>\n\t\t\t\t\t<\/h3>\n\t\t\t\t\n\t\t\t\t\t\t\t\t\t<p class=\"elementor-icon-box-description\">\n\t\t\t\t\t\tOttawa, Ontario\t\t\t\t\t<\/p>\n\t\t\t\t\n\t\t\t<\/div>\n\t\t\t\n\t\t<\/div>\n\t\t\t\t\t\t<\/div>\n\t\t\t\t<\/div>\n\t\t\t\t<div class=\"elementor-element elementor-element-766f8e9 elementor-position-left elementor-view-default elementor-mobile-position-top elementor-vertical-align-top elementor-widget elementor-widget-icon-box\" data-id=\"766f8e9\" data-element_type=\"widget\" data-widget_type=\"icon-box.default\">\n\t\t\t\t<div class=\"elementor-widget-container\">\n\t\t\t\t\t\t\t<div class=\"elementor-icon-box-wrapper\">\n\n\t\t\t\t\t\t<div class=\"elementor-icon-box-icon\">\n\t\t\t\t<span  class=\"elementor-icon\">\n\t\t\t\t<i class=\"lexus-icon-email_us\" aria-hidden=\"true\"><\/i>\t\t\t\t<\/span>\n\t\t\t<\/div>\n\t\t\t\n\t\t\t\t\t\t<div class=\"elementor-icon-box-content\">\n\n\t\t\t\t\t\t\t\t\t<h3 class=\"elementor-icon-box-title\">\n\t\t\t\t\t\t<span  >\n\t\t\t\t\t\t\tEnvoyez-nous un email\t\t\t\t\t\t<\/span>\n\t\t\t\t\t<\/h3>\n\t\t\t\t\n\t\t\t\t\t\t\t\t\t<p class=\"elementor-icon-box-description\">\n\t\t\t\t\t\tinfo@archipelresearch.com\t\t\t\t\t<\/p>\n\t\t\t\t\n\t\t\t<\/div>\n\t\t\t\n\t\t<\/div>\n\t\t\t\t\t\t<\/div>\n\t\t\t\t<\/div>\n\t\t\t\t\t<\/div>\n\t\t<\/div>\n\t\t\t\t<div class=\"elementor-column elementor-col-66 elementor-inner-column elementor-element elementor-element-99410c7\" data-id=\"99410c7\" data-element_type=\"column\">\n\t\t\t<div class=\"elementor-widget-wrap elementor-element-populated\">\n\t\t\t\t\t\t<div class=\"elementor-element elementor-element-760799c elementor-position-left elementor-view-default elementor-mobile-position-top elementor-vertical-align-top elementor-widget elementor-widget-icon-box\" data-id=\"760799c\" data-element_type=\"widget\" data-widget_type=\"icon-box.default\">\n\t\t\t\t<div class=\"elementor-widget-container\">\n\t\t\t\t\t\t\t<div class=\"elementor-icon-box-wrapper\">\n\n\t\t\t\t\t\t<div class=\"elementor-icon-box-icon\">\n\t\t\t\t<span  class=\"elementor-icon\">\n\t\t\t\t<i class=\"fa fa-clock-o\" aria-hidden=\"true\"><\/i>\t\t\t\t<\/span>\n\t\t\t<\/div>\n\t\t\t\n\t\t\t\t\t\t<div class=\"elementor-icon-box-content\">\n\n\t\t\t\t\t\t\t\t\t<h3 class=\"elementor-icon-box-title\">\n\t\t\t\t\t\t<span  >\n\t\t\t\t\t\t\tHeures d'Ouverture (EST) \t\t\t\t\t\t<\/span>\n\t\t\t\t\t<\/h3>\n\t\t\t\t\n\t\t\t\t\t\t\t\t\t<p class=\"elementor-icon-box-description\">\n\t\t\t\t\t\tLundi de 8 h 30 \u00e0 16 h 30 \nMardi de 8 h 30 \u00e0 16 h 30\nMercredi : 8 h 30 \u00e0 16 h 30\nJeudi de 8 h 30 \u00e0 16 h 30 \nVendredi de 8 h 30 \u00e0 14 h\t\t\t\t\t<\/p>\n\t\t\t\t\n\t\t\t<\/div>\n\t\t\t\n\t\t<\/div>\n\t\t\t\t\t\t<\/div>\n\t\t\t\t<\/div>\n\t\t\t\t\t<\/div>\n\t\t<\/div>\n\t\t\t\t\t<\/div>\n\t\t<\/section>\n\t\t\t\t<div class=\"elementor-element elementor-element-e012b72 elementor-shape-circle elementor-grid-0 e-grid-align-center elementor-widget elementor-widget-social-icons\" data-id=\"e012b72\" data-element_type=\"widget\" data-widget_type=\"social-icons.default\">\n\t\t\t\t<div class=\"elementor-widget-container\">\n\t\t\t\t\t\t\t<div class=\"elementor-social-icons-wrapper elementor-grid\" role=\"list\">\n\t\t\t\t\t\t\t<span class=\"elementor-grid-item\" role=\"listitem\">\n\t\t\t\t\t<a class=\"elementor-icon elementor-social-icon elementor-social-icon-linkedin-in elementor-repeater-item-ee1ed74\" href=\"https:\/\/www.linkedin.com\/company\/archipel-research-consulting\/\" target=\"_blank\">\n\t\t\t\t\t\t<span class=\"elementor-screen-only\">Linkedin-in<\/span>\n\t\t\t\t\t\t<i class=\"fab fa-linkedin-in\"><\/i>\t\t\t\t\t<\/a>\n\t\t\t\t<\/span>\n\t\t\t\t\t\t\t<span class=\"elementor-grid-item\" role=\"listitem\">\n\t\t\t\t\t<a class=\"elementor-icon elementor-social-icon elementor-social-icon-instagram elementor-repeater-item-b960487\" href=\"https:\/\/www.instagram.com\/archipelresearch\/\" target=\"_blank\">\n\t\t\t\t\t\t<span class=\"elementor-screen-only\">Instagram<\/span>\n\t\t\t\t\t\t<i class=\"fab fa-instagram\"><\/i>\t\t\t\t\t<\/a>\n\t\t\t\t<\/span>\n\t\t\t\t\t\t\t<span class=\"elementor-grid-item\" role=\"listitem\">\n\t\t\t\t\t<a class=\"elementor-icon elementor-social-icon elementor-social-icon-facebook elementor-repeater-item-984f6bb\" href=\"https:\/\/www.facebook.com\/Archipel-Research-Consulting-109253650948824\/\" target=\"_blank\">\n\t\t\t\t\t\t<span class=\"elementor-screen-only\">Facebook<\/span>\n\t\t\t\t\t\t<i class=\"fab fa-facebook\"><\/i>\t\t\t\t\t<\/a>\n\t\t\t\t<\/span>\n\t\t\t\t\t\t\t<span class=\"elementor-grid-item\" role=\"listitem\">\n\t\t\t\t\t<a class=\"elementor-icon elementor-social-icon elementor-social-icon-twitter elementor-repeater-item-aaa586d\" target=\"_blank\">\n\t\t\t\t\t\t<span class=\"elementor-screen-only\">Twitter<\/span>\n\t\t\t\t\t\t<i class=\"fab fa-twitter\"><\/i>\t\t\t\t\t<\/a>\n\t\t\t\t<\/span>\n\t\t\t\t\t<\/div>\n\t\t\t\t\t\t<\/div>\n\t\t\t\t<\/div>\n\t\t\t\t\t<\/div>\n\t\t<\/div>\n\t\t\t\t\t<\/div>\n\t\t<\/section>\n\t\t\t\t<div class=\"elementor-section elementor-top-section elementor-element elementor-element-4af73ee elementor-section-content-top elementor-section-boxed elementor-section-height-default elementor-section-height-default\" data-id=\"4af73ee\" data-element_type=\"section\" data-settings=\"{&quot;background_background&quot;:&quot;classic&quot;}\">\n\t\t\t\t\t\t<div class=\"elementor-container elementor-column-gap-no\">\n\t\t\t\t\t<div class=\"elementor-column elementor-col-100 elementor-top-column elementor-element elementor-element-65704ad\" data-id=\"65704ad\" data-element_type=\"column\">\n\t\t\t<div class=\"elementor-widget-wrap elementor-element-populated\">\n\t\t\t\t\t\t<div class=\"elementor-element elementor-element-c7b803c elementor-widget elementor-widget-google_maps\" data-id=\"c7b803c\" data-element_type=\"widget\" data-widget_type=\"google_maps.default\">\n\t\t\t\t<div class=\"elementor-widget-container\">\n\t\t\t\t\t\t\t<div class=\"elementor-custom-embed\">\n\t\t\t<iframe loading=\"lazy\"\n\t\t\t\t\tsrc=\"https:\/\/maps.google.com\/maps?q=Ottawa%2C%20ON&#038;t=m&#038;z=10&#038;output=embed&#038;iwloc=near\"\n\t\t\t\t\ttitle=\"Ottawa, ON\"\n\t\t\t\t\taria-label=\"Ottawa, ON\"\n\t\t\t><\/iframe>\n\t\t<\/div>\n\t\t\t\t\t\t<\/div>\n\t\t\t\t<\/div>\n\t\t\t\t\t<\/div>\n\t\t<\/div>\n\t\t\t\t\t<\/div>\n\t\t<\/div>\n\t\t\t\t<\/div>\n\t\t","protected":false},"excerpt":{"rendered":"<p>SE METTRE EN CONTACT Nous aimerions avoir de vos nouvelles Emplacement Ottawa, Ontario Envoyez-nous un email info@archipelresearch.com Heures d&rsquo;Ouverture (EST) Lundi de 8 h 30 \u00e0 16 h 30 Mardi de 8 h 30 \u00e0 16 h 30 Mercredi : 8 h 30 \u00e0 16 h 30 Jeudi de 8 h 30 \u00e0 16 h<\/p>\n","protected":false},"author":1,"featured_media":4394,"parent":0,"menu_order":0,"comment_status":"closed","ping_status":"closed","template":"","meta":{"footnotes":""},"yoast_head":"<!-- This site is optimized with the Yoast SEO plugin v24.5 - https:\/\/yoast.com\/wordpress\/plugins\/seo\/ -->\n<title>Nous Contacter - Archipel Research and Consulting<\/title>\n<meta name=\"robots\" content=\"index, follow, max-snippet:-1, max-image-preview:large, max-video-preview:-1\" \/>\n<link rel=\"canonical\" href=\"https:\/\/archipelresearch.com\/fr\/nous-contacter-2\/\" \/>\n<meta property=\"og:locale\" content=\"fr_FR\" \/>\n<meta property=\"og:type\" content=\"article\" \/>\n<meta property=\"og:title\" content=\"Nous Contacter - Archipel Research and Consulting\" \/>\n<meta property=\"og:description\" content=\"SE METTRE EN CONTACT Nous aimerions avoir de vos nouvelles Emplacement Ottawa, Ontario Envoyez-nous un email info@archipelresearch.com Heures d&rsquo;Ouverture (EST) Lundi de 8 h 30 \u00e0 16 h 30 Mardi de 8 h 30 \u00e0 16 h 30 Mercredi : 8 h 30 \u00e0 16 h 30 Jeudi de 8 h 30 \u00e0 16 h\" \/>\n<meta property=\"og:url\" content=\"https:\/\/archipelresearch.com\/fr\/nous-contacter-2\/\" \/>\n<meta property=\"og:site_name\" content=\"Archipel Research and Consulting\" \/>\n<meta property=\"article:publisher\" content=\"https:\/\/www.facebook.com\/profile.php?id=100063630022920\" \/>\n<meta property=\"article:modified_time\" content=\"2023-02-20T00:36:44+00:00\" \/>\n<meta property=\"og:image\" content=\"https:\/\/archipelresearch.com\/wp-content\/uploads\/2023\/02\/Mountain-Hero-image.jpg\" \/>\n\t<meta property=\"og:image:width\" content=\"1600\" \/>\n\t<meta property=\"og:image:height\" content=\"1023\" \/>\n\t<meta property=\"og:image:type\" content=\"image\/jpeg\" \/>\n<meta name=\"twitter:card\" content=\"summary_large_image\" \/>\n<meta name=\"twitter:site\" content=\"@ArchipelRC\" \/>\n<meta name=\"twitter:label1\" content=\"Dur\u00e9e de lecture estim\u00e9e\" \/>\n\t<meta name=\"twitter:data1\" content=\"1 minute\" \/>\n<script type=\"application\/ld+json\" class=\"yoast-schema-graph\">{\"@context\":\"https:\/\/schema.org\",\"@graph\":[{\"@type\":\"WebPage\",\"@id\":\"https:\/\/archipelresearch.com\/fr\/nous-contacter-2\/\",\"url\":\"https:\/\/archipelresearch.com\/fr\/nous-contacter-2\/\",\"name\":\"Nous Contacter - Archipel Research and Consulting\",\"isPartOf\":{\"@id\":\"https:\/\/archipelresearch.com\/#website\"},\"primaryImageOfPage\":{\"@id\":\"https:\/\/archipelresearch.com\/fr\/nous-contacter-2\/#primaryimage\"},\"image\":{\"@id\":\"https:\/\/archipelresearch.com\/fr\/nous-contacter-2\/#primaryimage\"},\"thumbnailUrl\":\"https:\/\/archipelresearch.com\/wp-content\/uploads\/2023\/02\/Mountain-Hero-image.jpg\",\"datePublished\":\"2020-07-25T07:12:48+00:00\",\"dateModified\":\"2023-02-20T00:36:44+00:00\",\"breadcrumb\":{\"@id\":\"https:\/\/archipelresearch.com\/fr\/nous-contacter-2\/#breadcrumb\"},\"inLanguage\":\"fr-FR\",\"potentialAction\":[{\"@type\":\"ReadAction\",\"target\":[\"https:\/\/archipelresearch.com\/fr\/nous-contacter-2\/\"]}]},{\"@type\":\"ImageObject\",\"inLanguage\":\"fr-FR\",\"@id\":\"https:\/\/archipelresearch.com\/fr\/nous-contacter-2\/#primaryimage\",\"url\":\"https:\/\/archipelresearch.com\/wp-content\/uploads\/2023\/02\/Mountain-Hero-image.jpg\",\"contentUrl\":\"https:\/\/archipelresearch.com\/wp-content\/uploads\/2023\/02\/Mountain-Hero-image.jpg\",\"width\":1600,\"height\":1023,\"caption\":\"Mountain background image\"},{\"@type\":\"BreadcrumbList\",\"@id\":\"https:\/\/archipelresearch.com\/fr\/nous-contacter-2\/#breadcrumb\",\"itemListElement\":[{\"@type\":\"ListItem\",\"position\":1,\"name\":\"Home\",\"item\":\"https:\/\/archipelresearch.com\/fr\/a-propos-de-nous\/\"},{\"@type\":\"ListItem\",\"position\":2,\"name\":\"Nous Contacter\"}]},{\"@type\":\"WebSite\",\"@id\":\"https:\/\/archipelresearch.com\/#website\",\"url\":\"https:\/\/archipelresearch.com\/\",\"name\":\"Archipel Research and Consulting\",\"description\":\"Bridging Worlds of Knowledge\",\"publisher\":{\"@id\":\"https:\/\/archipelresearch.com\/#organization\"},\"potentialAction\":[{\"@type\":\"SearchAction\",\"target\":{\"@type\":\"EntryPoint\",\"urlTemplate\":\"https:\/\/archipelresearch.com\/?s={search_term_string}\"},\"query-input\":{\"@type\":\"PropertyValueSpecification\",\"valueRequired\":true,\"valueName\":\"search_term_string\"}}],\"inLanguage\":\"fr-FR\"},{\"@type\":\"Organization\",\"@id\":\"https:\/\/archipelresearch.com\/#organization\",\"name\":\"Archipel Research and Consulting\",\"url\":\"https:\/\/archipelresearch.com\/\",\"logo\":{\"@type\":\"ImageObject\",\"inLanguage\":\"fr-FR\",\"@id\":\"https:\/\/archipelresearch.com\/#\/schema\/logo\/image\/\",\"url\":\"https:\/\/archipelresearch.com\/wp-content\/uploads\/2022\/03\/Archipel-Research-Consulting-Logo-Mark-Full-Color-RGB-500px@72ppi.png\",\"contentUrl\":\"https:\/\/archipelresearch.com\/wp-content\/uploads\/2022\/03\/Archipel-Research-Consulting-Logo-Mark-Full-Color-RGB-500px@72ppi.png\",\"width\":500,\"height\":500,\"caption\":\"Archipel Research and Consulting\"},\"image\":{\"@id\":\"https:\/\/archipelresearch.com\/#\/schema\/logo\/image\/\"},\"sameAs\":[\"https:\/\/www.facebook.com\/profile.php?id=100063630022920\",\"https:\/\/x.com\/ArchipelRC\",\"https:\/\/www.instagram.com\/archipelrc\/\",\"https:\/\/www.linkedin.com\/company\/archipel-research-consulting\/\"]}]}<\/script>\n<!-- \/ Yoast SEO plugin. -->","yoast_head_json":{"title":"Nous Contacter - Archipel Research and Consulting","robots":{"index":"index","follow":"follow","max-snippet":"max-snippet:-1","max-image-preview":"max-image-preview:large","max-video-preview":"max-video-preview:-1"},"canonical":"https:\/\/archipelresearch.com\/fr\/nous-contacter-2\/","og_locale":"fr_FR","og_type":"article","og_title":"Nous Contacter - Archipel Research and Consulting","og_description":"SE METTRE EN CONTACT Nous aimerions avoir de vos nouvelles Emplacement Ottawa, Ontario Envoyez-nous un email info@archipelresearch.com Heures d&rsquo;Ouverture (EST) Lundi de 8 h 30 \u00e0 16 h 30 Mardi de 8 h 30 \u00e0 16 h 30 Mercredi : 8 h 30 \u00e0 16 h 30 Jeudi de 8 h 30 \u00e0 16 h","og_url":"https:\/\/archipelresearch.com\/fr\/nous-contacter-2\/","og_site_name":"Archipel Research and Consulting","article_publisher":"https:\/\/www.facebook.com\/profile.php?id=100063630022920","article_modified_time":"2023-02-20T00:36:44+00:00","og_image":[{"width":1600,"height":1023,"url":"https:\/\/archipelresearch.com\/wp-content\/uploads\/2023\/02\/Mountain-Hero-image.jpg","type":"image\/jpeg"}],"twitter_card":"summary_large_image","twitter_site":"@ArchipelRC","twitter_misc":{"Dur\u00e9e de lecture estim\u00e9e":"1 minute"},"schema":{"@context":"https:\/\/schema.org","@graph":[{"@type":"WebPage","@id":"https:\/\/archipelresearch.com\/fr\/nous-contacter-2\/","url":"https:\/\/archipelresearch.com\/fr\/nous-contacter-2\/","name":"Nous Contacter - Archipel Research and Consulting","isPartOf":{"@id":"https:\/\/archipelresearch.com\/#website"},"primaryImageOfPage":{"@id":"https:\/\/archipelresearch.com\/fr\/nous-contacter-2\/#primaryimage"},"image":{"@id":"https:\/\/archipelresearch.com\/fr\/nous-contacter-2\/#primaryimage"},"thumbnailUrl":"https:\/\/archipelresearch.com\/wp-content\/uploads\/2023\/02\/Mountain-Hero-image.jpg","datePublished":"2020-07-25T07:12:48+00:00","dateModified":"2023-02-20T00:36:44+00:00","breadcrumb":{"@id":"https:\/\/archipelresearch.com\/fr\/nous-contacter-2\/#breadcrumb"},"inLanguage":"fr-FR","potentialAction":[{"@type":"ReadAction","target":["https:\/\/archipelresearch.com\/fr\/nous-contacter-2\/"]}]},{"@type":"ImageObject","inLanguage":"fr-FR","@id":"https:\/\/archipelresearch.com\/fr\/nous-contacter-2\/#primaryimage","url":"https:\/\/archipelresearch.com\/wp-content\/uploads\/2023\/02\/Mountain-Hero-image.jpg","contentUrl":"https:\/\/archipelresearch.com\/wp-content\/uploads\/2023\/02\/Mountain-Hero-image.jpg","width":1600,"height":1023,"caption":"Mountain background image"},{"@type":"BreadcrumbList","@id":"https:\/\/archipelresearch.com\/fr\/nous-contacter-2\/#breadcrumb","itemListElement":[{"@type":"ListItem","position":1,"name":"Home","item":"https:\/\/archipelresearch.com\/fr\/a-propos-de-nous\/"},{"@type":"ListItem","position":2,"name":"Nous Contacter"}]},{"@type":"WebSite","@id":"https:\/\/archipelresearch.com\/#website","url":"https:\/\/archipelresearch.com\/","name":"Archipel Research and Consulting","description":"Bridging Worlds of Knowledge","publisher":{"@id":"https:\/\/archipelresearch.com\/#organization"},"potentialAction":[{"@type":"SearchAction","target":{"@type":"EntryPoint","urlTemplate":"https:\/\/archipelresearch.com\/?s={search_term_string}"},"query-input":{"@type":"PropertyValueSpecification","valueRequired":true,"valueName":"search_term_string"}}],"inLanguage":"fr-FR"},{"@type":"Organization","@id":"https:\/\/archipelresearch.com\/#organization","name":"Archipel Research and Consulting","url":"https:\/\/archipelresearch.com\/","logo":{"@type":"ImageObject","inLanguage":"fr-FR","@id":"https:\/\/archipelresearch.com\/#\/schema\/logo\/image\/","url":"https:\/\/archipelresearch.com\/wp-content\/uploads\/2022\/03\/Archipel-Research-Consulting-Logo-Mark-Full-Color-RGB-500px@72ppi.png","contentUrl":"https:\/\/archipelresearch.com\/wp-content\/uploads\/2022\/03\/Archipel-Research-Consulting-Logo-Mark-Full-Color-RGB-500px@72ppi.png","width":500,"height":500,"caption":"Archipel Research and Consulting"},"image":{"@id":"https:\/\/archipelresearch.com\/#\/schema\/logo\/image\/"},"sameAs":["https:\/\/www.facebook.com\/profile.php?id=100063630022920","https:\/\/x.com\/ArchipelRC","https:\/\/www.instagram.com\/archipelrc\/","https:\/\/www.linkedin.com\/company\/archipel-research-consulting\/"]}]}},"_links":{"self":[{"href":"https:\/\/archipelresearch.com\/fr\/wp-json\/wp\/v2\/pages\/1027"}],"collection":[{"href":"https:\/\/archipelresearch.com\/fr\/wp-json\/wp\/v2\/pages"}],"about":[{"href":"https:\/\/archipelresearch.com\/fr\/wp-json\/wp\/v2\/types\/page"}],"author":[{"embeddable":true,"href":"https:\/\/archipelresearch.com\/fr\/wp-json\/wp\/v2\/users\/1"}],"replies":[{"embeddable":true,"href":"https:\/\/archipelresearch.com\/fr\/wp-json\/wp\/v2\/comments?post=1027"}],"version-history":[{"count":6,"href":"https:\/\/archipelresearch.com\/fr\/wp-json\/wp\/v2\/pages\/1027\/revisions"}],"predecessor-version":[{"id":5313,"href":"https:\/\/archipelresearch.com\/fr\/wp-json\/wp\/v2\/pages\/1027\/revisions\/5313"}],"wp:featuredmedia":[{"embeddable":true,"href":"https:\/\/archipelresearch.com\/fr\/wp-json\/wp\/v2\/media\/4394"}],"wp:attachment":[{"href":"https:\/\/archipelresearch.com\/fr\/wp-json\/wp\/v2\/media?parent=1027"}],"curies":[{"name":"wp","href":"https:\/\/api.w.org\/{rel}","templated":true}]}}