{"id":1059,"date":"2020-07-26T00:46:23","date_gmt":"2020-07-26T00:46:23","guid":{"rendered":"https:\/\/archipelresearch.com\/?page_id=1059"},"modified":"2020-12-05T08:00:35","modified_gmt":"2020-12-05T08:00:35","slug":"courtney-vaughan","status":"publish","type":"page","link":"https:\/\/archipelresearch.com\/fr\/notre-equipe\/courtney-vaughan\/","title":{"rendered":"Courtney Vaughan"},"content":{"rendered":"\t\t<div data-elementor-type=\"wp-page\" data-elementor-id=\"1059\" class=\"elementor elementor-1059\">\n\t\t\t\t\t\t<section class=\"elementor-section elementor-top-section elementor-element elementor-element-1a6acb40 elementor-section-boxed elementor-section-height-default elementor-section-height-default\" data-id=\"1a6acb40\" data-element_type=\"section\">\n\t\t\t\t\t\t<div class=\"elementor-container elementor-column-gap-default\">\n\t\t\t\t\t<div class=\"elementor-column elementor-col-33 elementor-top-column elementor-element elementor-element-32a404f\" data-id=\"32a404f\" data-element_type=\"column\" data-settings=\"{&quot;background_background&quot;:&quot;classic&quot;}\">\n\t\t\t<div class=\"elementor-widget-wrap elementor-element-populated\">\n\t\t\t\t\t\t<section class=\"elementor-section elementor-inner-section elementor-element elementor-element-620a633f elementor-section-boxed elementor-section-height-default elementor-section-height-default\" data-id=\"620a633f\" data-element_type=\"section\">\n\t\t\t\t\t\t<div class=\"elementor-container elementor-column-gap-default\">\n\t\t\t\t\t<div class=\"elementor-column elementor-col-100 elementor-inner-column elementor-element elementor-element-3dfe4d98\" data-id=\"3dfe4d98\" data-element_type=\"column\" data-settings=\"{&quot;background_background&quot;:&quot;classic&quot;}\">\n\t\t\t<div class=\"elementor-widget-wrap elementor-element-populated\">\n\t\t\t\t\t\t<div class=\"elementor-element elementor-element-550cb145 elementor-widget elementor-widget-image\" data-id=\"550cb145\" data-element_type=\"widget\" data-widget_type=\"image.default\">\n\t\t\t\t<div class=\"elementor-widget-container\">\n\t\t\t\t\t\t\t\t\t\t\t\t\t\t\t<img fetchpriority=\"high\" decoding=\"async\" width=\"640\" height=\"426\" src=\"https:\/\/archipelresearch.com\/wp-content\/uploads\/2020\/12\/Courtney-Vaughn-1024x682.jpg\" class=\"attachment-large size-large wp-image-1221\" alt=\"Courtney Vaughn\" srcset=\"https:\/\/archipelresearch.com\/wp-content\/uploads\/2020\/12\/Courtney-Vaughn-1024x682.jpg 1024w, https:\/\/archipelresearch.com\/wp-content\/uploads\/2020\/12\/Courtney-Vaughn-300x200.jpg 300w, https:\/\/archipelresearch.com\/wp-content\/uploads\/2020\/12\/Courtney-Vaughn-768x512.jpg 768w, https:\/\/archipelresearch.com\/wp-content\/uploads\/2020\/12\/Courtney-Vaughn-1536x1023.jpg 1536w, https:\/\/archipelresearch.com\/wp-content\/uploads\/2020\/12\/Courtney-Vaughn.jpg 1600w\" sizes=\"(max-width: 640px) 100vw, 640px\" \/>\t\t\t\t\t\t\t\t\t\t\t\t\t\t\t<\/div>\n\t\t\t\t<\/div>\n\t\t\t\t<div class=\"elementor-element elementor-element-57943235 elementor-widget elementor-widget-heading\" data-id=\"57943235\" data-element_type=\"widget\" data-widget_type=\"heading.default\">\n\t\t\t\t<div class=\"elementor-widget-container\">\n\t\t\t\t\t<h2 class=\"elementor-heading-title elementor-size-default\">Courtney Vaughan, MA, BA<\/h2>\t\t\t\t<\/div>\n\t\t\t\t<\/div>\n\t\t\t\t<div class=\"elementor-element elementor-element-70545e23 elementor-widget elementor-widget-heading\" data-id=\"70545e23\" data-element_type=\"widget\" data-widget_type=\"heading.default\">\n\t\t\t\t<div class=\"elementor-widget-container\">\n\t\t\t\t\t<h4 class=\"elementor-heading-title elementor-size-default\">Chercheuse, formatrice et consultante<\/h4>\t\t\t\t<\/div>\n\t\t\t\t<\/div>\n\t\t\t\t\t<\/div>\n\t\t<\/div>\n\t\t\t\t\t<\/div>\n\t\t<\/section>\n\t\t\t\t\t<\/div>\n\t\t<\/div>\n\t\t\t\t<div class=\"elementor-column elementor-col-66 elementor-top-column elementor-element elementor-element-7ded6a75\" data-id=\"7ded6a75\" data-element_type=\"column\" data-settings=\"{&quot;background_background&quot;:&quot;classic&quot;}\">\n\t\t\t<div class=\"elementor-widget-wrap elementor-element-populated\">\n\t\t\t\t\t\t<div class=\"elementor-element elementor-element-4ccc13a1 elementor-widget elementor-widget-text-editor\" data-id=\"4ccc13a1\" data-element_type=\"widget\" data-widget_type=\"text-editor.default\">\n\t\t\t\t<div class=\"elementor-widget-container\">\n\t\t\t\t\t\t\t\t\t<p><span style=\"font-weight: 400;\">Courtney est une femme m\u00e9tisse originaire de la r\u00e9gion de Bawating (souvent appel\u00e9e Sault Ste Marie, en Ontario), et est citoyenne de la Nation m\u00e9tisse de l&rsquo;Ontario. Elle a travaill\u00e9 aux c\u00f4t\u00e9s des organisations communautaires en Afrique de l&rsquo;Est, en R\u00e9publique dominicaine, en Italie ainsi qu&rsquo;au sein de sa propre communaut\u00e9 avec la \u00ab\u00a0M\u00e9tis Nation of Ontario\u00a0\u00bb, en se concentrant sur les questions relatives \u00e0 la mondialisation, \u00e0 l&rsquo;exploitation industrielle des terres, \u00e0 la souverainet\u00e9 alimentaire et aux droits des femmes. Elle a dispens\u00e9 plus de 100 formations sur la sensibilisation culturelle autochtone dans des communaut\u00e9s non autochtones. Son m\u00e9moire de ma\u00eetrise portait sur les moyens d&rsquo;actualiser le retour des terres priv\u00e9es des colons aux indig\u00e8nes pour soutenir la r\u00e9conciliation et la d\u00e9colonisation dans le contexte canadien. Son expertise en mati\u00e8re de recherche explore l&rsquo;histoire et la gouvernance des M\u00e9tis, les relations des autochtones avec la terre et les politiques de d\u00e9colonisation et de r\u00e9conciliation. Ses autres domaines de recherche comprennent les arts indig\u00e8nes au Canada, l&rsquo;indig\u00e9nisation du monde universitaire et le droit indig\u00e8ne. Elle cherche \u00e0 mener des travaux qui soutiennent l&rsquo;autod\u00e9termination des autochtones et la protection des terres. Elle parle couramment\u00a0 l\u2019anglais et le fran\u00e7ais et poss\u00e8de une bonne connaissance de l&rsquo;espagnol.<\/span><\/p><p><span style=\"font-weight: 400;\">Elle est titulaire d&rsquo;une Ma\u00eetrise en \u00e9tudes autochtones et canadiennes (Universit\u00e9 Carleton), d&rsquo;une Licence en \u00e9tudes sur la justice sociale et la paix, en \u00e9tudes des Premi\u00e8res nations et en fran\u00e7ais (Universit\u00e9 Western).<\/span><\/p>\t\t\t\t\t\t\t\t<\/div>\n\t\t\t\t<\/div>\n\t\t\t\t\t<\/div>\n\t\t<\/div>\n\t\t\t\t\t<\/div>\n\t\t<\/section>\n\t\t\t\t<\/div>\n\t\t","protected":false},"excerpt":{"rendered":"<p>Courtney Vaughan, MA, BA Chercheuse, formatrice et consultante Courtney est une femme m\u00e9tisse originaire de la r\u00e9gion de Bawating (souvent appel\u00e9e Sault Ste Marie, en Ontario), et est citoyenne de la Nation m\u00e9tisse de l&rsquo;Ontario. Elle a travaill\u00e9 aux c\u00f4t\u00e9s des organisations communautaires en Afrique de l&rsquo;Est, en R\u00e9publique dominicaine, en Italie ainsi qu&rsquo;au sein<\/p>\n","protected":false},"author":1,"featured_media":1221,"parent":997,"menu_order":0,"comment_status":"closed","ping_status":"closed","template":"","meta":{"footnotes":""},"yoast_head":"<!-- This site is optimized with the Yoast SEO plugin v24.5 - https:\/\/yoast.com\/wordpress\/plugins\/seo\/ -->\n<title>Courtney Vaughan - Archipel Research and Consulting<\/title>\n<meta name=\"robots\" content=\"index, follow, max-snippet:-1, max-image-preview:large, max-video-preview:-1\" \/>\n<link rel=\"canonical\" href=\"https:\/\/archipelresearch.com\/fr\/notre-equipe\/courtney-vaughan\/\" \/>\n<meta property=\"og:locale\" content=\"fr_FR\" \/>\n<meta property=\"og:type\" content=\"article\" \/>\n<meta property=\"og:title\" content=\"Courtney Vaughan - Archipel Research and Consulting\" \/>\n<meta property=\"og:description\" content=\"Courtney Vaughan, MA, BA Chercheuse, formatrice et consultante Courtney est une femme m\u00e9tisse originaire de la r\u00e9gion de Bawating (souvent appel\u00e9e Sault Ste Marie, en Ontario), et est citoyenne de la Nation m\u00e9tisse de l&rsquo;Ontario. Elle a travaill\u00e9 aux c\u00f4t\u00e9s des organisations communautaires en Afrique de l&rsquo;Est, en R\u00e9publique dominicaine, en Italie ainsi qu&rsquo;au sein\" \/>\n<meta property=\"og:url\" content=\"https:\/\/archipelresearch.com\/fr\/notre-equipe\/courtney-vaughan\/\" \/>\n<meta property=\"og:site_name\" content=\"Archipel Research and Consulting\" \/>\n<meta property=\"article:publisher\" content=\"https:\/\/www.facebook.com\/profile.php?id=100063630022920\" \/>\n<meta property=\"article:modified_time\" content=\"2020-12-05T08:00:35+00:00\" \/>\n<meta property=\"og:image\" content=\"https:\/\/archipelresearch.com\/wp-content\/uploads\/2020\/12\/Courtney-Vaughn.jpg\" \/>\n\t<meta property=\"og:image:width\" content=\"1600\" \/>\n\t<meta property=\"og:image:height\" content=\"1066\" \/>\n\t<meta property=\"og:image:type\" content=\"image\/jpeg\" \/>\n<meta name=\"twitter:card\" content=\"summary_large_image\" \/>\n<meta name=\"twitter:site\" content=\"@ArchipelRC\" \/>\n<meta name=\"twitter:label1\" content=\"Dur\u00e9e de lecture estim\u00e9e\" \/>\n\t<meta name=\"twitter:data1\" content=\"1 minute\" \/>\n<script type=\"application\/ld+json\" class=\"yoast-schema-graph\">{\"@context\":\"https:\/\/schema.org\",\"@graph\":[{\"@type\":\"WebPage\",\"@id\":\"https:\/\/archipelresearch.com\/fr\/notre-equipe\/courtney-vaughan\/\",\"url\":\"https:\/\/archipelresearch.com\/fr\/notre-equipe\/courtney-vaughan\/\",\"name\":\"Courtney Vaughan - Archipel Research and Consulting\",\"isPartOf\":{\"@id\":\"https:\/\/archipelresearch.com\/#website\"},\"primaryImageOfPage\":{\"@id\":\"https:\/\/archipelresearch.com\/fr\/notre-equipe\/courtney-vaughan\/#primaryimage\"},\"image\":{\"@id\":\"https:\/\/archipelresearch.com\/fr\/notre-equipe\/courtney-vaughan\/#primaryimage\"},\"thumbnailUrl\":\"https:\/\/archipelresearch.com\/wp-content\/uploads\/2020\/12\/Courtney-Vaughn.jpg\",\"datePublished\":\"2020-07-26T00:46:23+00:00\",\"dateModified\":\"2020-12-05T08:00:35+00:00\",\"breadcrumb\":{\"@id\":\"https:\/\/archipelresearch.com\/fr\/notre-equipe\/courtney-vaughan\/#breadcrumb\"},\"inLanguage\":\"fr-FR\",\"potentialAction\":[{\"@type\":\"ReadAction\",\"target\":[\"https:\/\/archipelresearch.com\/fr\/notre-equipe\/courtney-vaughan\/\"]}]},{\"@type\":\"ImageObject\",\"inLanguage\":\"fr-FR\",\"@id\":\"https:\/\/archipelresearch.com\/fr\/notre-equipe\/courtney-vaughan\/#primaryimage\",\"url\":\"https:\/\/archipelresearch.com\/wp-content\/uploads\/2020\/12\/Courtney-Vaughn.jpg\",\"contentUrl\":\"https:\/\/archipelresearch.com\/wp-content\/uploads\/2020\/12\/Courtney-Vaughn.jpg\",\"width\":1600,\"height\":1066,\"caption\":\"Courtney Vaughn\"},{\"@type\":\"BreadcrumbList\",\"@id\":\"https:\/\/archipelresearch.com\/fr\/notre-equipe\/courtney-vaughan\/#breadcrumb\",\"itemListElement\":[{\"@type\":\"ListItem\",\"position\":1,\"name\":\"Home\",\"item\":\"https:\/\/archipelresearch.com\/fr\/a-propos-de-nous\/\"},{\"@type\":\"ListItem\",\"position\":2,\"name\":\"Notre \u00c9quipe\",\"item\":\"https:\/\/archipelresearch.com\/fr\/notre-equipe\/\"},{\"@type\":\"ListItem\",\"position\":3,\"name\":\"Courtney Vaughan\"}]},{\"@type\":\"WebSite\",\"@id\":\"https:\/\/archipelresearch.com\/#website\",\"url\":\"https:\/\/archipelresearch.com\/\",\"name\":\"Archipel Research and Consulting\",\"description\":\"Bridging Worlds of Knowledge\",\"publisher\":{\"@id\":\"https:\/\/archipelresearch.com\/#organization\"},\"potentialAction\":[{\"@type\":\"SearchAction\",\"target\":{\"@type\":\"EntryPoint\",\"urlTemplate\":\"https:\/\/archipelresearch.com\/?s={search_term_string}\"},\"query-input\":{\"@type\":\"PropertyValueSpecification\",\"valueRequired\":true,\"valueName\":\"search_term_string\"}}],\"inLanguage\":\"fr-FR\"},{\"@type\":\"Organization\",\"@id\":\"https:\/\/archipelresearch.com\/#organization\",\"name\":\"Archipel Research and Consulting\",\"url\":\"https:\/\/archipelresearch.com\/\",\"logo\":{\"@type\":\"ImageObject\",\"inLanguage\":\"fr-FR\",\"@id\":\"https:\/\/archipelresearch.com\/#\/schema\/logo\/image\/\",\"url\":\"https:\/\/archipelresearch.com\/wp-content\/uploads\/2022\/03\/Archipel-Research-Consulting-Logo-Mark-Full-Color-RGB-500px@72ppi.png\",\"contentUrl\":\"https:\/\/archipelresearch.com\/wp-content\/uploads\/2022\/03\/Archipel-Research-Consulting-Logo-Mark-Full-Color-RGB-500px@72ppi.png\",\"width\":500,\"height\":500,\"caption\":\"Archipel Research and Consulting\"},\"image\":{\"@id\":\"https:\/\/archipelresearch.com\/#\/schema\/logo\/image\/\"},\"sameAs\":[\"https:\/\/www.facebook.com\/profile.php?id=100063630022920\",\"https:\/\/x.com\/ArchipelRC\",\"https:\/\/www.instagram.com\/archipelrc\/\",\"https:\/\/www.linkedin.com\/company\/archipel-research-consulting\/\"]}]}<\/script>\n<!-- \/ Yoast SEO plugin. -->","yoast_head_json":{"title":"Courtney Vaughan - Archipel Research and Consulting","robots":{"index":"index","follow":"follow","max-snippet":"max-snippet:-1","max-image-preview":"max-image-preview:large","max-video-preview":"max-video-preview:-1"},"canonical":"https:\/\/archipelresearch.com\/fr\/notre-equipe\/courtney-vaughan\/","og_locale":"fr_FR","og_type":"article","og_title":"Courtney Vaughan - Archipel Research and Consulting","og_description":"Courtney Vaughan, MA, BA Chercheuse, formatrice et consultante Courtney est une femme m\u00e9tisse originaire de la r\u00e9gion de Bawating (souvent appel\u00e9e Sault Ste Marie, en Ontario), et est citoyenne de la Nation m\u00e9tisse de l&rsquo;Ontario. Elle a travaill\u00e9 aux c\u00f4t\u00e9s des organisations communautaires en Afrique de l&rsquo;Est, en R\u00e9publique dominicaine, en Italie ainsi qu&rsquo;au sein","og_url":"https:\/\/archipelresearch.com\/fr\/notre-equipe\/courtney-vaughan\/","og_site_name":"Archipel Research and Consulting","article_publisher":"https:\/\/www.facebook.com\/profile.php?id=100063630022920","article_modified_time":"2020-12-05T08:00:35+00:00","og_image":[{"width":1600,"height":1066,"url":"https:\/\/archipelresearch.com\/wp-content\/uploads\/2020\/12\/Courtney-Vaughn.jpg","type":"image\/jpeg"}],"twitter_card":"summary_large_image","twitter_site":"@ArchipelRC","twitter_misc":{"Dur\u00e9e de lecture estim\u00e9e":"1 minute"},"schema":{"@context":"https:\/\/schema.org","@graph":[{"@type":"WebPage","@id":"https:\/\/archipelresearch.com\/fr\/notre-equipe\/courtney-vaughan\/","url":"https:\/\/archipelresearch.com\/fr\/notre-equipe\/courtney-vaughan\/","name":"Courtney Vaughan - Archipel Research and Consulting","isPartOf":{"@id":"https:\/\/archipelresearch.com\/#website"},"primaryImageOfPage":{"@id":"https:\/\/archipelresearch.com\/fr\/notre-equipe\/courtney-vaughan\/#primaryimage"},"image":{"@id":"https:\/\/archipelresearch.com\/fr\/notre-equipe\/courtney-vaughan\/#primaryimage"},"thumbnailUrl":"https:\/\/archipelresearch.com\/wp-content\/uploads\/2020\/12\/Courtney-Vaughn.jpg","datePublished":"2020-07-26T00:46:23+00:00","dateModified":"2020-12-05T08:00:35+00:00","breadcrumb":{"@id":"https:\/\/archipelresearch.com\/fr\/notre-equipe\/courtney-vaughan\/#breadcrumb"},"inLanguage":"fr-FR","potentialAction":[{"@type":"ReadAction","target":["https:\/\/archipelresearch.com\/fr\/notre-equipe\/courtney-vaughan\/"]}]},{"@type":"ImageObject","inLanguage":"fr-FR","@id":"https:\/\/archipelresearch.com\/fr\/notre-equipe\/courtney-vaughan\/#primaryimage","url":"https:\/\/archipelresearch.com\/wp-content\/uploads\/2020\/12\/Courtney-Vaughn.jpg","contentUrl":"https:\/\/archipelresearch.com\/wp-content\/uploads\/2020\/12\/Courtney-Vaughn.jpg","width":1600,"height":1066,"caption":"Courtney Vaughn"},{"@type":"BreadcrumbList","@id":"https:\/\/archipelresearch.com\/fr\/notre-equipe\/courtney-vaughan\/#breadcrumb","itemListElement":[{"@type":"ListItem","position":1,"name":"Home","item":"https:\/\/archipelresearch.com\/fr\/a-propos-de-nous\/"},{"@type":"ListItem","position":2,"name":"Notre \u00c9quipe","item":"https:\/\/archipelresearch.com\/fr\/notre-equipe\/"},{"@type":"ListItem","position":3,"name":"Courtney Vaughan"}]},{"@type":"WebSite","@id":"https:\/\/archipelresearch.com\/#website","url":"https:\/\/archipelresearch.com\/","name":"Archipel Research and Consulting","description":"Bridging Worlds of Knowledge","publisher":{"@id":"https:\/\/archipelresearch.com\/#organization"},"potentialAction":[{"@type":"SearchAction","target":{"@type":"EntryPoint","urlTemplate":"https:\/\/archipelresearch.com\/?s={search_term_string}"},"query-input":{"@type":"PropertyValueSpecification","valueRequired":true,"valueName":"search_term_string"}}],"inLanguage":"fr-FR"},{"@type":"Organization","@id":"https:\/\/archipelresearch.com\/#organization","name":"Archipel Research and Consulting","url":"https:\/\/archipelresearch.com\/","logo":{"@type":"ImageObject","inLanguage":"fr-FR","@id":"https:\/\/archipelresearch.com\/#\/schema\/logo\/image\/","url":"https:\/\/archipelresearch.com\/wp-content\/uploads\/2022\/03\/Archipel-Research-Consulting-Logo-Mark-Full-Color-RGB-500px@72ppi.png","contentUrl":"https:\/\/archipelresearch.com\/wp-content\/uploads\/2022\/03\/Archipel-Research-Consulting-Logo-Mark-Full-Color-RGB-500px@72ppi.png","width":500,"height":500,"caption":"Archipel Research and Consulting"},"image":{"@id":"https:\/\/archipelresearch.com\/#\/schema\/logo\/image\/"},"sameAs":["https:\/\/www.facebook.com\/profile.php?id=100063630022920","https:\/\/x.com\/ArchipelRC","https:\/\/www.instagram.com\/archipelrc\/","https:\/\/www.linkedin.com\/company\/archipel-research-consulting\/"]}]}},"_links":{"self":[{"href":"https:\/\/archipelresearch.com\/fr\/wp-json\/wp\/v2\/pages\/1059"}],"collection":[{"href":"https:\/\/archipelresearch.com\/fr\/wp-json\/wp\/v2\/pages"}],"about":[{"href":"https:\/\/archipelresearch.com\/fr\/wp-json\/wp\/v2\/types\/page"}],"author":[{"embeddable":true,"href":"https:\/\/archipelresearch.com\/fr\/wp-json\/wp\/v2\/users\/1"}],"replies":[{"embeddable":true,"href":"https:\/\/archipelresearch.com\/fr\/wp-json\/wp\/v2\/comments?post=1059"}],"version-history":[{"count":0,"href":"https:\/\/archipelresearch.com\/fr\/wp-json\/wp\/v2\/pages\/1059\/revisions"}],"up":[{"embeddable":true,"href":"https:\/\/archipelresearch.com\/fr\/wp-json\/wp\/v2\/pages\/997"}],"wp:featuredmedia":[{"embeddable":true,"href":"https:\/\/archipelresearch.com\/fr\/wp-json\/wp\/v2\/media\/1221"}],"wp:attachment":[{"href":"https:\/\/archipelresearch.com\/fr\/wp-json\/wp\/v2\/media?parent=1059"}],"curies":[{"name":"wp","href":"https:\/\/api.w.org\/{rel}","templated":true}]}}