{"id":1084,"date":"2020-07-26T01:16:42","date_gmt":"2020-07-26T01:16:42","guid":{"rendered":"https:\/\/archipelresearch.com\/?page_id=1084"},"modified":"2020-12-05T08:05:11","modified_gmt":"2020-12-05T08:05:11","slug":"john-carlson","status":"publish","type":"page","link":"https:\/\/archipelresearch.com\/fr\/notre-equipe\/john-carlson\/","title":{"rendered":"John Carlson"},"content":{"rendered":"\t\t<div data-elementor-type=\"wp-page\" data-elementor-id=\"1084\" class=\"elementor elementor-1084\">\n\t\t\t\t\t\t<section class=\"elementor-section elementor-top-section elementor-element elementor-element-2edd908 elementor-section-boxed elementor-section-height-default elementor-section-height-default\" data-id=\"2edd908\" data-element_type=\"section\">\n\t\t\t\t\t\t<div class=\"elementor-container elementor-column-gap-default\">\n\t\t\t\t\t<div class=\"elementor-column elementor-col-33 elementor-top-column elementor-element elementor-element-2522d1fd\" data-id=\"2522d1fd\" data-element_type=\"column\" data-settings=\"{&quot;background_background&quot;:&quot;classic&quot;}\">\n\t\t\t<div class=\"elementor-widget-wrap elementor-element-populated\">\n\t\t\t\t\t\t<section class=\"elementor-section elementor-inner-section elementor-element elementor-element-5acd8103 elementor-section-boxed elementor-section-height-default elementor-section-height-default\" data-id=\"5acd8103\" data-element_type=\"section\">\n\t\t\t\t\t\t<div class=\"elementor-container elementor-column-gap-default\">\n\t\t\t\t\t<div class=\"elementor-column elementor-col-100 elementor-inner-column elementor-element elementor-element-52877ad9\" data-id=\"52877ad9\" data-element_type=\"column\" data-settings=\"{&quot;background_background&quot;:&quot;classic&quot;}\">\n\t\t\t<div class=\"elementor-widget-wrap elementor-element-populated\">\n\t\t\t\t\t\t<div class=\"elementor-element elementor-element-2d7fc54c elementor-widget elementor-widget-heading\" data-id=\"2d7fc54c\" data-element_type=\"widget\" data-widget_type=\"heading.default\">\n\t\t\t\t<div class=\"elementor-widget-container\">\n\t\t\t\t\t<h2 class=\"elementor-heading-title elementor-size-default\">John Carlson PhD (Cand.), MA, BA <\/h2>\t\t\t\t<\/div>\n\t\t\t\t<\/div>\n\t\t\t\t\t<\/div>\n\t\t<\/div>\n\t\t\t\t\t<\/div>\n\t\t<\/section>\n\t\t\t\t\t<\/div>\n\t\t<\/div>\n\t\t\t\t<div class=\"elementor-column elementor-col-66 elementor-top-column elementor-element elementor-element-1833e515\" data-id=\"1833e515\" data-element_type=\"column\" data-settings=\"{&quot;background_background&quot;:&quot;classic&quot;}\">\n\t\t\t<div class=\"elementor-widget-wrap elementor-element-populated\">\n\t\t\t\t\t\t<div class=\"elementor-element elementor-element-2da28a74 elementor-widget elementor-widget-text-editor\" data-id=\"2da28a74\" data-element_type=\"widget\" data-widget_type=\"text-editor.default\">\n\t\t\t\t<div class=\"elementor-widget-container\">\n\t\t\t\t\t\t\t\t\t<p><span style=\"font-weight: 400;\">John Carlson est Anishinaabe et membre de la bande indienne de Red Rock. Il a travaill\u00e9 sur les questions de l&rsquo;autod\u00e9termination des autochtones, des conflits li\u00e9s \u00e0 l&rsquo;utilisation des terres et de la revitalisation culturelle. Il a men\u00e9 des recherches sur l&rsquo;\u00e9conomie et la politique du pi\u00e9geage dans le nord de l&rsquo;Ontario ainsi que sur l&rsquo;importance du manoomin pour les communaut\u00e9s anishinaabe. Son expertise en mati\u00e8re de recherche se situe dans le domaine de l&rsquo;\u00e9conomie politique, de l&rsquo;utilisation des terres, du d\u00e9veloppement communautaire et de l&rsquo;histoire \u00e9conomique. Sa passion est de comprendre et de d\u00e9terminer la multiplicit\u00e9 des facteurs qui affectent l&rsquo;autonomisation des communaut\u00e9s Anishinaabe. Son article \u00ab\u00a0Manoomin is not Wild Rice : An Anishinaabeg Treaty\u00a0\u00bb est paru dans Zeitschrift f\u00fcr Kanada-Studien, la revue de l&rsquo;Association pour les \u00e9tudes canadiennes dans les pays germanophones. Il enseigne les \u00e9tudes indig\u00e8nes et canadiennes \u00e0 Carleton. Il parle couramment l&rsquo;anglais, le fran\u00e7ais et l&rsquo;allemand.<\/span><\/p><p><span style=\"font-weight: 400;\">Doctorant en \u00e9tudes indig\u00e8nes et canadiennes (Universit\u00e9 Carleton)\u00a0 il\u00a0 a d\u00e9j\u00e0 une Ma\u00eetrise en gouvernance indig\u00e8ne (Universit\u00e9 de Victoria) et une Licence en histoire de l&rsquo;art et en philosophie (Universit\u00e9 Carleton).<\/span><\/p>\t\t\t\t\t\t\t\t<\/div>\n\t\t\t\t<\/div>\n\t\t\t\t\t<\/div>\n\t\t<\/div>\n\t\t\t\t\t<\/div>\n\t\t<\/section>\n\t\t\t\t<\/div>\n\t\t","protected":false},"excerpt":{"rendered":"<p>John Carlson PhD (Cand.), MA, BA John Carlson est Anishinaabe et membre de la bande indienne de Red Rock. Il a travaill\u00e9 sur les questions de l&rsquo;autod\u00e9termination des autochtones, des conflits li\u00e9s \u00e0 l&rsquo;utilisation des terres et de la revitalisation culturelle. Il a men\u00e9 des recherches sur l&rsquo;\u00e9conomie et la politique du pi\u00e9geage dans le<\/p>\n","protected":false},"author":1,"featured_media":0,"parent":997,"menu_order":0,"comment_status":"closed","ping_status":"closed","template":"","meta":{"footnotes":""},"yoast_head":"<!-- This site is optimized with the Yoast SEO plugin v24.5 - https:\/\/yoast.com\/wordpress\/plugins\/seo\/ -->\n<title>John Carlson - Archipel Research and Consulting<\/title>\n<meta name=\"robots\" content=\"index, follow, max-snippet:-1, max-image-preview:large, max-video-preview:-1\" \/>\n<link rel=\"canonical\" href=\"https:\/\/archipelresearch.com\/fr\/notre-equipe\/john-carlson\/\" \/>\n<meta property=\"og:locale\" content=\"fr_FR\" \/>\n<meta property=\"og:type\" content=\"article\" \/>\n<meta property=\"og:title\" content=\"John Carlson - Archipel Research and Consulting\" \/>\n<meta property=\"og:description\" content=\"John Carlson PhD (Cand.), MA, BA John Carlson est Anishinaabe et membre de la bande indienne de Red Rock. Il a travaill\u00e9 sur les questions de l&rsquo;autod\u00e9termination des autochtones, des conflits li\u00e9s \u00e0 l&rsquo;utilisation des terres et de la revitalisation culturelle. Il a men\u00e9 des recherches sur l&rsquo;\u00e9conomie et la politique du pi\u00e9geage dans le\" \/>\n<meta property=\"og:url\" content=\"https:\/\/archipelresearch.com\/fr\/notre-equipe\/john-carlson\/\" \/>\n<meta property=\"og:site_name\" content=\"Archipel Research and Consulting\" \/>\n<meta property=\"article:publisher\" content=\"https:\/\/www.facebook.com\/profile.php?id=100063630022920\" \/>\n<meta property=\"article:modified_time\" content=\"2020-12-05T08:05:11+00:00\" \/>\n<meta name=\"twitter:card\" content=\"summary_large_image\" \/>\n<meta name=\"twitter:site\" content=\"@ArchipelRC\" \/>\n<meta name=\"twitter:label1\" content=\"Dur\u00e9e de lecture estim\u00e9e\" \/>\n\t<meta name=\"twitter:data1\" content=\"1 minute\" \/>\n<script type=\"application\/ld+json\" class=\"yoast-schema-graph\">{\"@context\":\"https:\/\/schema.org\",\"@graph\":[{\"@type\":\"WebPage\",\"@id\":\"https:\/\/archipelresearch.com\/fr\/notre-equipe\/john-carlson\/\",\"url\":\"https:\/\/archipelresearch.com\/fr\/notre-equipe\/john-carlson\/\",\"name\":\"John Carlson - Archipel Research and Consulting\",\"isPartOf\":{\"@id\":\"https:\/\/archipelresearch.com\/#website\"},\"datePublished\":\"2020-07-26T01:16:42+00:00\",\"dateModified\":\"2020-12-05T08:05:11+00:00\",\"breadcrumb\":{\"@id\":\"https:\/\/archipelresearch.com\/fr\/notre-equipe\/john-carlson\/#breadcrumb\"},\"inLanguage\":\"fr-FR\",\"potentialAction\":[{\"@type\":\"ReadAction\",\"target\":[\"https:\/\/archipelresearch.com\/fr\/notre-equipe\/john-carlson\/\"]}]},{\"@type\":\"BreadcrumbList\",\"@id\":\"https:\/\/archipelresearch.com\/fr\/notre-equipe\/john-carlson\/#breadcrumb\",\"itemListElement\":[{\"@type\":\"ListItem\",\"position\":1,\"name\":\"Home\",\"item\":\"https:\/\/archipelresearch.com\/fr\/a-propos-de-nous\/\"},{\"@type\":\"ListItem\",\"position\":2,\"name\":\"Notre \u00c9quipe\",\"item\":\"https:\/\/archipelresearch.com\/fr\/notre-equipe\/\"},{\"@type\":\"ListItem\",\"position\":3,\"name\":\"John Carlson\"}]},{\"@type\":\"WebSite\",\"@id\":\"https:\/\/archipelresearch.com\/#website\",\"url\":\"https:\/\/archipelresearch.com\/\",\"name\":\"Archipel Research and Consulting\",\"description\":\"Bridging Worlds of Knowledge\",\"publisher\":{\"@id\":\"https:\/\/archipelresearch.com\/#organization\"},\"potentialAction\":[{\"@type\":\"SearchAction\",\"target\":{\"@type\":\"EntryPoint\",\"urlTemplate\":\"https:\/\/archipelresearch.com\/?s={search_term_string}\"},\"query-input\":{\"@type\":\"PropertyValueSpecification\",\"valueRequired\":true,\"valueName\":\"search_term_string\"}}],\"inLanguage\":\"fr-FR\"},{\"@type\":\"Organization\",\"@id\":\"https:\/\/archipelresearch.com\/#organization\",\"name\":\"Archipel Research and Consulting\",\"url\":\"https:\/\/archipelresearch.com\/\",\"logo\":{\"@type\":\"ImageObject\",\"inLanguage\":\"fr-FR\",\"@id\":\"https:\/\/archipelresearch.com\/#\/schema\/logo\/image\/\",\"url\":\"https:\/\/archipelresearch.com\/wp-content\/uploads\/2022\/03\/Archipel-Research-Consulting-Logo-Mark-Full-Color-RGB-500px@72ppi.png\",\"contentUrl\":\"https:\/\/archipelresearch.com\/wp-content\/uploads\/2022\/03\/Archipel-Research-Consulting-Logo-Mark-Full-Color-RGB-500px@72ppi.png\",\"width\":500,\"height\":500,\"caption\":\"Archipel Research and Consulting\"},\"image\":{\"@id\":\"https:\/\/archipelresearch.com\/#\/schema\/logo\/image\/\"},\"sameAs\":[\"https:\/\/www.facebook.com\/profile.php?id=100063630022920\",\"https:\/\/x.com\/ArchipelRC\",\"https:\/\/www.instagram.com\/archipelrc\/\",\"https:\/\/www.linkedin.com\/company\/archipel-research-consulting\/\"]}]}<\/script>\n<!-- \/ Yoast SEO plugin. -->","yoast_head_json":{"title":"John Carlson - Archipel Research and Consulting","robots":{"index":"index","follow":"follow","max-snippet":"max-snippet:-1","max-image-preview":"max-image-preview:large","max-video-preview":"max-video-preview:-1"},"canonical":"https:\/\/archipelresearch.com\/fr\/notre-equipe\/john-carlson\/","og_locale":"fr_FR","og_type":"article","og_title":"John Carlson - Archipel Research and Consulting","og_description":"John Carlson PhD (Cand.), MA, BA John Carlson est Anishinaabe et membre de la bande indienne de Red Rock. Il a travaill\u00e9 sur les questions de l&rsquo;autod\u00e9termination des autochtones, des conflits li\u00e9s \u00e0 l&rsquo;utilisation des terres et de la revitalisation culturelle. Il a men\u00e9 des recherches sur l&rsquo;\u00e9conomie et la politique du pi\u00e9geage dans le","og_url":"https:\/\/archipelresearch.com\/fr\/notre-equipe\/john-carlson\/","og_site_name":"Archipel Research and Consulting","article_publisher":"https:\/\/www.facebook.com\/profile.php?id=100063630022920","article_modified_time":"2020-12-05T08:05:11+00:00","twitter_card":"summary_large_image","twitter_site":"@ArchipelRC","twitter_misc":{"Dur\u00e9e de lecture estim\u00e9e":"1 minute"},"schema":{"@context":"https:\/\/schema.org","@graph":[{"@type":"WebPage","@id":"https:\/\/archipelresearch.com\/fr\/notre-equipe\/john-carlson\/","url":"https:\/\/archipelresearch.com\/fr\/notre-equipe\/john-carlson\/","name":"John Carlson - Archipel Research and Consulting","isPartOf":{"@id":"https:\/\/archipelresearch.com\/#website"},"datePublished":"2020-07-26T01:16:42+00:00","dateModified":"2020-12-05T08:05:11+00:00","breadcrumb":{"@id":"https:\/\/archipelresearch.com\/fr\/notre-equipe\/john-carlson\/#breadcrumb"},"inLanguage":"fr-FR","potentialAction":[{"@type":"ReadAction","target":["https:\/\/archipelresearch.com\/fr\/notre-equipe\/john-carlson\/"]}]},{"@type":"BreadcrumbList","@id":"https:\/\/archipelresearch.com\/fr\/notre-equipe\/john-carlson\/#breadcrumb","itemListElement":[{"@type":"ListItem","position":1,"name":"Home","item":"https:\/\/archipelresearch.com\/fr\/a-propos-de-nous\/"},{"@type":"ListItem","position":2,"name":"Notre \u00c9quipe","item":"https:\/\/archipelresearch.com\/fr\/notre-equipe\/"},{"@type":"ListItem","position":3,"name":"John Carlson"}]},{"@type":"WebSite","@id":"https:\/\/archipelresearch.com\/#website","url":"https:\/\/archipelresearch.com\/","name":"Archipel Research and Consulting","description":"Bridging Worlds of Knowledge","publisher":{"@id":"https:\/\/archipelresearch.com\/#organization"},"potentialAction":[{"@type":"SearchAction","target":{"@type":"EntryPoint","urlTemplate":"https:\/\/archipelresearch.com\/?s={search_term_string}"},"query-input":{"@type":"PropertyValueSpecification","valueRequired":true,"valueName":"search_term_string"}}],"inLanguage":"fr-FR"},{"@type":"Organization","@id":"https:\/\/archipelresearch.com\/#organization","name":"Archipel Research and Consulting","url":"https:\/\/archipelresearch.com\/","logo":{"@type":"ImageObject","inLanguage":"fr-FR","@id":"https:\/\/archipelresearch.com\/#\/schema\/logo\/image\/","url":"https:\/\/archipelresearch.com\/wp-content\/uploads\/2022\/03\/Archipel-Research-Consulting-Logo-Mark-Full-Color-RGB-500px@72ppi.png","contentUrl":"https:\/\/archipelresearch.com\/wp-content\/uploads\/2022\/03\/Archipel-Research-Consulting-Logo-Mark-Full-Color-RGB-500px@72ppi.png","width":500,"height":500,"caption":"Archipel Research and Consulting"},"image":{"@id":"https:\/\/archipelresearch.com\/#\/schema\/logo\/image\/"},"sameAs":["https:\/\/www.facebook.com\/profile.php?id=100063630022920","https:\/\/x.com\/ArchipelRC","https:\/\/www.instagram.com\/archipelrc\/","https:\/\/www.linkedin.com\/company\/archipel-research-consulting\/"]}]}},"_links":{"self":[{"href":"https:\/\/archipelresearch.com\/fr\/wp-json\/wp\/v2\/pages\/1084"}],"collection":[{"href":"https:\/\/archipelresearch.com\/fr\/wp-json\/wp\/v2\/pages"}],"about":[{"href":"https:\/\/archipelresearch.com\/fr\/wp-json\/wp\/v2\/types\/page"}],"author":[{"embeddable":true,"href":"https:\/\/archipelresearch.com\/fr\/wp-json\/wp\/v2\/users\/1"}],"replies":[{"embeddable":true,"href":"https:\/\/archipelresearch.com\/fr\/wp-json\/wp\/v2\/comments?post=1084"}],"version-history":[{"count":0,"href":"https:\/\/archipelresearch.com\/fr\/wp-json\/wp\/v2\/pages\/1084\/revisions"}],"up":[{"embeddable":true,"href":"https:\/\/archipelresearch.com\/fr\/wp-json\/wp\/v2\/pages\/997"}],"wp:attachment":[{"href":"https:\/\/archipelresearch.com\/fr\/wp-json\/wp\/v2\/media?parent=1084"}],"curies":[{"name":"wp","href":"https:\/\/api.w.org\/{rel}","templated":true}]}}