{"id":1087,"date":"2020-07-26T01:22:42","date_gmt":"2020-07-26T01:22:42","guid":{"rendered":"https:\/\/archipelresearch.com\/?page_id=1087"},"modified":"2021-02-11T21:53:02","modified_gmt":"2021-02-11T21:53:02","slug":"muna-osman","status":"publish","type":"page","link":"https:\/\/archipelresearch.com\/fr\/notre-equipe\/muna-osman\/","title":{"rendered":"Muna Osman"},"content":{"rendered":"\t\t<div data-elementor-type=\"wp-page\" data-elementor-id=\"1087\" class=\"elementor elementor-1087\">\n\t\t\t\t\t\t<section class=\"elementor-section elementor-top-section elementor-element elementor-element-6d279491 elementor-section-boxed elementor-section-height-default elementor-section-height-default\" data-id=\"6d279491\" data-element_type=\"section\">\n\t\t\t\t\t\t<div class=\"elementor-container elementor-column-gap-default\">\n\t\t\t\t\t<div class=\"elementor-column elementor-col-33 elementor-top-column elementor-element elementor-element-2946365f\" data-id=\"2946365f\" data-element_type=\"column\" data-settings=\"{&quot;background_background&quot;:&quot;classic&quot;}\">\n\t\t\t<div class=\"elementor-widget-wrap elementor-element-populated\">\n\t\t\t\t\t\t<section class=\"elementor-section elementor-inner-section elementor-element elementor-element-12e945c0 elementor-section-boxed elementor-section-height-default elementor-section-height-default\" data-id=\"12e945c0\" data-element_type=\"section\">\n\t\t\t\t\t\t<div class=\"elementor-container elementor-column-gap-default\">\n\t\t\t\t\t<div class=\"elementor-column elementor-col-100 elementor-inner-column elementor-element elementor-element-5ae3538b\" data-id=\"5ae3538b\" data-element_type=\"column\" data-settings=\"{&quot;background_background&quot;:&quot;classic&quot;}\">\n\t\t\t<div class=\"elementor-widget-wrap elementor-element-populated\">\n\t\t\t\t\t\t<div class=\"elementor-element elementor-element-766a6ad5 member-image elementor-widget elementor-widget-image\" data-id=\"766a6ad5\" data-element_type=\"widget\" data-widget_type=\"image.default\">\n\t\t\t\t<div class=\"elementor-widget-container\">\n\t\t\t\t\t\t\t\t\t\t\t\t\t\t\t<img fetchpriority=\"high\" decoding=\"async\" width=\"640\" height=\"427\" src=\"https:\/\/archipelresearch.com\/wp-content\/uploads\/2020\/12\/Muna-Osman-1024x683.jpg\" class=\"attachment-large size-large wp-image-1237\" alt=\"Muna Osman\" srcset=\"https:\/\/archipelresearch.com\/wp-content\/uploads\/2020\/12\/Muna-Osman-1024x683.jpg 1024w, https:\/\/archipelresearch.com\/wp-content\/uploads\/2020\/12\/Muna-Osman-300x200.jpg 300w, https:\/\/archipelresearch.com\/wp-content\/uploads\/2020\/12\/Muna-Osman-768x512.jpg 768w, https:\/\/archipelresearch.com\/wp-content\/uploads\/2020\/12\/Muna-Osman-1536x1024.jpg 1536w, https:\/\/archipelresearch.com\/wp-content\/uploads\/2020\/12\/Muna-Osman.jpg 1600w\" sizes=\"(max-width: 640px) 100vw, 640px\" \/>\t\t\t\t\t\t\t\t\t\t\t\t\t\t\t<\/div>\n\t\t\t\t<\/div>\n\t\t\t\t<div class=\"elementor-element elementor-element-4118f9a4 elementor-widget elementor-widget-heading\" data-id=\"4118f9a4\" data-element_type=\"widget\" data-widget_type=\"heading.default\">\n\t\t\t\t<div class=\"elementor-widget-container\">\n\t\t\t\t\t<h2 class=\"elementor-heading-title elementor-size-default\">Dr. Muna Osman, PhD, MA, BA<\/h2>\t\t\t\t<\/div>\n\t\t\t\t<\/div>\n\t\t\t\t<div class=\"elementor-element elementor-element-1002e5af elementor-widget elementor-widget-heading\" data-id=\"1002e5af\" data-element_type=\"widget\" data-widget_type=\"heading.default\">\n\t\t\t\t<div class=\"elementor-widget-container\">\n\t\t\t\t\t<h4 class=\"elementor-heading-title elementor-size-default\">M\u00e9thodologue de recherche et formatrice<\/h4>\t\t\t\t<\/div>\n\t\t\t\t<\/div>\n\t\t\t\t\t<\/div>\n\t\t<\/div>\n\t\t\t\t\t<\/div>\n\t\t<\/section>\n\t\t\t\t\t<\/div>\n\t\t<\/div>\n\t\t\t\t<div class=\"elementor-column elementor-col-66 elementor-top-column elementor-element elementor-element-60115f2c\" data-id=\"60115f2c\" data-element_type=\"column\" data-settings=\"{&quot;background_background&quot;:&quot;classic&quot;}\">\n\t\t\t<div class=\"elementor-widget-wrap elementor-element-populated\">\n\t\t\t\t\t\t<div class=\"elementor-element elementor-element-75c2a58f elementor-widget elementor-widget-text-editor\" data-id=\"75c2a58f\" data-element_type=\"widget\" data-widget_type=\"text-editor.default\">\n\t\t\t\t<div class=\"elementor-widget-container\">\n\t\t\t\t\t\t\t\t\t<div id=\"comp-jvmk5f1w\" class=\"txtNew\" data-packed=\"true\" data-vertical-text=\"false\"><p class=\"font_0\"><span style=\"font-weight: 400;\">Muna Osman est une chercheuse et animatrice sp\u00e9cialis\u00e9e dans les questions sociales et interculturelles, la psychologie, la diversit\u00e9 ethnoculturelle et le d\u00e9veloppement psychosocial des adolescents. Elle poursuit un doctorat en psychologie \u00e0 l&rsquo;Universit\u00e9 d&rsquo;Ottawa et est publi\u00e9e dans des revues de premier plan telles que \u00ab\u00a0Canadian Psychology et Psychology of Music\u00a0\u00bb. C\u2019est une conf\u00e9renci\u00e8re, une animatrice et une chercheuse dynamique qui se passionne pour la compr\u00e9hension de la r\u00e9silience et du d\u00e9veloppement des jeunes racialis\u00e9s. Elle a anim\u00e9 des ateliers sur le soutien aux jeunes racialis\u00e9s et \u00e0 leurs familles et poss\u00e8de une vaste exp\u00e9rience en tant qu&rsquo;oratrice dans les milieux universitaires et communautaires. Avec Archipel, elle a anim\u00e9 des formations pour des organisations locales dont les \u00ab\u00a0Grands Fr\u00e8res Grandes S\u0153urs d&rsquo;Ottawa\u00a0\u00bb. Elle parle couramment l&rsquo;anglais et le somali et poss\u00e8de \u00a0 une bonne connaissance\u00a0 du fran\u00e7ais.<\/span><\/p><\/div>\t\t\t\t\t\t\t\t<\/div>\n\t\t\t\t<\/div>\n\t\t\t\t\t<\/div>\n\t\t<\/div>\n\t\t\t\t\t<\/div>\n\t\t<\/section>\n\t\t\t\t<\/div>\n\t\t","protected":false},"excerpt":{"rendered":"<p>Dr. Muna Osman, PhD, MA, BA M\u00e9thodologue de recherche et formatrice Muna Osman est une chercheuse et animatrice sp\u00e9cialis\u00e9e dans les questions sociales et interculturelles, la psychologie, la diversit\u00e9 ethnoculturelle et le d\u00e9veloppement psychosocial des adolescents. Elle poursuit un doctorat en psychologie \u00e0 l&rsquo;Universit\u00e9 d&rsquo;Ottawa et est publi\u00e9e dans des revues de premier plan telles<\/p>\n","protected":false},"author":1,"featured_media":1237,"parent":997,"menu_order":0,"comment_status":"closed","ping_status":"closed","template":"","meta":{"footnotes":""},"yoast_head":"<!-- This site is optimized with the Yoast SEO plugin v24.5 - https:\/\/yoast.com\/wordpress\/plugins\/seo\/ -->\n<title>Muna Osman - Archipel Research and Consulting<\/title>\n<meta name=\"robots\" content=\"index, follow, max-snippet:-1, max-image-preview:large, max-video-preview:-1\" \/>\n<link rel=\"canonical\" href=\"https:\/\/archipelresearch.com\/fr\/notre-equipe\/muna-osman\/\" \/>\n<meta property=\"og:locale\" content=\"fr_FR\" \/>\n<meta property=\"og:type\" content=\"article\" \/>\n<meta property=\"og:title\" content=\"Muna Osman - Archipel Research and Consulting\" \/>\n<meta property=\"og:description\" content=\"Dr. Muna Osman, PhD, MA, BA M\u00e9thodologue de recherche et formatrice Muna Osman est une chercheuse et animatrice sp\u00e9cialis\u00e9e dans les questions sociales et interculturelles, la psychologie, la diversit\u00e9 ethnoculturelle et le d\u00e9veloppement psychosocial des adolescents. Elle poursuit un doctorat en psychologie \u00e0 l&rsquo;Universit\u00e9 d&rsquo;Ottawa et est publi\u00e9e dans des revues de premier plan telles\" \/>\n<meta property=\"og:url\" content=\"https:\/\/archipelresearch.com\/fr\/notre-equipe\/muna-osman\/\" \/>\n<meta property=\"og:site_name\" content=\"Archipel Research and Consulting\" \/>\n<meta property=\"article:publisher\" content=\"https:\/\/www.facebook.com\/profile.php?id=100063630022920\" \/>\n<meta property=\"article:modified_time\" content=\"2021-02-11T21:53:02+00:00\" \/>\n<meta property=\"og:image\" content=\"https:\/\/archipelresearch.com\/wp-content\/uploads\/2020\/12\/Muna-Osman.jpg\" \/>\n\t<meta property=\"og:image:width\" content=\"1600\" \/>\n\t<meta property=\"og:image:height\" content=\"1067\" \/>\n\t<meta property=\"og:image:type\" content=\"image\/jpeg\" \/>\n<meta name=\"twitter:card\" content=\"summary_large_image\" \/>\n<meta name=\"twitter:site\" content=\"@ArchipelRC\" \/>\n<meta name=\"twitter:label1\" content=\"Dur\u00e9e de lecture estim\u00e9e\" \/>\n\t<meta name=\"twitter:data1\" content=\"1 minute\" \/>\n<script type=\"application\/ld+json\" class=\"yoast-schema-graph\">{\"@context\":\"https:\/\/schema.org\",\"@graph\":[{\"@type\":\"WebPage\",\"@id\":\"https:\/\/archipelresearch.com\/fr\/notre-equipe\/muna-osman\/\",\"url\":\"https:\/\/archipelresearch.com\/fr\/notre-equipe\/muna-osman\/\",\"name\":\"Muna Osman - Archipel Research and Consulting\",\"isPartOf\":{\"@id\":\"https:\/\/archipelresearch.com\/#website\"},\"primaryImageOfPage\":{\"@id\":\"https:\/\/archipelresearch.com\/fr\/notre-equipe\/muna-osman\/#primaryimage\"},\"image\":{\"@id\":\"https:\/\/archipelresearch.com\/fr\/notre-equipe\/muna-osman\/#primaryimage\"},\"thumbnailUrl\":\"https:\/\/archipelresearch.com\/wp-content\/uploads\/2020\/12\/Muna-Osman.jpg\",\"datePublished\":\"2020-07-26T01:22:42+00:00\",\"dateModified\":\"2021-02-11T21:53:02+00:00\",\"breadcrumb\":{\"@id\":\"https:\/\/archipelresearch.com\/fr\/notre-equipe\/muna-osman\/#breadcrumb\"},\"inLanguage\":\"fr-FR\",\"potentialAction\":[{\"@type\":\"ReadAction\",\"target\":[\"https:\/\/archipelresearch.com\/fr\/notre-equipe\/muna-osman\/\"]}]},{\"@type\":\"ImageObject\",\"inLanguage\":\"fr-FR\",\"@id\":\"https:\/\/archipelresearch.com\/fr\/notre-equipe\/muna-osman\/#primaryimage\",\"url\":\"https:\/\/archipelresearch.com\/wp-content\/uploads\/2020\/12\/Muna-Osman.jpg\",\"contentUrl\":\"https:\/\/archipelresearch.com\/wp-content\/uploads\/2020\/12\/Muna-Osman.jpg\",\"width\":1600,\"height\":1067,\"caption\":\"Muna Osman\"},{\"@type\":\"BreadcrumbList\",\"@id\":\"https:\/\/archipelresearch.com\/fr\/notre-equipe\/muna-osman\/#breadcrumb\",\"itemListElement\":[{\"@type\":\"ListItem\",\"position\":1,\"name\":\"Home\",\"item\":\"https:\/\/archipelresearch.com\/fr\/a-propos-de-nous\/\"},{\"@type\":\"ListItem\",\"position\":2,\"name\":\"Notre \u00c9quipe\",\"item\":\"https:\/\/archipelresearch.com\/fr\/notre-equipe\/\"},{\"@type\":\"ListItem\",\"position\":3,\"name\":\"Muna Osman\"}]},{\"@type\":\"WebSite\",\"@id\":\"https:\/\/archipelresearch.com\/#website\",\"url\":\"https:\/\/archipelresearch.com\/\",\"name\":\"Archipel Research and Consulting\",\"description\":\"Bridging Worlds of Knowledge\",\"publisher\":{\"@id\":\"https:\/\/archipelresearch.com\/#organization\"},\"potentialAction\":[{\"@type\":\"SearchAction\",\"target\":{\"@type\":\"EntryPoint\",\"urlTemplate\":\"https:\/\/archipelresearch.com\/?s={search_term_string}\"},\"query-input\":{\"@type\":\"PropertyValueSpecification\",\"valueRequired\":true,\"valueName\":\"search_term_string\"}}],\"inLanguage\":\"fr-FR\"},{\"@type\":\"Organization\",\"@id\":\"https:\/\/archipelresearch.com\/#organization\",\"name\":\"Archipel Research and Consulting\",\"url\":\"https:\/\/archipelresearch.com\/\",\"logo\":{\"@type\":\"ImageObject\",\"inLanguage\":\"fr-FR\",\"@id\":\"https:\/\/archipelresearch.com\/#\/schema\/logo\/image\/\",\"url\":\"https:\/\/archipelresearch.com\/wp-content\/uploads\/2022\/03\/Archipel-Research-Consulting-Logo-Mark-Full-Color-RGB-500px@72ppi.png\",\"contentUrl\":\"https:\/\/archipelresearch.com\/wp-content\/uploads\/2022\/03\/Archipel-Research-Consulting-Logo-Mark-Full-Color-RGB-500px@72ppi.png\",\"width\":500,\"height\":500,\"caption\":\"Archipel Research and Consulting\"},\"image\":{\"@id\":\"https:\/\/archipelresearch.com\/#\/schema\/logo\/image\/\"},\"sameAs\":[\"https:\/\/www.facebook.com\/profile.php?id=100063630022920\",\"https:\/\/x.com\/ArchipelRC\",\"https:\/\/www.instagram.com\/archipelrc\/\",\"https:\/\/www.linkedin.com\/company\/archipel-research-consulting\/\"]}]}<\/script>\n<!-- \/ Yoast SEO plugin. -->","yoast_head_json":{"title":"Muna Osman - Archipel Research and Consulting","robots":{"index":"index","follow":"follow","max-snippet":"max-snippet:-1","max-image-preview":"max-image-preview:large","max-video-preview":"max-video-preview:-1"},"canonical":"https:\/\/archipelresearch.com\/fr\/notre-equipe\/muna-osman\/","og_locale":"fr_FR","og_type":"article","og_title":"Muna Osman - Archipel Research and Consulting","og_description":"Dr. Muna Osman, PhD, MA, BA M\u00e9thodologue de recherche et formatrice Muna Osman est une chercheuse et animatrice sp\u00e9cialis\u00e9e dans les questions sociales et interculturelles, la psychologie, la diversit\u00e9 ethnoculturelle et le d\u00e9veloppement psychosocial des adolescents. Elle poursuit un doctorat en psychologie \u00e0 l&rsquo;Universit\u00e9 d&rsquo;Ottawa et est publi\u00e9e dans des revues de premier plan telles","og_url":"https:\/\/archipelresearch.com\/fr\/notre-equipe\/muna-osman\/","og_site_name":"Archipel Research and Consulting","article_publisher":"https:\/\/www.facebook.com\/profile.php?id=100063630022920","article_modified_time":"2021-02-11T21:53:02+00:00","og_image":[{"width":1600,"height":1067,"url":"https:\/\/archipelresearch.com\/wp-content\/uploads\/2020\/12\/Muna-Osman.jpg","type":"image\/jpeg"}],"twitter_card":"summary_large_image","twitter_site":"@ArchipelRC","twitter_misc":{"Dur\u00e9e de lecture estim\u00e9e":"1 minute"},"schema":{"@context":"https:\/\/schema.org","@graph":[{"@type":"WebPage","@id":"https:\/\/archipelresearch.com\/fr\/notre-equipe\/muna-osman\/","url":"https:\/\/archipelresearch.com\/fr\/notre-equipe\/muna-osman\/","name":"Muna Osman - Archipel Research and Consulting","isPartOf":{"@id":"https:\/\/archipelresearch.com\/#website"},"primaryImageOfPage":{"@id":"https:\/\/archipelresearch.com\/fr\/notre-equipe\/muna-osman\/#primaryimage"},"image":{"@id":"https:\/\/archipelresearch.com\/fr\/notre-equipe\/muna-osman\/#primaryimage"},"thumbnailUrl":"https:\/\/archipelresearch.com\/wp-content\/uploads\/2020\/12\/Muna-Osman.jpg","datePublished":"2020-07-26T01:22:42+00:00","dateModified":"2021-02-11T21:53:02+00:00","breadcrumb":{"@id":"https:\/\/archipelresearch.com\/fr\/notre-equipe\/muna-osman\/#breadcrumb"},"inLanguage":"fr-FR","potentialAction":[{"@type":"ReadAction","target":["https:\/\/archipelresearch.com\/fr\/notre-equipe\/muna-osman\/"]}]},{"@type":"ImageObject","inLanguage":"fr-FR","@id":"https:\/\/archipelresearch.com\/fr\/notre-equipe\/muna-osman\/#primaryimage","url":"https:\/\/archipelresearch.com\/wp-content\/uploads\/2020\/12\/Muna-Osman.jpg","contentUrl":"https:\/\/archipelresearch.com\/wp-content\/uploads\/2020\/12\/Muna-Osman.jpg","width":1600,"height":1067,"caption":"Muna Osman"},{"@type":"BreadcrumbList","@id":"https:\/\/archipelresearch.com\/fr\/notre-equipe\/muna-osman\/#breadcrumb","itemListElement":[{"@type":"ListItem","position":1,"name":"Home","item":"https:\/\/archipelresearch.com\/fr\/a-propos-de-nous\/"},{"@type":"ListItem","position":2,"name":"Notre \u00c9quipe","item":"https:\/\/archipelresearch.com\/fr\/notre-equipe\/"},{"@type":"ListItem","position":3,"name":"Muna Osman"}]},{"@type":"WebSite","@id":"https:\/\/archipelresearch.com\/#website","url":"https:\/\/archipelresearch.com\/","name":"Archipel Research and Consulting","description":"Bridging Worlds of Knowledge","publisher":{"@id":"https:\/\/archipelresearch.com\/#organization"},"potentialAction":[{"@type":"SearchAction","target":{"@type":"EntryPoint","urlTemplate":"https:\/\/archipelresearch.com\/?s={search_term_string}"},"query-input":{"@type":"PropertyValueSpecification","valueRequired":true,"valueName":"search_term_string"}}],"inLanguage":"fr-FR"},{"@type":"Organization","@id":"https:\/\/archipelresearch.com\/#organization","name":"Archipel Research and Consulting","url":"https:\/\/archipelresearch.com\/","logo":{"@type":"ImageObject","inLanguage":"fr-FR","@id":"https:\/\/archipelresearch.com\/#\/schema\/logo\/image\/","url":"https:\/\/archipelresearch.com\/wp-content\/uploads\/2022\/03\/Archipel-Research-Consulting-Logo-Mark-Full-Color-RGB-500px@72ppi.png","contentUrl":"https:\/\/archipelresearch.com\/wp-content\/uploads\/2022\/03\/Archipel-Research-Consulting-Logo-Mark-Full-Color-RGB-500px@72ppi.png","width":500,"height":500,"caption":"Archipel Research and Consulting"},"image":{"@id":"https:\/\/archipelresearch.com\/#\/schema\/logo\/image\/"},"sameAs":["https:\/\/www.facebook.com\/profile.php?id=100063630022920","https:\/\/x.com\/ArchipelRC","https:\/\/www.instagram.com\/archipelrc\/","https:\/\/www.linkedin.com\/company\/archipel-research-consulting\/"]}]}},"_links":{"self":[{"href":"https:\/\/archipelresearch.com\/fr\/wp-json\/wp\/v2\/pages\/1087"}],"collection":[{"href":"https:\/\/archipelresearch.com\/fr\/wp-json\/wp\/v2\/pages"}],"about":[{"href":"https:\/\/archipelresearch.com\/fr\/wp-json\/wp\/v2\/types\/page"}],"author":[{"embeddable":true,"href":"https:\/\/archipelresearch.com\/fr\/wp-json\/wp\/v2\/users\/1"}],"replies":[{"embeddable":true,"href":"https:\/\/archipelresearch.com\/fr\/wp-json\/wp\/v2\/comments?post=1087"}],"version-history":[{"count":0,"href":"https:\/\/archipelresearch.com\/fr\/wp-json\/wp\/v2\/pages\/1087\/revisions"}],"up":[{"embeddable":true,"href":"https:\/\/archipelresearch.com\/fr\/wp-json\/wp\/v2\/pages\/997"}],"wp:featuredmedia":[{"embeddable":true,"href":"https:\/\/archipelresearch.com\/fr\/wp-json\/wp\/v2\/media\/1237"}],"wp:attachment":[{"href":"https:\/\/archipelresearch.com\/fr\/wp-json\/wp\/v2\/media?parent=1087"}],"curies":[{"name":"wp","href":"https:\/\/api.w.org\/{rel}","templated":true}]}}