{"id":1090,"date":"2020-07-26T01:27:56","date_gmt":"2020-07-26T01:27:56","guid":{"rendered":"https:\/\/archipelresearch.com\/?page_id=1090"},"modified":"2021-04-14T01:44:05","modified_gmt":"2021-04-14T01:44:05","slug":"roxanne-korpan","status":"publish","type":"page","link":"https:\/\/archipelresearch.com\/fr\/notre-equipe\/roxanne-korpan\/","title":{"rendered":"Roxanne Korpan"},"content":{"rendered":"\t\t<div data-elementor-type=\"wp-page\" data-elementor-id=\"1090\" class=\"elementor elementor-1090\">\n\t\t\t\t\t\t<section class=\"elementor-section elementor-top-section elementor-element elementor-element-61418a92 elementor-section-boxed elementor-section-height-default elementor-section-height-default\" data-id=\"61418a92\" data-element_type=\"section\">\n\t\t\t\t\t\t<div class=\"elementor-container elementor-column-gap-default\">\n\t\t\t\t\t<div class=\"elementor-column elementor-col-33 elementor-top-column elementor-element elementor-element-231d5479\" data-id=\"231d5479\" data-element_type=\"column\" data-settings=\"{&quot;background_background&quot;:&quot;classic&quot;}\">\n\t\t\t<div class=\"elementor-widget-wrap elementor-element-populated\">\n\t\t\t\t\t\t<section class=\"elementor-section elementor-inner-section elementor-element elementor-element-70daa199 elementor-section-boxed elementor-section-height-default elementor-section-height-default\" data-id=\"70daa199\" data-element_type=\"section\">\n\t\t\t\t\t\t<div class=\"elementor-container elementor-column-gap-default\">\n\t\t\t\t\t<div class=\"elementor-column elementor-col-100 elementor-inner-column elementor-element elementor-element-682a22b3\" data-id=\"682a22b3\" data-element_type=\"column\" data-settings=\"{&quot;background_background&quot;:&quot;classic&quot;}\">\n\t\t\t<div class=\"elementor-widget-wrap elementor-element-populated\">\n\t\t\t\t\t\t<div class=\"elementor-element elementor-element-f9e2857 elementor-widget elementor-widget-image\" data-id=\"f9e2857\" data-element_type=\"widget\" data-widget_type=\"image.default\">\n\t\t\t\t<div class=\"elementor-widget-container\">\n\t\t\t\t\t\t\t\t\t\t\t\t\t\t\t<img fetchpriority=\"high\" decoding=\"async\" width=\"371\" height=\"511\" src=\"https:\/\/archipelresearch.com\/wp-content\/uploads\/2020\/06\/ezgif-4-484ffe2624b8.png\" class=\"attachment-large size-large wp-image-888\" alt=\"Roxanne Korpan\" srcset=\"https:\/\/archipelresearch.com\/wp-content\/uploads\/2020\/06\/ezgif-4-484ffe2624b8.png 371w, https:\/\/archipelresearch.com\/wp-content\/uploads\/2020\/06\/ezgif-4-484ffe2624b8-218x300.png 218w\" sizes=\"(max-width: 371px) 100vw, 371px\" \/>\t\t\t\t\t\t\t\t\t\t\t\t\t\t\t<\/div>\n\t\t\t\t<\/div>\n\t\t\t\t<div class=\"elementor-element elementor-element-1bf443f3 elementor-widget elementor-widget-heading\" data-id=\"1bf443f3\" data-element_type=\"widget\" data-widget_type=\"heading.default\">\n\t\t\t\t<div class=\"elementor-widget-container\">\n\t\t\t\t\t<h2 class=\"elementor-heading-title elementor-size-default\">Roxanne Korpan PhD (Cand.), MA, BA<\/h2>\t\t\t\t<\/div>\n\t\t\t\t<\/div>\n\t\t\t\t<div class=\"elementor-element elementor-element-48e5ae38 elementor-widget elementor-widget-heading\" data-id=\"48e5ae38\" data-element_type=\"widget\" data-widget_type=\"heading.default\">\n\t\t\t\t<div class=\"elementor-widget-container\">\n\t\t\t\t\t<h4 class=\"elementor-heading-title elementor-size-default\">Chercheur historique\n<\/h4>\t\t\t\t<\/div>\n\t\t\t\t<\/div>\n\t\t\t\t\t<\/div>\n\t\t<\/div>\n\t\t\t\t\t<\/div>\n\t\t<\/section>\n\t\t\t\t\t<\/div>\n\t\t<\/div>\n\t\t\t\t<div class=\"elementor-column elementor-col-66 elementor-top-column elementor-element elementor-element-5161d615\" data-id=\"5161d615\" data-element_type=\"column\" data-settings=\"{&quot;background_background&quot;:&quot;classic&quot;}\">\n\t\t\t<div class=\"elementor-widget-wrap elementor-element-populated\">\n\t\t\t\t\t\t<div class=\"elementor-element elementor-element-33c71cc9 elementor-widget elementor-widget-text-editor\" data-id=\"33c71cc9\" data-element_type=\"widget\" data-widget_type=\"text-editor.default\">\n\t\t\t\t<div class=\"elementor-widget-container\">\n\t\t\t\t\t\t\t\t\t<p><span style=\"font-weight: 400;\">Roxanne Korpan est une chercheuse universitaire, \u00e9crivaine et \u00e9ducatrice bas\u00e9e \u00e0 l&rsquo;Universit\u00e9 de Toronto. Elle est originaire du sud de la Saskatchewan, avec des anc\u00eatres qui ont immigr\u00e9 de Norv\u00e8ge, d&rsquo;Ukraine, d&rsquo;\u00c9cosse et d&rsquo;Angleterre. Elle poursuit des recherches sur l&rsquo;histoire de la religion et du colonialisme au Canada, notamment en ce qui concerne le christianisme missionnaire et la r\u00e9daction et l&rsquo;\u00e9dition en langue autochtone au XIX\u00e8me si\u00e8cle. Elle fait partie du projet de collaboration en sciences humaines num\u00e9riques \u00ab\u00a0Kiinawin Kawindomowin Story Nations\u00a0\u00bb, qui documente les r\u00e9ponses des Anishinaabe au christianisme par le biais de r\u00e9cits multim\u00e9dia. Ce projet est dirig\u00e9 par Pamela Klassen (Universit\u00e9 de Toronto) en consultation avec le personnel, les a\u00een\u00e9s et les membres de la communaut\u00e9 du Centre historique Kay-Nah-Chi-Wah-Nung des Premi\u00e8res nations de Rainy River. Roxanne pr\u00e9sente r\u00e9guli\u00e8rement des recherches lors des conf\u00e9rences internationales et canadiennes, ainsi que son article \u00ab\u00a0Scriptural Relations : Analysing the Materiality of Anishinaabemowin Bibles in Nineteenth-Century British North America\u00a0\u00bb est \u00e0 para\u00eetre dans \u00ab\u00a0Material Religion\u00a0\u00bb 17(1). Roxanne a \u00e9galement de l&rsquo;exp\u00e9rience dans la conception et l&rsquo;enseignement des cours de premier cycle, ainsi que dans l&rsquo;action communautaire avec la \u00ab\u00a0Regina Open Door Society\u00a0\u00bb, \u00ab\u00a0Kids Help Phone\u00a0\u00bb, \u00ab\u00a0New Dance Horizons\u00a0\u00bb et \u00ab\u00a0Commonweal Community Arts\u00a0\u00bb.\u00a0<\/span><\/p><p><span style=\"font-weight: 400;\">Candidate au doctorat sur la religion, l&rsquo;histoire du livre et la culture de l&rsquo;imprim\u00e9 (Universit\u00e9 de Toronto) ; \u00e0 la ma\u00eetrise en \u00e9tudes religieuses (Universit\u00e9 de Regina) ; \u00e0 la licence (B.A. Hons. \u00c9tudes religieuses (Universit\u00e9 de Regina). <\/span><\/p>\t\t\t\t\t\t\t\t<\/div>\n\t\t\t\t<\/div>\n\t\t\t\t\t<\/div>\n\t\t<\/div>\n\t\t\t\t\t<\/div>\n\t\t<\/section>\n\t\t\t\t<\/div>\n\t\t","protected":false},"excerpt":{"rendered":"<p>Roxanne Korpan PhD (Cand.), MA, BA Chercheur historique Roxanne Korpan est une chercheuse universitaire, \u00e9crivaine et \u00e9ducatrice bas\u00e9e \u00e0 l&rsquo;Universit\u00e9 de Toronto. Elle est originaire du sud de la Saskatchewan, avec des anc\u00eatres qui ont immigr\u00e9 de Norv\u00e8ge, d&rsquo;Ukraine, d&rsquo;\u00c9cosse et d&rsquo;Angleterre. Elle poursuit des recherches sur l&rsquo;histoire de la religion et du colonialisme au<\/p>\n","protected":false},"author":1,"featured_media":888,"parent":997,"menu_order":0,"comment_status":"closed","ping_status":"closed","template":"","meta":{"footnotes":""},"yoast_head":"<!-- This site is optimized with the Yoast SEO plugin v24.5 - https:\/\/yoast.com\/wordpress\/plugins\/seo\/ -->\n<title>Roxanne Korpan - Archipel Research and Consulting<\/title>\n<meta name=\"robots\" content=\"index, follow, max-snippet:-1, max-image-preview:large, max-video-preview:-1\" \/>\n<link rel=\"canonical\" href=\"https:\/\/archipelresearch.com\/fr\/notre-equipe\/roxanne-korpan\/\" \/>\n<meta property=\"og:locale\" content=\"fr_FR\" \/>\n<meta property=\"og:type\" content=\"article\" \/>\n<meta property=\"og:title\" content=\"Roxanne Korpan - Archipel Research and Consulting\" \/>\n<meta property=\"og:description\" content=\"Roxanne Korpan PhD (Cand.), MA, BA Chercheur historique Roxanne Korpan est une chercheuse universitaire, \u00e9crivaine et \u00e9ducatrice bas\u00e9e \u00e0 l&rsquo;Universit\u00e9 de Toronto. Elle est originaire du sud de la Saskatchewan, avec des anc\u00eatres qui ont immigr\u00e9 de Norv\u00e8ge, d&rsquo;Ukraine, d&rsquo;\u00c9cosse et d&rsquo;Angleterre. Elle poursuit des recherches sur l&rsquo;histoire de la religion et du colonialisme au\" \/>\n<meta property=\"og:url\" content=\"https:\/\/archipelresearch.com\/fr\/notre-equipe\/roxanne-korpan\/\" \/>\n<meta property=\"og:site_name\" content=\"Archipel Research and Consulting\" \/>\n<meta property=\"article:publisher\" content=\"https:\/\/www.facebook.com\/profile.php?id=100063630022920\" \/>\n<meta property=\"article:modified_time\" content=\"2021-04-14T01:44:05+00:00\" \/>\n<meta property=\"og:image\" content=\"https:\/\/archipelresearch.com\/wp-content\/uploads\/2020\/06\/ezgif-4-484ffe2624b8.png\" \/>\n\t<meta property=\"og:image:width\" content=\"371\" \/>\n\t<meta property=\"og:image:height\" content=\"511\" \/>\n\t<meta property=\"og:image:type\" content=\"image\/png\" \/>\n<meta name=\"twitter:card\" content=\"summary_large_image\" \/>\n<meta name=\"twitter:site\" content=\"@ArchipelRC\" \/>\n<meta name=\"twitter:label1\" content=\"Dur\u00e9e de lecture estim\u00e9e\" \/>\n\t<meta name=\"twitter:data1\" content=\"2 minutes\" \/>\n<script type=\"application\/ld+json\" class=\"yoast-schema-graph\">{\"@context\":\"https:\/\/schema.org\",\"@graph\":[{\"@type\":\"WebPage\",\"@id\":\"https:\/\/archipelresearch.com\/fr\/notre-equipe\/roxanne-korpan\/\",\"url\":\"https:\/\/archipelresearch.com\/fr\/notre-equipe\/roxanne-korpan\/\",\"name\":\"Roxanne Korpan - Archipel Research and Consulting\",\"isPartOf\":{\"@id\":\"https:\/\/archipelresearch.com\/#website\"},\"primaryImageOfPage\":{\"@id\":\"https:\/\/archipelresearch.com\/fr\/notre-equipe\/roxanne-korpan\/#primaryimage\"},\"image\":{\"@id\":\"https:\/\/archipelresearch.com\/fr\/notre-equipe\/roxanne-korpan\/#primaryimage\"},\"thumbnailUrl\":\"https:\/\/archipelresearch.com\/wp-content\/uploads\/2020\/06\/ezgif-4-484ffe2624b8.png\",\"datePublished\":\"2020-07-26T01:27:56+00:00\",\"dateModified\":\"2021-04-14T01:44:05+00:00\",\"breadcrumb\":{\"@id\":\"https:\/\/archipelresearch.com\/fr\/notre-equipe\/roxanne-korpan\/#breadcrumb\"},\"inLanguage\":\"fr-FR\",\"potentialAction\":[{\"@type\":\"ReadAction\",\"target\":[\"https:\/\/archipelresearch.com\/fr\/notre-equipe\/roxanne-korpan\/\"]}]},{\"@type\":\"ImageObject\",\"inLanguage\":\"fr-FR\",\"@id\":\"https:\/\/archipelresearch.com\/fr\/notre-equipe\/roxanne-korpan\/#primaryimage\",\"url\":\"https:\/\/archipelresearch.com\/wp-content\/uploads\/2020\/06\/ezgif-4-484ffe2624b8.png\",\"contentUrl\":\"https:\/\/archipelresearch.com\/wp-content\/uploads\/2020\/06\/ezgif-4-484ffe2624b8.png\",\"width\":371,\"height\":511,\"caption\":\"Roxanne Korpan PhD (Cand.), MA, BA RESEARCH ASSOCIATE\"},{\"@type\":\"BreadcrumbList\",\"@id\":\"https:\/\/archipelresearch.com\/fr\/notre-equipe\/roxanne-korpan\/#breadcrumb\",\"itemListElement\":[{\"@type\":\"ListItem\",\"position\":1,\"name\":\"Home\",\"item\":\"https:\/\/archipelresearch.com\/fr\/a-propos-de-nous\/\"},{\"@type\":\"ListItem\",\"position\":2,\"name\":\"Notre \u00c9quipe\",\"item\":\"https:\/\/archipelresearch.com\/fr\/notre-equipe\/\"},{\"@type\":\"ListItem\",\"position\":3,\"name\":\"Roxanne Korpan\"}]},{\"@type\":\"WebSite\",\"@id\":\"https:\/\/archipelresearch.com\/#website\",\"url\":\"https:\/\/archipelresearch.com\/\",\"name\":\"Archipel Research and Consulting\",\"description\":\"Bridging Worlds of Knowledge\",\"publisher\":{\"@id\":\"https:\/\/archipelresearch.com\/#organization\"},\"potentialAction\":[{\"@type\":\"SearchAction\",\"target\":{\"@type\":\"EntryPoint\",\"urlTemplate\":\"https:\/\/archipelresearch.com\/?s={search_term_string}\"},\"query-input\":{\"@type\":\"PropertyValueSpecification\",\"valueRequired\":true,\"valueName\":\"search_term_string\"}}],\"inLanguage\":\"fr-FR\"},{\"@type\":\"Organization\",\"@id\":\"https:\/\/archipelresearch.com\/#organization\",\"name\":\"Archipel Research and Consulting\",\"url\":\"https:\/\/archipelresearch.com\/\",\"logo\":{\"@type\":\"ImageObject\",\"inLanguage\":\"fr-FR\",\"@id\":\"https:\/\/archipelresearch.com\/#\/schema\/logo\/image\/\",\"url\":\"https:\/\/archipelresearch.com\/wp-content\/uploads\/2022\/03\/Archipel-Research-Consulting-Logo-Mark-Full-Color-RGB-500px@72ppi.png\",\"contentUrl\":\"https:\/\/archipelresearch.com\/wp-content\/uploads\/2022\/03\/Archipel-Research-Consulting-Logo-Mark-Full-Color-RGB-500px@72ppi.png\",\"width\":500,\"height\":500,\"caption\":\"Archipel Research and Consulting\"},\"image\":{\"@id\":\"https:\/\/archipelresearch.com\/#\/schema\/logo\/image\/\"},\"sameAs\":[\"https:\/\/www.facebook.com\/profile.php?id=100063630022920\",\"https:\/\/x.com\/ArchipelRC\",\"https:\/\/www.instagram.com\/archipelrc\/\",\"https:\/\/www.linkedin.com\/company\/archipel-research-consulting\/\"]}]}<\/script>\n<!-- \/ Yoast SEO plugin. -->","yoast_head_json":{"title":"Roxanne Korpan - Archipel Research and Consulting","robots":{"index":"index","follow":"follow","max-snippet":"max-snippet:-1","max-image-preview":"max-image-preview:large","max-video-preview":"max-video-preview:-1"},"canonical":"https:\/\/archipelresearch.com\/fr\/notre-equipe\/roxanne-korpan\/","og_locale":"fr_FR","og_type":"article","og_title":"Roxanne Korpan - Archipel Research and Consulting","og_description":"Roxanne Korpan PhD (Cand.), MA, BA Chercheur historique Roxanne Korpan est une chercheuse universitaire, \u00e9crivaine et \u00e9ducatrice bas\u00e9e \u00e0 l&rsquo;Universit\u00e9 de Toronto. Elle est originaire du sud de la Saskatchewan, avec des anc\u00eatres qui ont immigr\u00e9 de Norv\u00e8ge, d&rsquo;Ukraine, d&rsquo;\u00c9cosse et d&rsquo;Angleterre. Elle poursuit des recherches sur l&rsquo;histoire de la religion et du colonialisme au","og_url":"https:\/\/archipelresearch.com\/fr\/notre-equipe\/roxanne-korpan\/","og_site_name":"Archipel Research and Consulting","article_publisher":"https:\/\/www.facebook.com\/profile.php?id=100063630022920","article_modified_time":"2021-04-14T01:44:05+00:00","og_image":[{"width":371,"height":511,"url":"https:\/\/archipelresearch.com\/wp-content\/uploads\/2020\/06\/ezgif-4-484ffe2624b8.png","type":"image\/png"}],"twitter_card":"summary_large_image","twitter_site":"@ArchipelRC","twitter_misc":{"Dur\u00e9e de lecture estim\u00e9e":"2 minutes"},"schema":{"@context":"https:\/\/schema.org","@graph":[{"@type":"WebPage","@id":"https:\/\/archipelresearch.com\/fr\/notre-equipe\/roxanne-korpan\/","url":"https:\/\/archipelresearch.com\/fr\/notre-equipe\/roxanne-korpan\/","name":"Roxanne Korpan - Archipel Research and Consulting","isPartOf":{"@id":"https:\/\/archipelresearch.com\/#website"},"primaryImageOfPage":{"@id":"https:\/\/archipelresearch.com\/fr\/notre-equipe\/roxanne-korpan\/#primaryimage"},"image":{"@id":"https:\/\/archipelresearch.com\/fr\/notre-equipe\/roxanne-korpan\/#primaryimage"},"thumbnailUrl":"https:\/\/archipelresearch.com\/wp-content\/uploads\/2020\/06\/ezgif-4-484ffe2624b8.png","datePublished":"2020-07-26T01:27:56+00:00","dateModified":"2021-04-14T01:44:05+00:00","breadcrumb":{"@id":"https:\/\/archipelresearch.com\/fr\/notre-equipe\/roxanne-korpan\/#breadcrumb"},"inLanguage":"fr-FR","potentialAction":[{"@type":"ReadAction","target":["https:\/\/archipelresearch.com\/fr\/notre-equipe\/roxanne-korpan\/"]}]},{"@type":"ImageObject","inLanguage":"fr-FR","@id":"https:\/\/archipelresearch.com\/fr\/notre-equipe\/roxanne-korpan\/#primaryimage","url":"https:\/\/archipelresearch.com\/wp-content\/uploads\/2020\/06\/ezgif-4-484ffe2624b8.png","contentUrl":"https:\/\/archipelresearch.com\/wp-content\/uploads\/2020\/06\/ezgif-4-484ffe2624b8.png","width":371,"height":511,"caption":"Roxanne Korpan PhD (Cand.), MA, BA RESEARCH ASSOCIATE"},{"@type":"BreadcrumbList","@id":"https:\/\/archipelresearch.com\/fr\/notre-equipe\/roxanne-korpan\/#breadcrumb","itemListElement":[{"@type":"ListItem","position":1,"name":"Home","item":"https:\/\/archipelresearch.com\/fr\/a-propos-de-nous\/"},{"@type":"ListItem","position":2,"name":"Notre \u00c9quipe","item":"https:\/\/archipelresearch.com\/fr\/notre-equipe\/"},{"@type":"ListItem","position":3,"name":"Roxanne Korpan"}]},{"@type":"WebSite","@id":"https:\/\/archipelresearch.com\/#website","url":"https:\/\/archipelresearch.com\/","name":"Archipel Research and Consulting","description":"Bridging Worlds of Knowledge","publisher":{"@id":"https:\/\/archipelresearch.com\/#organization"},"potentialAction":[{"@type":"SearchAction","target":{"@type":"EntryPoint","urlTemplate":"https:\/\/archipelresearch.com\/?s={search_term_string}"},"query-input":{"@type":"PropertyValueSpecification","valueRequired":true,"valueName":"search_term_string"}}],"inLanguage":"fr-FR"},{"@type":"Organization","@id":"https:\/\/archipelresearch.com\/#organization","name":"Archipel Research and Consulting","url":"https:\/\/archipelresearch.com\/","logo":{"@type":"ImageObject","inLanguage":"fr-FR","@id":"https:\/\/archipelresearch.com\/#\/schema\/logo\/image\/","url":"https:\/\/archipelresearch.com\/wp-content\/uploads\/2022\/03\/Archipel-Research-Consulting-Logo-Mark-Full-Color-RGB-500px@72ppi.png","contentUrl":"https:\/\/archipelresearch.com\/wp-content\/uploads\/2022\/03\/Archipel-Research-Consulting-Logo-Mark-Full-Color-RGB-500px@72ppi.png","width":500,"height":500,"caption":"Archipel Research and Consulting"},"image":{"@id":"https:\/\/archipelresearch.com\/#\/schema\/logo\/image\/"},"sameAs":["https:\/\/www.facebook.com\/profile.php?id=100063630022920","https:\/\/x.com\/ArchipelRC","https:\/\/www.instagram.com\/archipelrc\/","https:\/\/www.linkedin.com\/company\/archipel-research-consulting\/"]}]}},"_links":{"self":[{"href":"https:\/\/archipelresearch.com\/fr\/wp-json\/wp\/v2\/pages\/1090"}],"collection":[{"href":"https:\/\/archipelresearch.com\/fr\/wp-json\/wp\/v2\/pages"}],"about":[{"href":"https:\/\/archipelresearch.com\/fr\/wp-json\/wp\/v2\/types\/page"}],"author":[{"embeddable":true,"href":"https:\/\/archipelresearch.com\/fr\/wp-json\/wp\/v2\/users\/1"}],"replies":[{"embeddable":true,"href":"https:\/\/archipelresearch.com\/fr\/wp-json\/wp\/v2\/comments?post=1090"}],"version-history":[{"count":0,"href":"https:\/\/archipelresearch.com\/fr\/wp-json\/wp\/v2\/pages\/1090\/revisions"}],"up":[{"embeddable":true,"href":"https:\/\/archipelresearch.com\/fr\/wp-json\/wp\/v2\/pages\/997"}],"wp:featuredmedia":[{"embeddable":true,"href":"https:\/\/archipelresearch.com\/fr\/wp-json\/wp\/v2\/media\/888"}],"wp:attachment":[{"href":"https:\/\/archipelresearch.com\/fr\/wp-json\/wp\/v2\/media?parent=1090"}],"curies":[{"name":"wp","href":"https:\/\/api.w.org\/{rel}","templated":true}]}}