{"id":1142,"date":"2020-08-28T20:37:08","date_gmt":"2020-08-28T20:37:08","guid":{"rendered":"https:\/\/archipelresearch.com\/?page_id=1142"},"modified":"2020-12-05T07:59:34","modified_gmt":"2020-12-05T07:59:34","slug":"aliqa-illauq","status":"publish","type":"page","link":"https:\/\/archipelresearch.com\/fr\/notre-equipe\/aliqa-illauq\/","title":{"rendered":"Aliqa Illauq"},"content":{"rendered":"\t\t<div data-elementor-type=\"wp-page\" data-elementor-id=\"1142\" class=\"elementor elementor-1142\">\n\t\t\t\t\t\t<section class=\"elementor-section elementor-top-section elementor-element elementor-element-6070efdc elementor-section-boxed elementor-section-height-default elementor-section-height-default\" data-id=\"6070efdc\" data-element_type=\"section\">\n\t\t\t\t\t\t<div class=\"elementor-container elementor-column-gap-default\">\n\t\t\t\t\t<div class=\"elementor-column elementor-col-33 elementor-top-column elementor-element elementor-element-34acc2bb\" data-id=\"34acc2bb\" data-element_type=\"column\" data-settings=\"{&quot;background_background&quot;:&quot;classic&quot;}\">\n\t\t\t<div class=\"elementor-widget-wrap elementor-element-populated\">\n\t\t\t\t\t\t<section class=\"elementor-section elementor-inner-section elementor-element elementor-element-700906af elementor-section-boxed elementor-section-height-default elementor-section-height-default\" data-id=\"700906af\" data-element_type=\"section\">\n\t\t\t\t\t\t<div class=\"elementor-container elementor-column-gap-default\">\n\t\t\t\t\t<div class=\"elementor-column elementor-col-100 elementor-inner-column elementor-element elementor-element-255c2c4e\" data-id=\"255c2c4e\" data-element_type=\"column\" data-settings=\"{&quot;background_background&quot;:&quot;classic&quot;}\">\n\t\t\t<div class=\"elementor-widget-wrap elementor-element-populated\">\n\t\t\t\t\t\t<div class=\"elementor-element elementor-element-497c0e36 member-image elementor-widget elementor-widget-image\" data-id=\"497c0e36\" data-element_type=\"widget\" data-widget_type=\"image.default\">\n\t\t\t\t<div class=\"elementor-widget-container\">\n\t\t\t\t\t\t\t\t\t\t\t\t\t\t\t<img fetchpriority=\"high\" decoding=\"async\" width=\"640\" height=\"426\" src=\"https:\/\/archipelresearch.com\/wp-content\/uploads\/2020\/12\/Aliqa-Illauq-1024x682.jpg\" class=\"attachment-large size-large wp-image-1215\" alt=\"Aliqa Illauq\" srcset=\"https:\/\/archipelresearch.com\/wp-content\/uploads\/2020\/12\/Aliqa-Illauq-1024x682.jpg 1024w, https:\/\/archipelresearch.com\/wp-content\/uploads\/2020\/12\/Aliqa-Illauq-300x200.jpg 300w, https:\/\/archipelresearch.com\/wp-content\/uploads\/2020\/12\/Aliqa-Illauq-768x512.jpg 768w, https:\/\/archipelresearch.com\/wp-content\/uploads\/2020\/12\/Aliqa-Illauq-1536x1023.jpg 1536w, https:\/\/archipelresearch.com\/wp-content\/uploads\/2020\/12\/Aliqa-Illauq.jpg 1600w\" sizes=\"(max-width: 640px) 100vw, 640px\" \/>\t\t\t\t\t\t\t\t\t\t\t\t\t\t\t<\/div>\n\t\t\t\t<\/div>\n\t\t\t\t<div class=\"elementor-element elementor-element-36025d7b elementor-widget elementor-widget-heading\" data-id=\"36025d7b\" data-element_type=\"widget\" data-widget_type=\"heading.default\">\n\t\t\t\t<div class=\"elementor-widget-container\">\n\t\t\t\t\t<h2 class=\"elementor-heading-title elementor-size-default\">Aliqa Illauq<\/h2>\t\t\t\t<\/div>\n\t\t\t\t<\/div>\n\t\t\t\t<div class=\"elementor-element elementor-element-55b41ea9 elementor-widget elementor-widget-heading\" data-id=\"55b41ea9\" data-element_type=\"widget\" data-widget_type=\"heading.default\">\n\t\t\t\t<div class=\"elementor-widget-container\">\n\t\t\t\t\t<h4 class=\"elementor-heading-title elementor-size-default\">Chercheuse, formatrice et consultante\n<\/h4>\t\t\t\t<\/div>\n\t\t\t\t<\/div>\n\t\t\t\t\t<\/div>\n\t\t<\/div>\n\t\t\t\t\t<\/div>\n\t\t<\/section>\n\t\t\t\t\t<\/div>\n\t\t<\/div>\n\t\t\t\t<div class=\"elementor-column elementor-col-66 elementor-top-column elementor-element elementor-element-64b6f29b\" data-id=\"64b6f29b\" data-element_type=\"column\" data-settings=\"{&quot;background_background&quot;:&quot;classic&quot;}\">\n\t\t\t<div class=\"elementor-widget-wrap elementor-element-populated\">\n\t\t\t\t\t\t<div class=\"elementor-element elementor-element-7b292053 elementor-widget elementor-widget-text-editor\" data-id=\"7b292053\" data-element_type=\"widget\" data-widget_type=\"text-editor.default\">\n\t\t\t\t<div class=\"elementor-widget-container\">\n\t\t\t\t\t\t\t\t\t<p>Aliqa Illauq est une femme inuk originaire de Kangiqtugaapik, dans la r\u00e9gion de Qikiqtaaluk au Nunavut. Elle est n\u00e9e et a grandi dans l&rsquo;Inuit Nunagat et a \u00e9t\u00e9 \u00e9lev\u00e9e dans une communaut\u00e9 inuite forte o\u00f9 la culture, la langue et les traditions inuites \u00e9taient tr\u00e8s vivantes. Elle poss\u00e8de des comp\u00e9tences inuites qui lui ont \u00e9t\u00e9 enseign\u00e9es d\u00e8s son plus jeune \u00e2ge par les a\u00een\u00e9s de sa communaut\u00e9 d&rsquo;origine. Aliqa est de la premi\u00e8re g\u00e9n\u00e9ration apr\u00e8s le d\u00e9placement des Inuits par les processus de colonisation. Aliqa a grandi entour\u00e9e par la forte pr\u00e9sence des arts inuits (litt\u00e9rature, musique, danse, films, sculptures, imprimerie, etc). Aliqa conna\u00eet l&rsquo;importance des arts inuits et leur lien avec le maintien de la culture, de la langue et des traditions inuites afin que les prochaines g\u00e9n\u00e9rations d&rsquo;Inuits puissent en tirer des enseignements.<\/p><p>Actuellement, Aliqa poursuit des \u00e9tudes de premier cycle avec une sp\u00e9cialisation combin\u00e9e en droit et en droits de l&rsquo;homme et justice sociale, avec une mineure en \u00e9tudes indig\u00e8nes \u00e0 l&rsquo;universit\u00e9 Carleton. Aliqa est \u00e9galement m\u00e8re de trois enfants d&rsquo;ascendance indig\u00e8ne mixte : Inuk, Cris des plaines, Oji-Cris et M\u00e9tis. Gr\u00e2ce aux exp\u00e9riences v\u00e9cues et aux liens familiaux, Aliqa a une compr\u00e9hension, un lien et un respect profonds pour les cultures et les connaissances des Inuits, des Premi\u00e8res nations et des M\u00e9tis. C\u2019est une animatrice et une chercheuse exp\u00e9riment\u00e9e qui a travaill\u00e9 sur divers projets pour des organisations indig\u00e8nes et non indig\u00e8nes.<\/p><p>Elle a notamment particip\u00e9 au projet GALA de recherche sur la litt\u00e9rature inuite des ann\u00e9es 1960-1970 et au comit\u00e9 des initiatives strat\u00e9giques indig\u00e8nes de l&rsquo;universit\u00e9 Carleton o\u00f9 elle parle couramment l&rsquo;inuktitut et l&rsquo;anglais.<\/p>\t\t\t\t\t\t\t\t<\/div>\n\t\t\t\t<\/div>\n\t\t\t\t\t<\/div>\n\t\t<\/div>\n\t\t\t\t\t<\/div>\n\t\t<\/section>\n\t\t\t\t<\/div>\n\t\t","protected":false},"excerpt":{"rendered":"<p>Aliqa Illauq Chercheuse, formatrice et consultante Aliqa Illauq est une femme inuk originaire de Kangiqtugaapik, dans la r\u00e9gion de Qikiqtaaluk au Nunavut. Elle est n\u00e9e et a grandi dans l&rsquo;Inuit Nunagat et a \u00e9t\u00e9 \u00e9lev\u00e9e dans une communaut\u00e9 inuite forte o\u00f9 la culture, la langue et les traditions inuites \u00e9taient tr\u00e8s vivantes. Elle poss\u00e8de des<\/p>\n","protected":false},"author":1,"featured_media":1215,"parent":997,"menu_order":0,"comment_status":"closed","ping_status":"closed","template":"","meta":{"footnotes":""},"yoast_head":"<!-- This site is optimized with the Yoast SEO plugin v24.5 - https:\/\/yoast.com\/wordpress\/plugins\/seo\/ -->\n<title>Aliqa Illauq - Archipel Research and Consulting<\/title>\n<meta name=\"robots\" content=\"index, follow, max-snippet:-1, max-image-preview:large, max-video-preview:-1\" \/>\n<link rel=\"canonical\" href=\"https:\/\/archipelresearch.com\/fr\/notre-equipe\/aliqa-illauq\/\" \/>\n<meta property=\"og:locale\" content=\"fr_FR\" \/>\n<meta property=\"og:type\" content=\"article\" \/>\n<meta property=\"og:title\" content=\"Aliqa Illauq - Archipel Research and Consulting\" \/>\n<meta property=\"og:description\" content=\"Aliqa Illauq Chercheuse, formatrice et consultante Aliqa Illauq est une femme inuk originaire de Kangiqtugaapik, dans la r\u00e9gion de Qikiqtaaluk au Nunavut. Elle est n\u00e9e et a grandi dans l&rsquo;Inuit Nunagat et a \u00e9t\u00e9 \u00e9lev\u00e9e dans une communaut\u00e9 inuite forte o\u00f9 la culture, la langue et les traditions inuites \u00e9taient tr\u00e8s vivantes. Elle poss\u00e8de des\" \/>\n<meta property=\"og:url\" content=\"https:\/\/archipelresearch.com\/fr\/notre-equipe\/aliqa-illauq\/\" \/>\n<meta property=\"og:site_name\" content=\"Archipel Research and Consulting\" \/>\n<meta property=\"article:publisher\" content=\"https:\/\/www.facebook.com\/profile.php?id=100063630022920\" \/>\n<meta property=\"article:modified_time\" content=\"2020-12-05T07:59:34+00:00\" \/>\n<meta property=\"og:image\" content=\"https:\/\/archipelresearch.com\/wp-content\/uploads\/2020\/12\/Aliqa-Illauq.jpg\" \/>\n\t<meta property=\"og:image:width\" content=\"1600\" \/>\n\t<meta property=\"og:image:height\" content=\"1066\" \/>\n\t<meta property=\"og:image:type\" content=\"image\/jpeg\" \/>\n<meta name=\"twitter:card\" content=\"summary_large_image\" \/>\n<meta name=\"twitter:site\" content=\"@ArchipelRC\" \/>\n<meta name=\"twitter:label1\" content=\"Dur\u00e9e de lecture estim\u00e9e\" \/>\n\t<meta name=\"twitter:data1\" content=\"2 minutes\" \/>\n<script type=\"application\/ld+json\" class=\"yoast-schema-graph\">{\"@context\":\"https:\/\/schema.org\",\"@graph\":[{\"@type\":\"WebPage\",\"@id\":\"https:\/\/archipelresearch.com\/fr\/notre-equipe\/aliqa-illauq\/\",\"url\":\"https:\/\/archipelresearch.com\/fr\/notre-equipe\/aliqa-illauq\/\",\"name\":\"Aliqa Illauq - Archipel Research and Consulting\",\"isPartOf\":{\"@id\":\"https:\/\/archipelresearch.com\/#website\"},\"primaryImageOfPage\":{\"@id\":\"https:\/\/archipelresearch.com\/fr\/notre-equipe\/aliqa-illauq\/#primaryimage\"},\"image\":{\"@id\":\"https:\/\/archipelresearch.com\/fr\/notre-equipe\/aliqa-illauq\/#primaryimage\"},\"thumbnailUrl\":\"https:\/\/archipelresearch.com\/wp-content\/uploads\/2020\/12\/Aliqa-Illauq.jpg\",\"datePublished\":\"2020-08-28T20:37:08+00:00\",\"dateModified\":\"2020-12-05T07:59:34+00:00\",\"breadcrumb\":{\"@id\":\"https:\/\/archipelresearch.com\/fr\/notre-equipe\/aliqa-illauq\/#breadcrumb\"},\"inLanguage\":\"fr-FR\",\"potentialAction\":[{\"@type\":\"ReadAction\",\"target\":[\"https:\/\/archipelresearch.com\/fr\/notre-equipe\/aliqa-illauq\/\"]}]},{\"@type\":\"ImageObject\",\"inLanguage\":\"fr-FR\",\"@id\":\"https:\/\/archipelresearch.com\/fr\/notre-equipe\/aliqa-illauq\/#primaryimage\",\"url\":\"https:\/\/archipelresearch.com\/wp-content\/uploads\/2020\/12\/Aliqa-Illauq.jpg\",\"contentUrl\":\"https:\/\/archipelresearch.com\/wp-content\/uploads\/2020\/12\/Aliqa-Illauq.jpg\",\"width\":1600,\"height\":1066,\"caption\":\"Aliqa Illauq\"},{\"@type\":\"BreadcrumbList\",\"@id\":\"https:\/\/archipelresearch.com\/fr\/notre-equipe\/aliqa-illauq\/#breadcrumb\",\"itemListElement\":[{\"@type\":\"ListItem\",\"position\":1,\"name\":\"Home\",\"item\":\"https:\/\/archipelresearch.com\/fr\/a-propos-de-nous\/\"},{\"@type\":\"ListItem\",\"position\":2,\"name\":\"Notre \u00c9quipe\",\"item\":\"https:\/\/archipelresearch.com\/fr\/notre-equipe\/\"},{\"@type\":\"ListItem\",\"position\":3,\"name\":\"Aliqa Illauq\"}]},{\"@type\":\"WebSite\",\"@id\":\"https:\/\/archipelresearch.com\/#website\",\"url\":\"https:\/\/archipelresearch.com\/\",\"name\":\"Archipel Research and Consulting\",\"description\":\"Bridging Worlds of Knowledge\",\"publisher\":{\"@id\":\"https:\/\/archipelresearch.com\/#organization\"},\"potentialAction\":[{\"@type\":\"SearchAction\",\"target\":{\"@type\":\"EntryPoint\",\"urlTemplate\":\"https:\/\/archipelresearch.com\/?s={search_term_string}\"},\"query-input\":{\"@type\":\"PropertyValueSpecification\",\"valueRequired\":true,\"valueName\":\"search_term_string\"}}],\"inLanguage\":\"fr-FR\"},{\"@type\":\"Organization\",\"@id\":\"https:\/\/archipelresearch.com\/#organization\",\"name\":\"Archipel Research and Consulting\",\"url\":\"https:\/\/archipelresearch.com\/\",\"logo\":{\"@type\":\"ImageObject\",\"inLanguage\":\"fr-FR\",\"@id\":\"https:\/\/archipelresearch.com\/#\/schema\/logo\/image\/\",\"url\":\"https:\/\/archipelresearch.com\/wp-content\/uploads\/2022\/03\/Archipel-Research-Consulting-Logo-Mark-Full-Color-RGB-500px@72ppi.png\",\"contentUrl\":\"https:\/\/archipelresearch.com\/wp-content\/uploads\/2022\/03\/Archipel-Research-Consulting-Logo-Mark-Full-Color-RGB-500px@72ppi.png\",\"width\":500,\"height\":500,\"caption\":\"Archipel Research and Consulting\"},\"image\":{\"@id\":\"https:\/\/archipelresearch.com\/#\/schema\/logo\/image\/\"},\"sameAs\":[\"https:\/\/www.facebook.com\/profile.php?id=100063630022920\",\"https:\/\/x.com\/ArchipelRC\",\"https:\/\/www.instagram.com\/archipelrc\/\",\"https:\/\/www.linkedin.com\/company\/archipel-research-consulting\/\"]}]}<\/script>\n<!-- \/ Yoast SEO plugin. -->","yoast_head_json":{"title":"Aliqa Illauq - Archipel Research and Consulting","robots":{"index":"index","follow":"follow","max-snippet":"max-snippet:-1","max-image-preview":"max-image-preview:large","max-video-preview":"max-video-preview:-1"},"canonical":"https:\/\/archipelresearch.com\/fr\/notre-equipe\/aliqa-illauq\/","og_locale":"fr_FR","og_type":"article","og_title":"Aliqa Illauq - Archipel Research and Consulting","og_description":"Aliqa Illauq Chercheuse, formatrice et consultante Aliqa Illauq est une femme inuk originaire de Kangiqtugaapik, dans la r\u00e9gion de Qikiqtaaluk au Nunavut. Elle est n\u00e9e et a grandi dans l&rsquo;Inuit Nunagat et a \u00e9t\u00e9 \u00e9lev\u00e9e dans une communaut\u00e9 inuite forte o\u00f9 la culture, la langue et les traditions inuites \u00e9taient tr\u00e8s vivantes. Elle poss\u00e8de des","og_url":"https:\/\/archipelresearch.com\/fr\/notre-equipe\/aliqa-illauq\/","og_site_name":"Archipel Research and Consulting","article_publisher":"https:\/\/www.facebook.com\/profile.php?id=100063630022920","article_modified_time":"2020-12-05T07:59:34+00:00","og_image":[{"width":1600,"height":1066,"url":"https:\/\/archipelresearch.com\/wp-content\/uploads\/2020\/12\/Aliqa-Illauq.jpg","type":"image\/jpeg"}],"twitter_card":"summary_large_image","twitter_site":"@ArchipelRC","twitter_misc":{"Dur\u00e9e de lecture estim\u00e9e":"2 minutes"},"schema":{"@context":"https:\/\/schema.org","@graph":[{"@type":"WebPage","@id":"https:\/\/archipelresearch.com\/fr\/notre-equipe\/aliqa-illauq\/","url":"https:\/\/archipelresearch.com\/fr\/notre-equipe\/aliqa-illauq\/","name":"Aliqa Illauq - Archipel Research and Consulting","isPartOf":{"@id":"https:\/\/archipelresearch.com\/#website"},"primaryImageOfPage":{"@id":"https:\/\/archipelresearch.com\/fr\/notre-equipe\/aliqa-illauq\/#primaryimage"},"image":{"@id":"https:\/\/archipelresearch.com\/fr\/notre-equipe\/aliqa-illauq\/#primaryimage"},"thumbnailUrl":"https:\/\/archipelresearch.com\/wp-content\/uploads\/2020\/12\/Aliqa-Illauq.jpg","datePublished":"2020-08-28T20:37:08+00:00","dateModified":"2020-12-05T07:59:34+00:00","breadcrumb":{"@id":"https:\/\/archipelresearch.com\/fr\/notre-equipe\/aliqa-illauq\/#breadcrumb"},"inLanguage":"fr-FR","potentialAction":[{"@type":"ReadAction","target":["https:\/\/archipelresearch.com\/fr\/notre-equipe\/aliqa-illauq\/"]}]},{"@type":"ImageObject","inLanguage":"fr-FR","@id":"https:\/\/archipelresearch.com\/fr\/notre-equipe\/aliqa-illauq\/#primaryimage","url":"https:\/\/archipelresearch.com\/wp-content\/uploads\/2020\/12\/Aliqa-Illauq.jpg","contentUrl":"https:\/\/archipelresearch.com\/wp-content\/uploads\/2020\/12\/Aliqa-Illauq.jpg","width":1600,"height":1066,"caption":"Aliqa Illauq"},{"@type":"BreadcrumbList","@id":"https:\/\/archipelresearch.com\/fr\/notre-equipe\/aliqa-illauq\/#breadcrumb","itemListElement":[{"@type":"ListItem","position":1,"name":"Home","item":"https:\/\/archipelresearch.com\/fr\/a-propos-de-nous\/"},{"@type":"ListItem","position":2,"name":"Notre \u00c9quipe","item":"https:\/\/archipelresearch.com\/fr\/notre-equipe\/"},{"@type":"ListItem","position":3,"name":"Aliqa Illauq"}]},{"@type":"WebSite","@id":"https:\/\/archipelresearch.com\/#website","url":"https:\/\/archipelresearch.com\/","name":"Archipel Research and Consulting","description":"Bridging Worlds of Knowledge","publisher":{"@id":"https:\/\/archipelresearch.com\/#organization"},"potentialAction":[{"@type":"SearchAction","target":{"@type":"EntryPoint","urlTemplate":"https:\/\/archipelresearch.com\/?s={search_term_string}"},"query-input":{"@type":"PropertyValueSpecification","valueRequired":true,"valueName":"search_term_string"}}],"inLanguage":"fr-FR"},{"@type":"Organization","@id":"https:\/\/archipelresearch.com\/#organization","name":"Archipel Research and Consulting","url":"https:\/\/archipelresearch.com\/","logo":{"@type":"ImageObject","inLanguage":"fr-FR","@id":"https:\/\/archipelresearch.com\/#\/schema\/logo\/image\/","url":"https:\/\/archipelresearch.com\/wp-content\/uploads\/2022\/03\/Archipel-Research-Consulting-Logo-Mark-Full-Color-RGB-500px@72ppi.png","contentUrl":"https:\/\/archipelresearch.com\/wp-content\/uploads\/2022\/03\/Archipel-Research-Consulting-Logo-Mark-Full-Color-RGB-500px@72ppi.png","width":500,"height":500,"caption":"Archipel Research and Consulting"},"image":{"@id":"https:\/\/archipelresearch.com\/#\/schema\/logo\/image\/"},"sameAs":["https:\/\/www.facebook.com\/profile.php?id=100063630022920","https:\/\/x.com\/ArchipelRC","https:\/\/www.instagram.com\/archipelrc\/","https:\/\/www.linkedin.com\/company\/archipel-research-consulting\/"]}]}},"_links":{"self":[{"href":"https:\/\/archipelresearch.com\/fr\/wp-json\/wp\/v2\/pages\/1142"}],"collection":[{"href":"https:\/\/archipelresearch.com\/fr\/wp-json\/wp\/v2\/pages"}],"about":[{"href":"https:\/\/archipelresearch.com\/fr\/wp-json\/wp\/v2\/types\/page"}],"author":[{"embeddable":true,"href":"https:\/\/archipelresearch.com\/fr\/wp-json\/wp\/v2\/users\/1"}],"replies":[{"embeddable":true,"href":"https:\/\/archipelresearch.com\/fr\/wp-json\/wp\/v2\/comments?post=1142"}],"version-history":[{"count":0,"href":"https:\/\/archipelresearch.com\/fr\/wp-json\/wp\/v2\/pages\/1142\/revisions"}],"up":[{"embeddable":true,"href":"https:\/\/archipelresearch.com\/fr\/wp-json\/wp\/v2\/pages\/997"}],"wp:featuredmedia":[{"embeddable":true,"href":"https:\/\/archipelresearch.com\/fr\/wp-json\/wp\/v2\/media\/1215"}],"wp:attachment":[{"href":"https:\/\/archipelresearch.com\/fr\/wp-json\/wp\/v2\/media?parent=1142"}],"curies":[{"name":"wp","href":"https:\/\/api.w.org\/{rel}","templated":true}]}}