{"id":1833,"date":"2021-02-10T19:42:16","date_gmt":"2021-02-10T19:42:16","guid":{"rendered":"https:\/\/archipelresearch.com\/notre-equipe\/alaina-balfour\/"},"modified":"2021-04-30T09:33:49","modified_gmt":"2021-04-30T09:33:49","slug":"safiyah-rochelle","status":"publish","type":"page","link":"https:\/\/archipelresearch.com\/fr\/notre-equipe\/safiyah-rochelle\/","title":{"rendered":"Safiyah Rochelle"},"content":{"rendered":"\t\t<div data-elementor-type=\"wp-page\" data-elementor-id=\"1833\" class=\"elementor elementor-1833\">\n\t\t\t\t\t\t<section class=\"elementor-section elementor-top-section elementor-element elementor-element-1a6acb40 elementor-section-boxed elementor-section-height-default elementor-section-height-default\" data-id=\"1a6acb40\" data-element_type=\"section\">\n\t\t\t\t\t\t<div class=\"elementor-container elementor-column-gap-default\">\n\t\t\t\t\t<div class=\"elementor-column elementor-col-50 elementor-top-column elementor-element elementor-element-b9f2740\" data-id=\"b9f2740\" data-element_type=\"column\" data-settings=\"{&quot;background_background&quot;:&quot;classic&quot;}\">\n\t\t\t<div class=\"elementor-widget-wrap elementor-element-populated\">\n\t\t\t\t\t\t<section class=\"elementor-section elementor-inner-section elementor-element elementor-element-6cc17f5 elementor-section-boxed elementor-section-height-default elementor-section-height-default\" data-id=\"6cc17f5\" data-element_type=\"section\">\n\t\t\t\t\t\t<div class=\"elementor-container elementor-column-gap-default\">\n\t\t\t\t\t<div class=\"elementor-column elementor-col-100 elementor-inner-column elementor-element elementor-element-c0f8442\" data-id=\"c0f8442\" data-element_type=\"column\" data-settings=\"{&quot;background_background&quot;:&quot;classic&quot;}\">\n\t\t\t<div class=\"elementor-widget-wrap elementor-element-populated\">\n\t\t\t\t\t\t<div class=\"elementor-element elementor-element-7e07e5a elementor-widget elementor-widget-image\" data-id=\"7e07e5a\" data-element_type=\"widget\" data-widget_type=\"image.default\">\n\t\t\t\t<div class=\"elementor-widget-container\">\n\t\t\t\t\t\t\t\t\t\t\t\t\t\t\t<img fetchpriority=\"high\" decoding=\"async\" width=\"320\" height=\"240\" src=\"https:\/\/archipelresearch.com\/wp-content\/uploads\/2021\/02\/image.png\" class=\"attachment-full size-full wp-image-1812\" alt=\"Safiyah Rochelle\" srcset=\"https:\/\/archipelresearch.com\/wp-content\/uploads\/2021\/02\/image.png 320w, https:\/\/archipelresearch.com\/wp-content\/uploads\/2021\/02\/image-300x225.png 300w\" sizes=\"(max-width: 320px) 100vw, 320px\" \/>\t\t\t\t\t\t\t\t\t\t\t\t\t\t\t<\/div>\n\t\t\t\t<\/div>\n\t\t\t\t<div class=\"elementor-element elementor-element-e53454b elementor-widget elementor-widget-heading\" data-id=\"e53454b\" data-element_type=\"widget\" data-widget_type=\"heading.default\">\n\t\t\t\t<div class=\"elementor-widget-container\">\n\t\t\t\t\t<h2 class=\"elementor-heading-title elementor-size-default\">Safiyah Rochelle<\/h2>\t\t\t\t<\/div>\n\t\t\t\t<\/div>\n\t\t\t\t<div class=\"elementor-element elementor-element-b1e6785 elementor-widget elementor-widget-heading\" data-id=\"b1e6785\" data-element_type=\"widget\" data-widget_type=\"heading.default\">\n\t\t\t\t<div class=\"elementor-widget-container\">\n\t\t\t\t\t<h4 class=\"elementor-heading-title elementor-size-default\">Chercheuse<\/h4>\t\t\t\t<\/div>\n\t\t\t\t<\/div>\n\t\t\t\t\t<\/div>\n\t\t<\/div>\n\t\t\t\t\t<\/div>\n\t\t<\/section>\n\t\t\t\t\t<\/div>\n\t\t<\/div>\n\t\t\t\t<div class=\"elementor-column elementor-col-50 elementor-top-column elementor-element elementor-element-7ded6a75\" data-id=\"7ded6a75\" data-element_type=\"column\" data-settings=\"{&quot;background_background&quot;:&quot;classic&quot;}\">\n\t\t\t<div class=\"elementor-widget-wrap elementor-element-populated\">\n\t\t\t\t\t\t<div class=\"elementor-element elementor-element-4ccc13a1 elementor-widget elementor-widget-text-editor\" data-id=\"4ccc13a1\" data-element_type=\"widget\" data-widget_type=\"text-editor.default\">\n\t\t\t\t<div class=\"elementor-widget-container\">\n\t\t\t\t\t\t\t\t\t<p>Safiyah Rochelle, PhD, MA, BA, est une chercheuse exp\u00e9riment\u00e9e, une universitaire et une militante communautaire dans les domaines de la justice sociale, de la race et de l&rsquo;\u00e9galit\u00e9 des sexes. Safiyah est titulaire d&rsquo;un doctorat en \u00e9tudes juridiques de l&rsquo;universit\u00e9 Carleton, au Canada. Ses recherches portent sur la th\u00e9orie politique et juridique contemporaine, les \u00e9tudes critiques de la race et les \u00e9tudes visuelles, la violence d&rsquo;\u00c9tat, la violence et le corps.<\/p><p><span style=\"font-size: 1rem;\">Elle est une auteure publi\u00e9e, une conf\u00e9renci\u00e8re et une professeure tr\u00e8s respect\u00e9e qui donne des conf\u00e9rences sur une vari\u00e9t\u00e9 de sujets li\u00e9s au droit, au genre, \u00e0 la race, \u00e0 la justice sociale et aux institutions juridiques canadiennes. Safiyah dirige actuellement un projet de recherche national pour la soci\u00e9t\u00e9 Elizabeth Fry, qui examine les effets de la pand\u00e9mie de COVID-19 sur l&rsquo;acc\u00e8s et l&rsquo;obtention d&rsquo;un logement pour les femmes criminalis\u00e9es.<\/span><\/p>\t\t\t\t\t\t\t\t<\/div>\n\t\t\t\t<\/div>\n\t\t\t\t\t<\/div>\n\t\t<\/div>\n\t\t\t\t\t<\/div>\n\t\t<\/section>\n\t\t\t\t<\/div>\n\t\t","protected":false},"excerpt":{"rendered":"<p>Safiyah Rochelle Chercheuse Safiyah Rochelle, PhD, MA, BA, est une chercheuse exp\u00e9riment\u00e9e, une universitaire et une militante communautaire dans les domaines de la justice sociale, de la race et de l&rsquo;\u00e9galit\u00e9 des sexes. Safiyah est titulaire d&rsquo;un doctorat en \u00e9tudes juridiques de l&rsquo;universit\u00e9 Carleton, au Canada. Ses recherches portent sur la th\u00e9orie politique et juridique<\/p>\n","protected":false},"author":1,"featured_media":1213,"parent":997,"menu_order":0,"comment_status":"closed","ping_status":"closed","template":"","meta":{"footnotes":""},"yoast_head":"<!-- This site is optimized with the Yoast SEO plugin v24.5 - https:\/\/yoast.com\/wordpress\/plugins\/seo\/ -->\n<title>Safiyah Rochelle - Archipel Research and Consulting<\/title>\n<meta name=\"robots\" content=\"index, follow, max-snippet:-1, max-image-preview:large, max-video-preview:-1\" \/>\n<link rel=\"canonical\" href=\"https:\/\/archipelresearch.com\/fr\/notre-equipe\/safiyah-rochelle\/\" \/>\n<meta property=\"og:locale\" content=\"fr_FR\" \/>\n<meta property=\"og:type\" content=\"article\" \/>\n<meta property=\"og:title\" content=\"Safiyah Rochelle - Archipel Research and Consulting\" \/>\n<meta property=\"og:description\" content=\"Safiyah Rochelle Chercheuse Safiyah Rochelle, PhD, MA, BA, est une chercheuse exp\u00e9riment\u00e9e, une universitaire et une militante communautaire dans les domaines de la justice sociale, de la race et de l&rsquo;\u00e9galit\u00e9 des sexes. Safiyah est titulaire d&rsquo;un doctorat en \u00e9tudes juridiques de l&rsquo;universit\u00e9 Carleton, au Canada. Ses recherches portent sur la th\u00e9orie politique et juridique\" \/>\n<meta property=\"og:url\" content=\"https:\/\/archipelresearch.com\/fr\/notre-equipe\/safiyah-rochelle\/\" \/>\n<meta property=\"og:site_name\" content=\"Archipel Research and Consulting\" \/>\n<meta property=\"article:publisher\" content=\"https:\/\/www.facebook.com\/profile.php?id=100063630022920\" \/>\n<meta property=\"article:modified_time\" content=\"2021-04-30T09:33:49+00:00\" \/>\n<meta property=\"og:image\" content=\"https:\/\/archipelresearch.com\/wp-content\/uploads\/2020\/12\/Alaina-Balfour.jpeg\" \/>\n\t<meta property=\"og:image:width\" content=\"1242\" \/>\n\t<meta property=\"og:image:height\" content=\"1316\" \/>\n\t<meta property=\"og:image:type\" content=\"image\/jpeg\" \/>\n<meta name=\"twitter:card\" content=\"summary_large_image\" \/>\n<meta name=\"twitter:site\" content=\"@ArchipelRC\" \/>\n<meta name=\"twitter:label1\" content=\"Dur\u00e9e de lecture estim\u00e9e\" \/>\n\t<meta name=\"twitter:data1\" content=\"1 minute\" \/>\n<script type=\"application\/ld+json\" class=\"yoast-schema-graph\">{\"@context\":\"https:\/\/schema.org\",\"@graph\":[{\"@type\":\"WebPage\",\"@id\":\"https:\/\/archipelresearch.com\/fr\/notre-equipe\/safiyah-rochelle\/\",\"url\":\"https:\/\/archipelresearch.com\/fr\/notre-equipe\/safiyah-rochelle\/\",\"name\":\"Safiyah Rochelle - Archipel Research and Consulting\",\"isPartOf\":{\"@id\":\"https:\/\/archipelresearch.com\/#website\"},\"primaryImageOfPage\":{\"@id\":\"https:\/\/archipelresearch.com\/fr\/notre-equipe\/safiyah-rochelle\/#primaryimage\"},\"image\":{\"@id\":\"https:\/\/archipelresearch.com\/fr\/notre-equipe\/safiyah-rochelle\/#primaryimage\"},\"thumbnailUrl\":\"https:\/\/archipelresearch.com\/wp-content\/uploads\/2020\/12\/Alaina-Balfour.jpeg\",\"datePublished\":\"2021-02-10T19:42:16+00:00\",\"dateModified\":\"2021-04-30T09:33:49+00:00\",\"breadcrumb\":{\"@id\":\"https:\/\/archipelresearch.com\/fr\/notre-equipe\/safiyah-rochelle\/#breadcrumb\"},\"inLanguage\":\"fr-FR\",\"potentialAction\":[{\"@type\":\"ReadAction\",\"target\":[\"https:\/\/archipelresearch.com\/fr\/notre-equipe\/safiyah-rochelle\/\"]}]},{\"@type\":\"ImageObject\",\"inLanguage\":\"fr-FR\",\"@id\":\"https:\/\/archipelresearch.com\/fr\/notre-equipe\/safiyah-rochelle\/#primaryimage\",\"url\":\"https:\/\/archipelresearch.com\/wp-content\/uploads\/2020\/12\/Alaina-Balfour.jpeg\",\"contentUrl\":\"https:\/\/archipelresearch.com\/wp-content\/uploads\/2020\/12\/Alaina-Balfour.jpeg\",\"width\":1242,\"height\":1316,\"caption\":\"Alaina Balfour\"},{\"@type\":\"BreadcrumbList\",\"@id\":\"https:\/\/archipelresearch.com\/fr\/notre-equipe\/safiyah-rochelle\/#breadcrumb\",\"itemListElement\":[{\"@type\":\"ListItem\",\"position\":1,\"name\":\"Home\",\"item\":\"https:\/\/archipelresearch.com\/fr\/a-propos-de-nous\/\"},{\"@type\":\"ListItem\",\"position\":2,\"name\":\"Notre \u00c9quipe\",\"item\":\"https:\/\/archipelresearch.com\/fr\/notre-equipe\/\"},{\"@type\":\"ListItem\",\"position\":3,\"name\":\"Safiyah Rochelle\"}]},{\"@type\":\"WebSite\",\"@id\":\"https:\/\/archipelresearch.com\/#website\",\"url\":\"https:\/\/archipelresearch.com\/\",\"name\":\"Archipel Research and Consulting\",\"description\":\"Bridging Worlds of Knowledge\",\"publisher\":{\"@id\":\"https:\/\/archipelresearch.com\/#organization\"},\"potentialAction\":[{\"@type\":\"SearchAction\",\"target\":{\"@type\":\"EntryPoint\",\"urlTemplate\":\"https:\/\/archipelresearch.com\/?s={search_term_string}\"},\"query-input\":{\"@type\":\"PropertyValueSpecification\",\"valueRequired\":true,\"valueName\":\"search_term_string\"}}],\"inLanguage\":\"fr-FR\"},{\"@type\":\"Organization\",\"@id\":\"https:\/\/archipelresearch.com\/#organization\",\"name\":\"Archipel Research and Consulting\",\"url\":\"https:\/\/archipelresearch.com\/\",\"logo\":{\"@type\":\"ImageObject\",\"inLanguage\":\"fr-FR\",\"@id\":\"https:\/\/archipelresearch.com\/#\/schema\/logo\/image\/\",\"url\":\"https:\/\/archipelresearch.com\/wp-content\/uploads\/2022\/03\/Archipel-Research-Consulting-Logo-Mark-Full-Color-RGB-500px@72ppi.png\",\"contentUrl\":\"https:\/\/archipelresearch.com\/wp-content\/uploads\/2022\/03\/Archipel-Research-Consulting-Logo-Mark-Full-Color-RGB-500px@72ppi.png\",\"width\":500,\"height\":500,\"caption\":\"Archipel Research and Consulting\"},\"image\":{\"@id\":\"https:\/\/archipelresearch.com\/#\/schema\/logo\/image\/\"},\"sameAs\":[\"https:\/\/www.facebook.com\/profile.php?id=100063630022920\",\"https:\/\/x.com\/ArchipelRC\",\"https:\/\/www.instagram.com\/archipelrc\/\",\"https:\/\/www.linkedin.com\/company\/archipel-research-consulting\/\"]}]}<\/script>\n<!-- \/ Yoast SEO plugin. -->","yoast_head_json":{"title":"Safiyah Rochelle - Archipel Research and Consulting","robots":{"index":"index","follow":"follow","max-snippet":"max-snippet:-1","max-image-preview":"max-image-preview:large","max-video-preview":"max-video-preview:-1"},"canonical":"https:\/\/archipelresearch.com\/fr\/notre-equipe\/safiyah-rochelle\/","og_locale":"fr_FR","og_type":"article","og_title":"Safiyah Rochelle - Archipel Research and Consulting","og_description":"Safiyah Rochelle Chercheuse Safiyah Rochelle, PhD, MA, BA, est une chercheuse exp\u00e9riment\u00e9e, une universitaire et une militante communautaire dans les domaines de la justice sociale, de la race et de l&rsquo;\u00e9galit\u00e9 des sexes. Safiyah est titulaire d&rsquo;un doctorat en \u00e9tudes juridiques de l&rsquo;universit\u00e9 Carleton, au Canada. Ses recherches portent sur la th\u00e9orie politique et juridique","og_url":"https:\/\/archipelresearch.com\/fr\/notre-equipe\/safiyah-rochelle\/","og_site_name":"Archipel Research and Consulting","article_publisher":"https:\/\/www.facebook.com\/profile.php?id=100063630022920","article_modified_time":"2021-04-30T09:33:49+00:00","og_image":[{"width":1242,"height":1316,"url":"https:\/\/archipelresearch.com\/wp-content\/uploads\/2020\/12\/Alaina-Balfour.jpeg","type":"image\/jpeg"}],"twitter_card":"summary_large_image","twitter_site":"@ArchipelRC","twitter_misc":{"Dur\u00e9e de lecture estim\u00e9e":"1 minute"},"schema":{"@context":"https:\/\/schema.org","@graph":[{"@type":"WebPage","@id":"https:\/\/archipelresearch.com\/fr\/notre-equipe\/safiyah-rochelle\/","url":"https:\/\/archipelresearch.com\/fr\/notre-equipe\/safiyah-rochelle\/","name":"Safiyah Rochelle - Archipel Research and Consulting","isPartOf":{"@id":"https:\/\/archipelresearch.com\/#website"},"primaryImageOfPage":{"@id":"https:\/\/archipelresearch.com\/fr\/notre-equipe\/safiyah-rochelle\/#primaryimage"},"image":{"@id":"https:\/\/archipelresearch.com\/fr\/notre-equipe\/safiyah-rochelle\/#primaryimage"},"thumbnailUrl":"https:\/\/archipelresearch.com\/wp-content\/uploads\/2020\/12\/Alaina-Balfour.jpeg","datePublished":"2021-02-10T19:42:16+00:00","dateModified":"2021-04-30T09:33:49+00:00","breadcrumb":{"@id":"https:\/\/archipelresearch.com\/fr\/notre-equipe\/safiyah-rochelle\/#breadcrumb"},"inLanguage":"fr-FR","potentialAction":[{"@type":"ReadAction","target":["https:\/\/archipelresearch.com\/fr\/notre-equipe\/safiyah-rochelle\/"]}]},{"@type":"ImageObject","inLanguage":"fr-FR","@id":"https:\/\/archipelresearch.com\/fr\/notre-equipe\/safiyah-rochelle\/#primaryimage","url":"https:\/\/archipelresearch.com\/wp-content\/uploads\/2020\/12\/Alaina-Balfour.jpeg","contentUrl":"https:\/\/archipelresearch.com\/wp-content\/uploads\/2020\/12\/Alaina-Balfour.jpeg","width":1242,"height":1316,"caption":"Alaina Balfour"},{"@type":"BreadcrumbList","@id":"https:\/\/archipelresearch.com\/fr\/notre-equipe\/safiyah-rochelle\/#breadcrumb","itemListElement":[{"@type":"ListItem","position":1,"name":"Home","item":"https:\/\/archipelresearch.com\/fr\/a-propos-de-nous\/"},{"@type":"ListItem","position":2,"name":"Notre \u00c9quipe","item":"https:\/\/archipelresearch.com\/fr\/notre-equipe\/"},{"@type":"ListItem","position":3,"name":"Safiyah Rochelle"}]},{"@type":"WebSite","@id":"https:\/\/archipelresearch.com\/#website","url":"https:\/\/archipelresearch.com\/","name":"Archipel Research and Consulting","description":"Bridging Worlds of Knowledge","publisher":{"@id":"https:\/\/archipelresearch.com\/#organization"},"potentialAction":[{"@type":"SearchAction","target":{"@type":"EntryPoint","urlTemplate":"https:\/\/archipelresearch.com\/?s={search_term_string}"},"query-input":{"@type":"PropertyValueSpecification","valueRequired":true,"valueName":"search_term_string"}}],"inLanguage":"fr-FR"},{"@type":"Organization","@id":"https:\/\/archipelresearch.com\/#organization","name":"Archipel Research and Consulting","url":"https:\/\/archipelresearch.com\/","logo":{"@type":"ImageObject","inLanguage":"fr-FR","@id":"https:\/\/archipelresearch.com\/#\/schema\/logo\/image\/","url":"https:\/\/archipelresearch.com\/wp-content\/uploads\/2022\/03\/Archipel-Research-Consulting-Logo-Mark-Full-Color-RGB-500px@72ppi.png","contentUrl":"https:\/\/archipelresearch.com\/wp-content\/uploads\/2022\/03\/Archipel-Research-Consulting-Logo-Mark-Full-Color-RGB-500px@72ppi.png","width":500,"height":500,"caption":"Archipel Research and Consulting"},"image":{"@id":"https:\/\/archipelresearch.com\/#\/schema\/logo\/image\/"},"sameAs":["https:\/\/www.facebook.com\/profile.php?id=100063630022920","https:\/\/x.com\/ArchipelRC","https:\/\/www.instagram.com\/archipelrc\/","https:\/\/www.linkedin.com\/company\/archipel-research-consulting\/"]}]}},"_links":{"self":[{"href":"https:\/\/archipelresearch.com\/fr\/wp-json\/wp\/v2\/pages\/1833"}],"collection":[{"href":"https:\/\/archipelresearch.com\/fr\/wp-json\/wp\/v2\/pages"}],"about":[{"href":"https:\/\/archipelresearch.com\/fr\/wp-json\/wp\/v2\/types\/page"}],"author":[{"embeddable":true,"href":"https:\/\/archipelresearch.com\/fr\/wp-json\/wp\/v2\/users\/1"}],"replies":[{"embeddable":true,"href":"https:\/\/archipelresearch.com\/fr\/wp-json\/wp\/v2\/comments?post=1833"}],"version-history":[{"count":0,"href":"https:\/\/archipelresearch.com\/fr\/wp-json\/wp\/v2\/pages\/1833\/revisions"}],"up":[{"embeddable":true,"href":"https:\/\/archipelresearch.com\/fr\/wp-json\/wp\/v2\/pages\/997"}],"wp:featuredmedia":[{"embeddable":true,"href":"https:\/\/archipelresearch.com\/fr\/wp-json\/wp\/v2\/media\/1213"}],"wp:attachment":[{"href":"https:\/\/archipelresearch.com\/fr\/wp-json\/wp\/v2\/media?parent=1833"}],"curies":[{"name":"wp","href":"https:\/\/api.w.org\/{rel}","templated":true}]}}