{"id":1927,"date":"2021-04-14T00:58:31","date_gmt":"2021-04-14T00:58:31","guid":{"rendered":"https:\/\/archipelresearch.com\/?page_id=1927"},"modified":"2021-04-16T22:25:43","modified_gmt":"2021-04-16T22:25:43","slug":"jessica-frappier","status":"publish","type":"page","link":"https:\/\/archipelresearch.com\/fr\/notre-equipe\/jessica-frappier\/","title":{"rendered":"Jessica Frappier"},"content":{"rendered":"\t\t<div data-elementor-type=\"wp-page\" data-elementor-id=\"1927\" class=\"elementor elementor-1927\">\n\t\t\t\t\t\t<section class=\"elementor-section elementor-top-section elementor-element elementor-element-5a591268 elementor-section-boxed elementor-section-height-default elementor-section-height-default\" data-id=\"5a591268\" data-element_type=\"section\">\n\t\t\t\t\t\t<div class=\"elementor-container elementor-column-gap-default\">\n\t\t\t\t\t<div class=\"elementor-column elementor-col-33 elementor-top-column elementor-element elementor-element-40258885\" data-id=\"40258885\" data-element_type=\"column\" data-settings=\"{&quot;background_background&quot;:&quot;classic&quot;}\">\n\t\t\t<div class=\"elementor-widget-wrap elementor-element-populated\">\n\t\t\t\t\t\t<section class=\"elementor-section elementor-inner-section elementor-element elementor-element-28db258b elementor-section-boxed elementor-section-height-default elementor-section-height-default\" data-id=\"28db258b\" data-element_type=\"section\">\n\t\t\t\t\t\t<div class=\"elementor-container elementor-column-gap-default\">\n\t\t\t\t\t<div class=\"elementor-column elementor-col-100 elementor-inner-column elementor-element elementor-element-263469ef\" data-id=\"263469ef\" data-element_type=\"column\" data-settings=\"{&quot;background_background&quot;:&quot;classic&quot;}\">\n\t\t\t<div class=\"elementor-widget-wrap elementor-element-populated\">\n\t\t\t\t\t\t<div class=\"elementor-element elementor-element-e359074 elementor-widget elementor-widget-image\" data-id=\"e359074\" data-element_type=\"widget\" data-widget_type=\"image.default\">\n\t\t\t\t<div class=\"elementor-widget-container\">\n\t\t\t\t\t\t\t\t\t\t\t\t\t\t\t<img fetchpriority=\"high\" decoding=\"async\" width=\"640\" height=\"853\" src=\"https:\/\/archipelresearch.com\/wp-content\/uploads\/2021\/04\/43B47409-A1D4-49F4-B390-C84E292D84BA-768x1024.jpeg\" class=\"attachment-large size-large wp-image-1992\" alt=\"Jessica Frappier\" srcset=\"https:\/\/archipelresearch.com\/wp-content\/uploads\/2021\/04\/43B47409-A1D4-49F4-B390-C84E292D84BA-768x1024.jpeg 768w, https:\/\/archipelresearch.com\/wp-content\/uploads\/2021\/04\/43B47409-A1D4-49F4-B390-C84E292D84BA-225x300.jpeg 225w, https:\/\/archipelresearch.com\/wp-content\/uploads\/2021\/04\/43B47409-A1D4-49F4-B390-C84E292D84BA-1152x1536.jpeg 1152w, https:\/\/archipelresearch.com\/wp-content\/uploads\/2021\/04\/43B47409-A1D4-49F4-B390-C84E292D84BA-1536x2048.jpeg 1536w, https:\/\/archipelresearch.com\/wp-content\/uploads\/2021\/04\/43B47409-A1D4-49F4-B390-C84E292D84BA-scaled.jpeg 1920w\" sizes=\"(max-width: 640px) 100vw, 640px\" \/>\t\t\t\t\t\t\t\t\t\t\t\t\t\t\t<\/div>\n\t\t\t\t<\/div>\n\t\t\t\t<div class=\"elementor-element elementor-element-75ef853f elementor-widget elementor-widget-heading\" data-id=\"75ef853f\" data-element_type=\"widget\" data-widget_type=\"heading.default\">\n\t\t\t\t<div class=\"elementor-widget-container\">\n\t\t\t\t\t<h2 class=\"elementor-heading-title elementor-size-default\">Jessica Frappier\n<\/h2>\t\t\t\t<\/div>\n\t\t\t\t<\/div>\n\t\t\t\t<div class=\"elementor-element elementor-element-7361479c elementor-widget elementor-widget-heading\" data-id=\"7361479c\" data-element_type=\"widget\" data-widget_type=\"heading.default\">\n\t\t\t\t<div class=\"elementor-widget-container\">\n\t\t\t\t\t<h4 class=\"elementor-heading-title elementor-size-default\">Assistant Researcher<\/h4>\t\t\t\t<\/div>\n\t\t\t\t<\/div>\n\t\t\t\t\t<\/div>\n\t\t<\/div>\n\t\t\t\t\t<\/div>\n\t\t<\/section>\n\t\t\t\t\t<\/div>\n\t\t<\/div>\n\t\t\t\t<div class=\"elementor-column elementor-col-66 elementor-top-column elementor-element elementor-element-7c08273f\" data-id=\"7c08273f\" data-element_type=\"column\" data-settings=\"{&quot;background_background&quot;:&quot;classic&quot;}\">\n\t\t\t<div class=\"elementor-widget-wrap elementor-element-populated\">\n\t\t\t\t\t\t<div class=\"elementor-element elementor-element-690ceed5 elementor-widget elementor-widget-text-editor\" data-id=\"690ceed5\" data-element_type=\"widget\" data-widget_type=\"text-editor.default\">\n\t\t\t\t<div class=\"elementor-widget-container\">\n\t\t\t\t\t\t\t\t\t<p>Jessica Frappier est une Anishinaabe de la Premi\u00e8re Nation Temagami et d\u00e9tient un baccalaur\u00e9at en \u00e9tudes environnementales autochtones de l&rsquo;Universit\u00e9 Trent.<\/p><p>Ses \u00e9tudes ont port\u00e9 sur la justice environnementale autochtone, la souverainet\u00e9 autochtone et la r\u00e9surgence. Elle s&rsquo;inscrit au programme de dipl\u00f4me conjoint (JD\/JID) en Common law canadienne et ordres juridiques autochtones (Universit\u00e9 de Victoria) \u00e0 l&rsquo;automne. Jessica a l&rsquo;exp\u00e9rience du travail dans des environnements de recherche, notamment en tant que transcriptrice pour un projet de recherche financ\u00e9 par le CRSH et portant sur la lutte pour mettre fin \u00e0 la discrimination sexuelle dans la Loi sur les Indiens.<\/p><p>En outre, elle a l&rsquo;exp\u00e9rience de la coordination et de l&rsquo;animation de programmes culturels et de programmes pour les jeunes pour diverses organisations autochtones et non autochtones, telles que Science Nord, la Premi\u00e8re Nation Temagami, \u00ab Plenty Canada \u00bb et le programme pour les jeunes \u00ab Oshkwazin Tracks \u00bb. Pour Archipel, Jessica a fourni un soutien \u00e0 la transcription pour le projet ICOMOS et est assistante de recherche pour les projets \u00ab Centre mondiale du pluralisme \u00bb et la \u00ab Commission de toponymie du Canada<\/p>\t\t\t\t\t\t\t\t<\/div>\n\t\t\t\t<\/div>\n\t\t\t\t\t<\/div>\n\t\t<\/div>\n\t\t\t\t\t<\/div>\n\t\t<\/section>\n\t\t\t\t<\/div>\n\t\t","protected":false},"excerpt":{"rendered":"<p>Jessica Frappier Assistant Researcher Jessica Frappier est une Anishinaabe de la Premi\u00e8re Nation Temagami et d\u00e9tient un baccalaur\u00e9at en \u00e9tudes environnementales autochtones de l&rsquo;Universit\u00e9 Trent. Ses \u00e9tudes ont port\u00e9 sur la justice environnementale autochtone, la souverainet\u00e9 autochtone et la r\u00e9surgence. Elle s&rsquo;inscrit au programme de dipl\u00f4me conjoint (JD\/JID) en Common law canadienne et ordres juridiques<\/p>\n","protected":false},"author":1,"featured_media":1992,"parent":997,"menu_order":0,"comment_status":"closed","ping_status":"closed","template":"","meta":{"footnotes":""},"yoast_head":"<!-- This site is optimized with the Yoast SEO plugin v24.5 - https:\/\/yoast.com\/wordpress\/plugins\/seo\/ -->\n<title>Jessica Frappier - Archipel Research and Consulting<\/title>\n<meta name=\"robots\" content=\"index, follow, max-snippet:-1, max-image-preview:large, max-video-preview:-1\" \/>\n<link rel=\"canonical\" href=\"https:\/\/archipelresearch.com\/fr\/notre-equipe\/jessica-frappier\/\" \/>\n<meta property=\"og:locale\" content=\"fr_FR\" \/>\n<meta property=\"og:type\" content=\"article\" \/>\n<meta property=\"og:title\" content=\"Jessica Frappier - Archipel Research and Consulting\" \/>\n<meta property=\"og:description\" content=\"Jessica Frappier Assistant Researcher Jessica Frappier est une Anishinaabe de la Premi\u00e8re Nation Temagami et d\u00e9tient un baccalaur\u00e9at en \u00e9tudes environnementales autochtones de l&rsquo;Universit\u00e9 Trent. Ses \u00e9tudes ont port\u00e9 sur la justice environnementale autochtone, la souverainet\u00e9 autochtone et la r\u00e9surgence. Elle s&rsquo;inscrit au programme de dipl\u00f4me conjoint (JD\/JID) en Common law canadienne et ordres juridiques\" \/>\n<meta property=\"og:url\" content=\"https:\/\/archipelresearch.com\/fr\/notre-equipe\/jessica-frappier\/\" \/>\n<meta property=\"og:site_name\" content=\"Archipel Research and Consulting\" \/>\n<meta property=\"article:publisher\" content=\"https:\/\/www.facebook.com\/profile.php?id=100063630022920\" \/>\n<meta property=\"article:modified_time\" content=\"2021-04-16T22:25:43+00:00\" \/>\n<meta property=\"og:image\" content=\"https:\/\/archipelresearch.com\/wp-content\/uploads\/2021\/04\/43B47409-A1D4-49F4-B390-C84E292D84BA-scaled.jpeg\" \/>\n\t<meta property=\"og:image:width\" content=\"1920\" \/>\n\t<meta property=\"og:image:height\" content=\"2560\" \/>\n\t<meta property=\"og:image:type\" content=\"image\/jpeg\" \/>\n<meta name=\"twitter:card\" content=\"summary_large_image\" \/>\n<meta name=\"twitter:site\" content=\"@ArchipelRC\" \/>\n<meta name=\"twitter:label1\" content=\"Dur\u00e9e de lecture estim\u00e9e\" \/>\n\t<meta name=\"twitter:data1\" content=\"1 minute\" \/>\n<script type=\"application\/ld+json\" class=\"yoast-schema-graph\">{\"@context\":\"https:\/\/schema.org\",\"@graph\":[{\"@type\":\"WebPage\",\"@id\":\"https:\/\/archipelresearch.com\/fr\/notre-equipe\/jessica-frappier\/\",\"url\":\"https:\/\/archipelresearch.com\/fr\/notre-equipe\/jessica-frappier\/\",\"name\":\"Jessica Frappier - Archipel Research and Consulting\",\"isPartOf\":{\"@id\":\"https:\/\/archipelresearch.com\/#website\"},\"primaryImageOfPage\":{\"@id\":\"https:\/\/archipelresearch.com\/fr\/notre-equipe\/jessica-frappier\/#primaryimage\"},\"image\":{\"@id\":\"https:\/\/archipelresearch.com\/fr\/notre-equipe\/jessica-frappier\/#primaryimage\"},\"thumbnailUrl\":\"https:\/\/archipelresearch.com\/wp-content\/uploads\/2021\/04\/43B47409-A1D4-49F4-B390-C84E292D84BA-scaled.jpeg\",\"datePublished\":\"2021-04-14T00:58:31+00:00\",\"dateModified\":\"2021-04-16T22:25:43+00:00\",\"breadcrumb\":{\"@id\":\"https:\/\/archipelresearch.com\/fr\/notre-equipe\/jessica-frappier\/#breadcrumb\"},\"inLanguage\":\"fr-FR\",\"potentialAction\":[{\"@type\":\"ReadAction\",\"target\":[\"https:\/\/archipelresearch.com\/fr\/notre-equipe\/jessica-frappier\/\"]}]},{\"@type\":\"ImageObject\",\"inLanguage\":\"fr-FR\",\"@id\":\"https:\/\/archipelresearch.com\/fr\/notre-equipe\/jessica-frappier\/#primaryimage\",\"url\":\"https:\/\/archipelresearch.com\/wp-content\/uploads\/2021\/04\/43B47409-A1D4-49F4-B390-C84E292D84BA-scaled.jpeg\",\"contentUrl\":\"https:\/\/archipelresearch.com\/wp-content\/uploads\/2021\/04\/43B47409-A1D4-49F4-B390-C84E292D84BA-scaled.jpeg\",\"width\":1920,\"height\":2560,\"caption\":\"Jessica Frappier\"},{\"@type\":\"BreadcrumbList\",\"@id\":\"https:\/\/archipelresearch.com\/fr\/notre-equipe\/jessica-frappier\/#breadcrumb\",\"itemListElement\":[{\"@type\":\"ListItem\",\"position\":1,\"name\":\"Home\",\"item\":\"https:\/\/archipelresearch.com\/fr\/a-propos-de-nous\/\"},{\"@type\":\"ListItem\",\"position\":2,\"name\":\"Notre \u00c9quipe\",\"item\":\"https:\/\/archipelresearch.com\/fr\/notre-equipe\/\"},{\"@type\":\"ListItem\",\"position\":3,\"name\":\"Jessica Frappier\"}]},{\"@type\":\"WebSite\",\"@id\":\"https:\/\/archipelresearch.com\/#website\",\"url\":\"https:\/\/archipelresearch.com\/\",\"name\":\"Archipel Research and Consulting\",\"description\":\"Bridging Worlds of Knowledge\",\"publisher\":{\"@id\":\"https:\/\/archipelresearch.com\/#organization\"},\"potentialAction\":[{\"@type\":\"SearchAction\",\"target\":{\"@type\":\"EntryPoint\",\"urlTemplate\":\"https:\/\/archipelresearch.com\/?s={search_term_string}\"},\"query-input\":{\"@type\":\"PropertyValueSpecification\",\"valueRequired\":true,\"valueName\":\"search_term_string\"}}],\"inLanguage\":\"fr-FR\"},{\"@type\":\"Organization\",\"@id\":\"https:\/\/archipelresearch.com\/#organization\",\"name\":\"Archipel Research and Consulting\",\"url\":\"https:\/\/archipelresearch.com\/\",\"logo\":{\"@type\":\"ImageObject\",\"inLanguage\":\"fr-FR\",\"@id\":\"https:\/\/archipelresearch.com\/#\/schema\/logo\/image\/\",\"url\":\"https:\/\/archipelresearch.com\/wp-content\/uploads\/2022\/03\/Archipel-Research-Consulting-Logo-Mark-Full-Color-RGB-500px@72ppi.png\",\"contentUrl\":\"https:\/\/archipelresearch.com\/wp-content\/uploads\/2022\/03\/Archipel-Research-Consulting-Logo-Mark-Full-Color-RGB-500px@72ppi.png\",\"width\":500,\"height\":500,\"caption\":\"Archipel Research and Consulting\"},\"image\":{\"@id\":\"https:\/\/archipelresearch.com\/#\/schema\/logo\/image\/\"},\"sameAs\":[\"https:\/\/www.facebook.com\/profile.php?id=100063630022920\",\"https:\/\/x.com\/ArchipelRC\",\"https:\/\/www.instagram.com\/archipelrc\/\",\"https:\/\/www.linkedin.com\/company\/archipel-research-consulting\/\"]}]}<\/script>\n<!-- \/ Yoast SEO plugin. -->","yoast_head_json":{"title":"Jessica Frappier - Archipel Research and Consulting","robots":{"index":"index","follow":"follow","max-snippet":"max-snippet:-1","max-image-preview":"max-image-preview:large","max-video-preview":"max-video-preview:-1"},"canonical":"https:\/\/archipelresearch.com\/fr\/notre-equipe\/jessica-frappier\/","og_locale":"fr_FR","og_type":"article","og_title":"Jessica Frappier - Archipel Research and Consulting","og_description":"Jessica Frappier Assistant Researcher Jessica Frappier est une Anishinaabe de la Premi\u00e8re Nation Temagami et d\u00e9tient un baccalaur\u00e9at en \u00e9tudes environnementales autochtones de l&rsquo;Universit\u00e9 Trent. Ses \u00e9tudes ont port\u00e9 sur la justice environnementale autochtone, la souverainet\u00e9 autochtone et la r\u00e9surgence. Elle s&rsquo;inscrit au programme de dipl\u00f4me conjoint (JD\/JID) en Common law canadienne et ordres juridiques","og_url":"https:\/\/archipelresearch.com\/fr\/notre-equipe\/jessica-frappier\/","og_site_name":"Archipel Research and Consulting","article_publisher":"https:\/\/www.facebook.com\/profile.php?id=100063630022920","article_modified_time":"2021-04-16T22:25:43+00:00","og_image":[{"width":1920,"height":2560,"url":"https:\/\/archipelresearch.com\/wp-content\/uploads\/2021\/04\/43B47409-A1D4-49F4-B390-C84E292D84BA-scaled.jpeg","type":"image\/jpeg"}],"twitter_card":"summary_large_image","twitter_site":"@ArchipelRC","twitter_misc":{"Dur\u00e9e de lecture estim\u00e9e":"1 minute"},"schema":{"@context":"https:\/\/schema.org","@graph":[{"@type":"WebPage","@id":"https:\/\/archipelresearch.com\/fr\/notre-equipe\/jessica-frappier\/","url":"https:\/\/archipelresearch.com\/fr\/notre-equipe\/jessica-frappier\/","name":"Jessica Frappier - Archipel Research and Consulting","isPartOf":{"@id":"https:\/\/archipelresearch.com\/#website"},"primaryImageOfPage":{"@id":"https:\/\/archipelresearch.com\/fr\/notre-equipe\/jessica-frappier\/#primaryimage"},"image":{"@id":"https:\/\/archipelresearch.com\/fr\/notre-equipe\/jessica-frappier\/#primaryimage"},"thumbnailUrl":"https:\/\/archipelresearch.com\/wp-content\/uploads\/2021\/04\/43B47409-A1D4-49F4-B390-C84E292D84BA-scaled.jpeg","datePublished":"2021-04-14T00:58:31+00:00","dateModified":"2021-04-16T22:25:43+00:00","breadcrumb":{"@id":"https:\/\/archipelresearch.com\/fr\/notre-equipe\/jessica-frappier\/#breadcrumb"},"inLanguage":"fr-FR","potentialAction":[{"@type":"ReadAction","target":["https:\/\/archipelresearch.com\/fr\/notre-equipe\/jessica-frappier\/"]}]},{"@type":"ImageObject","inLanguage":"fr-FR","@id":"https:\/\/archipelresearch.com\/fr\/notre-equipe\/jessica-frappier\/#primaryimage","url":"https:\/\/archipelresearch.com\/wp-content\/uploads\/2021\/04\/43B47409-A1D4-49F4-B390-C84E292D84BA-scaled.jpeg","contentUrl":"https:\/\/archipelresearch.com\/wp-content\/uploads\/2021\/04\/43B47409-A1D4-49F4-B390-C84E292D84BA-scaled.jpeg","width":1920,"height":2560,"caption":"Jessica Frappier"},{"@type":"BreadcrumbList","@id":"https:\/\/archipelresearch.com\/fr\/notre-equipe\/jessica-frappier\/#breadcrumb","itemListElement":[{"@type":"ListItem","position":1,"name":"Home","item":"https:\/\/archipelresearch.com\/fr\/a-propos-de-nous\/"},{"@type":"ListItem","position":2,"name":"Notre \u00c9quipe","item":"https:\/\/archipelresearch.com\/fr\/notre-equipe\/"},{"@type":"ListItem","position":3,"name":"Jessica Frappier"}]},{"@type":"WebSite","@id":"https:\/\/archipelresearch.com\/#website","url":"https:\/\/archipelresearch.com\/","name":"Archipel Research and Consulting","description":"Bridging Worlds of Knowledge","publisher":{"@id":"https:\/\/archipelresearch.com\/#organization"},"potentialAction":[{"@type":"SearchAction","target":{"@type":"EntryPoint","urlTemplate":"https:\/\/archipelresearch.com\/?s={search_term_string}"},"query-input":{"@type":"PropertyValueSpecification","valueRequired":true,"valueName":"search_term_string"}}],"inLanguage":"fr-FR"},{"@type":"Organization","@id":"https:\/\/archipelresearch.com\/#organization","name":"Archipel Research and Consulting","url":"https:\/\/archipelresearch.com\/","logo":{"@type":"ImageObject","inLanguage":"fr-FR","@id":"https:\/\/archipelresearch.com\/#\/schema\/logo\/image\/","url":"https:\/\/archipelresearch.com\/wp-content\/uploads\/2022\/03\/Archipel-Research-Consulting-Logo-Mark-Full-Color-RGB-500px@72ppi.png","contentUrl":"https:\/\/archipelresearch.com\/wp-content\/uploads\/2022\/03\/Archipel-Research-Consulting-Logo-Mark-Full-Color-RGB-500px@72ppi.png","width":500,"height":500,"caption":"Archipel Research and Consulting"},"image":{"@id":"https:\/\/archipelresearch.com\/#\/schema\/logo\/image\/"},"sameAs":["https:\/\/www.facebook.com\/profile.php?id=100063630022920","https:\/\/x.com\/ArchipelRC","https:\/\/www.instagram.com\/archipelrc\/","https:\/\/www.linkedin.com\/company\/archipel-research-consulting\/"]}]}},"_links":{"self":[{"href":"https:\/\/archipelresearch.com\/fr\/wp-json\/wp\/v2\/pages\/1927"}],"collection":[{"href":"https:\/\/archipelresearch.com\/fr\/wp-json\/wp\/v2\/pages"}],"about":[{"href":"https:\/\/archipelresearch.com\/fr\/wp-json\/wp\/v2\/types\/page"}],"author":[{"embeddable":true,"href":"https:\/\/archipelresearch.com\/fr\/wp-json\/wp\/v2\/users\/1"}],"replies":[{"embeddable":true,"href":"https:\/\/archipelresearch.com\/fr\/wp-json\/wp\/v2\/comments?post=1927"}],"version-history":[{"count":0,"href":"https:\/\/archipelresearch.com\/fr\/wp-json\/wp\/v2\/pages\/1927\/revisions"}],"up":[{"embeddable":true,"href":"https:\/\/archipelresearch.com\/fr\/wp-json\/wp\/v2\/pages\/997"}],"wp:featuredmedia":[{"embeddable":true,"href":"https:\/\/archipelresearch.com\/fr\/wp-json\/wp\/v2\/media\/1992"}],"wp:attachment":[{"href":"https:\/\/archipelresearch.com\/fr\/wp-json\/wp\/v2\/media?parent=1927"}],"curies":[{"name":"wp","href":"https:\/\/api.w.org\/{rel}","templated":true}]}}