{"id":3355,"date":"2022-05-27T04:31:18","date_gmt":"2022-05-27T04:31:18","guid":{"rendered":"https:\/\/archipelresearch.com\/?page_id=3355"},"modified":"2022-05-27T04:31:46","modified_gmt":"2022-05-27T04:31:46","slug":"travaux-anterieurs","status":"publish","type":"page","link":"https:\/\/archipelresearch.com\/fr\/travaux-anterieurs\/","title":{"rendered":"Travaux Ant\u00e9rieurs"},"content":{"rendered":"\t\t<div data-elementor-type=\"wp-page\" data-elementor-id=\"3355\" class=\"elementor elementor-3355\">\n\t\t\t\t\t\t<section class=\"elementor-section elementor-top-section elementor-element elementor-element-ca9de42 elementor-section-boxed elementor-section-height-default elementor-section-height-default\" data-id=\"ca9de42\" data-element_type=\"section\">\n\t\t\t\t\t\t<div class=\"elementor-container elementor-column-gap-default\">\n\t\t\t\t\t<div class=\"elementor-column elementor-col-33 elementor-top-column elementor-element elementor-element-cd7e498\" data-id=\"cd7e498\" data-element_type=\"column\">\n\t\t\t<div class=\"elementor-widget-wrap elementor-element-populated\">\n\t\t\t\t\t\t<div class=\"elementor-element elementor-element-4de6f49 elementor-widget elementor-widget-image\" data-id=\"4de6f49\" data-element_type=\"widget\" data-widget_type=\"image.default\">\n\t\t\t\t<div class=\"elementor-widget-container\">\n\t\t\t\t\t\t\t\t\t\t\t\t\t\t\t\t<a href=\"https:\/\/iso-bea.ca\/report-on-indigenous-eligibility-in-screen-sector-released\/\" target=\"_blank\">\n\t\t\t\t\t\t\t<img fetchpriority=\"high\" decoding=\"async\" width=\"640\" height=\"824\" src=\"https:\/\/archipelresearch.com\/wp-content\/uploads\/2022\/05\/Screen-Shot-2022-05-26-at-8.05.09-PM-795x1024.png\" class=\"attachment-large size-large wp-image-3337\" alt=\"B\u00e2tir la confiance et la responsabilisation: Rapport sur l\u2019admissibilit\u00e9 dans le secteur de la production de contenu autochtone sur \u00e9cran\" srcset=\"https:\/\/archipelresearch.com\/wp-content\/uploads\/2022\/05\/Screen-Shot-2022-05-26-at-8.05.09-PM-795x1024.png 795w, https:\/\/archipelresearch.com\/wp-content\/uploads\/2022\/05\/Screen-Shot-2022-05-26-at-8.05.09-PM-233x300.png 233w, https:\/\/archipelresearch.com\/wp-content\/uploads\/2022\/05\/Screen-Shot-2022-05-26-at-8.05.09-PM-768x989.png 768w, https:\/\/archipelresearch.com\/wp-content\/uploads\/2022\/05\/Screen-Shot-2022-05-26-at-8.05.09-PM.png 1090w\" sizes=\"(max-width: 640px) 100vw, 640px\" \/>\t\t\t\t\t\t\t\t<\/a>\n\t\t\t\t\t\t\t\t\t\t\t\t\t\t\t<\/div>\n\t\t\t\t<\/div>\n\t\t\t\t\t<\/div>\n\t\t<\/div>\n\t\t\t\t<div class=\"elementor-column elementor-col-33 elementor-top-column elementor-element elementor-element-64c345c\" data-id=\"64c345c\" data-element_type=\"column\">\n\t\t\t<div class=\"elementor-widget-wrap elementor-element-populated\">\n\t\t\t\t\t\t<div class=\"elementor-element elementor-element-4db59ac elementor-widget elementor-widget-image\" data-id=\"4db59ac\" data-element_type=\"widget\" data-widget_type=\"image.default\">\n\t\t\t\t<div class=\"elementor-widget-container\">\n\t\t\t\t\t\t\t\t\t\t\t\t\t\t\t\t<a href=\"https:\/\/www.pluralism.ca\/fr\/la-ou-la-promenade-sussex-rencontre-la-kichi-sibi\/\" target=\"_blank\">\n\t\t\t\t\t\t\t<img decoding=\"async\" width=\"640\" height=\"824\" src=\"https:\/\/archipelresearch.com\/wp-content\/uploads\/2022\/05\/Screen-Shot-2022-05-26-at-8.05.54-PM-795x1024.png\" class=\"attachment-large size-large wp-image-3333\" alt=\"L \u00c0 O\u00d9 LA PROMENADE SUSSEX RENCONTRE LA KICHI SIBI Histoire et pluralisme au 330, Sussex\" srcset=\"https:\/\/archipelresearch.com\/wp-content\/uploads\/2022\/05\/Screen-Shot-2022-05-26-at-8.05.54-PM-795x1024.png 795w, https:\/\/archipelresearch.com\/wp-content\/uploads\/2022\/05\/Screen-Shot-2022-05-26-at-8.05.54-PM-233x300.png 233w, https:\/\/archipelresearch.com\/wp-content\/uploads\/2022\/05\/Screen-Shot-2022-05-26-at-8.05.54-PM-768x989.png 768w, https:\/\/archipelresearch.com\/wp-content\/uploads\/2022\/05\/Screen-Shot-2022-05-26-at-8.05.54-PM.png 1090w\" sizes=\"(max-width: 640px) 100vw, 640px\" \/>\t\t\t\t\t\t\t\t<\/a>\n\t\t\t\t\t\t\t\t\t\t\t\t\t\t\t<\/div>\n\t\t\t\t<\/div>\n\t\t\t\t\t<\/div>\n\t\t<\/div>\n\t\t\t\t<div class=\"elementor-column elementor-col-33 elementor-top-column elementor-element elementor-element-ab6e950\" data-id=\"ab6e950\" data-element_type=\"column\">\n\t\t\t<div class=\"elementor-widget-wrap elementor-element-populated\">\n\t\t\t\t\t\t<div class=\"elementor-element elementor-element-64eeed0 elementor-widget elementor-widget-image\" data-id=\"64eeed0\" data-element_type=\"widget\" data-widget_type=\"image.default\">\n\t\t\t\t<div class=\"elementor-widget-container\">\n\t\t\t\t\t\t\t\t\t\t\t\t\t\t\t\t<a href=\"https:\/\/artsnetottawa.ca\/reseau-des-musees-dottawa\/?lang=fr\">\n\t\t\t\t\t\t\t<img decoding=\"async\" width=\"640\" height=\"824\" src=\"https:\/\/archipelresearch.com\/wp-content\/uploads\/2022\/05\/Screen-Shot-2022-05-26-at-8.05.31-PM-795x1024.png\" class=\"attachment-large size-large wp-image-3335\" alt=\"RELATIONS AUTOCHTONES A OTTAWA Un manuel d&#039;introduction pr\u00e9par\u00e9 pour le R\u00e9seau des Mus\u00e9es d&#039;Ottawa\" srcset=\"https:\/\/archipelresearch.com\/wp-content\/uploads\/2022\/05\/Screen-Shot-2022-05-26-at-8.05.31-PM-795x1024.png 795w, https:\/\/archipelresearch.com\/wp-content\/uploads\/2022\/05\/Screen-Shot-2022-05-26-at-8.05.31-PM-233x300.png 233w, https:\/\/archipelresearch.com\/wp-content\/uploads\/2022\/05\/Screen-Shot-2022-05-26-at-8.05.31-PM-768x989.png 768w, https:\/\/archipelresearch.com\/wp-content\/uploads\/2022\/05\/Screen-Shot-2022-05-26-at-8.05.31-PM.png 1090w\" sizes=\"(max-width: 640px) 100vw, 640px\" \/>\t\t\t\t\t\t\t\t<\/a>\n\t\t\t\t\t\t\t\t\t\t\t\t\t\t\t<\/div>\n\t\t\t\t<\/div>\n\t\t\t\t\t<\/div>\n\t\t<\/div>\n\t\t\t\t\t<\/div>\n\t\t<\/section>\n\t\t\t\t<\/div>\n\t\t","protected":false},"excerpt":{"rendered":"","protected":false},"author":1,"featured_media":0,"parent":0,"menu_order":0,"comment_status":"closed","ping_status":"closed","template":"","meta":{"footnotes":""},"yoast_head":"<!-- This site is optimized with the Yoast SEO plugin v24.5 - https:\/\/yoast.com\/wordpress\/plugins\/seo\/ -->\n<title>Travaux Ant\u00e9rieurs - Archipel Research and Consulting<\/title>\n<meta name=\"robots\" content=\"index, follow, max-snippet:-1, max-image-preview:large, max-video-preview:-1\" \/>\n<link rel=\"canonical\" href=\"https:\/\/archipelresearch.com\/fr\/travaux-anterieurs\/\" \/>\n<meta property=\"og:locale\" content=\"fr_FR\" \/>\n<meta property=\"og:type\" content=\"article\" \/>\n<meta property=\"og:title\" content=\"Travaux Ant\u00e9rieurs - Archipel Research and Consulting\" \/>\n<meta property=\"og:url\" content=\"https:\/\/archipelresearch.com\/fr\/travaux-anterieurs\/\" \/>\n<meta property=\"og:site_name\" content=\"Archipel Research and Consulting\" \/>\n<meta property=\"article:publisher\" content=\"https:\/\/www.facebook.com\/profile.php?id=100063630022920\" \/>\n<meta property=\"article:modified_time\" content=\"2022-05-27T04:31:46+00:00\" \/>\n<meta property=\"og:image\" content=\"https:\/\/archipelresearch.com\/wp-content\/uploads\/2022\/05\/Screen-Shot-2022-05-26-at-8.05.09-PM-795x1024.png\" \/>\n<meta name=\"twitter:card\" content=\"summary_large_image\" \/>\n<meta name=\"twitter:site\" content=\"@ArchipelRC\" \/>\n<meta name=\"twitter:label1\" content=\"Dur\u00e9e de lecture estim\u00e9e\" \/>\n\t<meta name=\"twitter:data1\" content=\"1 minute\" \/>\n<script type=\"application\/ld+json\" class=\"yoast-schema-graph\">{\"@context\":\"https:\/\/schema.org\",\"@graph\":[{\"@type\":\"WebPage\",\"@id\":\"https:\/\/archipelresearch.com\/fr\/travaux-anterieurs\/\",\"url\":\"https:\/\/archipelresearch.com\/fr\/travaux-anterieurs\/\",\"name\":\"Travaux Ant\u00e9rieurs - Archipel Research and Consulting\",\"isPartOf\":{\"@id\":\"https:\/\/archipelresearch.com\/#website\"},\"primaryImageOfPage\":{\"@id\":\"https:\/\/archipelresearch.com\/fr\/travaux-anterieurs\/#primaryimage\"},\"image\":{\"@id\":\"https:\/\/archipelresearch.com\/fr\/travaux-anterieurs\/#primaryimage\"},\"thumbnailUrl\":\"https:\/\/archipelresearch.com\/wp-content\/uploads\/2022\/05\/Screen-Shot-2022-05-26-at-8.05.09-PM-795x1024.png\",\"datePublished\":\"2022-05-27T04:31:18+00:00\",\"dateModified\":\"2022-05-27T04:31:46+00:00\",\"breadcrumb\":{\"@id\":\"https:\/\/archipelresearch.com\/fr\/travaux-anterieurs\/#breadcrumb\"},\"inLanguage\":\"fr-FR\",\"potentialAction\":[{\"@type\":\"ReadAction\",\"target\":[\"https:\/\/archipelresearch.com\/fr\/travaux-anterieurs\/\"]}]},{\"@type\":\"ImageObject\",\"inLanguage\":\"fr-FR\",\"@id\":\"https:\/\/archipelresearch.com\/fr\/travaux-anterieurs\/#primaryimage\",\"url\":\"https:\/\/archipelresearch.com\/wp-content\/uploads\/2022\/05\/Screen-Shot-2022-05-26-at-8.05.09-PM-795x1024.png\",\"contentUrl\":\"https:\/\/archipelresearch.com\/wp-content\/uploads\/2022\/05\/Screen-Shot-2022-05-26-at-8.05.09-PM-795x1024.png\"},{\"@type\":\"BreadcrumbList\",\"@id\":\"https:\/\/archipelresearch.com\/fr\/travaux-anterieurs\/#breadcrumb\",\"itemListElement\":[{\"@type\":\"ListItem\",\"position\":1,\"name\":\"Home\",\"item\":\"https:\/\/archipelresearch.com\/fr\/a-propos-de-nous\/\"},{\"@type\":\"ListItem\",\"position\":2,\"name\":\"Travaux Ant\u00e9rieurs\"}]},{\"@type\":\"WebSite\",\"@id\":\"https:\/\/archipelresearch.com\/#website\",\"url\":\"https:\/\/archipelresearch.com\/\",\"name\":\"Archipel Research and Consulting\",\"description\":\"Bridging Worlds of Knowledge\",\"publisher\":{\"@id\":\"https:\/\/archipelresearch.com\/#organization\"},\"potentialAction\":[{\"@type\":\"SearchAction\",\"target\":{\"@type\":\"EntryPoint\",\"urlTemplate\":\"https:\/\/archipelresearch.com\/?s={search_term_string}\"},\"query-input\":{\"@type\":\"PropertyValueSpecification\",\"valueRequired\":true,\"valueName\":\"search_term_string\"}}],\"inLanguage\":\"fr-FR\"},{\"@type\":\"Organization\",\"@id\":\"https:\/\/archipelresearch.com\/#organization\",\"name\":\"Archipel Research and Consulting\",\"url\":\"https:\/\/archipelresearch.com\/\",\"logo\":{\"@type\":\"ImageObject\",\"inLanguage\":\"fr-FR\",\"@id\":\"https:\/\/archipelresearch.com\/#\/schema\/logo\/image\/\",\"url\":\"https:\/\/archipelresearch.com\/wp-content\/uploads\/2022\/03\/Archipel-Research-Consulting-Logo-Mark-Full-Color-RGB-500px@72ppi.png\",\"contentUrl\":\"https:\/\/archipelresearch.com\/wp-content\/uploads\/2022\/03\/Archipel-Research-Consulting-Logo-Mark-Full-Color-RGB-500px@72ppi.png\",\"width\":500,\"height\":500,\"caption\":\"Archipel Research and Consulting\"},\"image\":{\"@id\":\"https:\/\/archipelresearch.com\/#\/schema\/logo\/image\/\"},\"sameAs\":[\"https:\/\/www.facebook.com\/profile.php?id=100063630022920\",\"https:\/\/x.com\/ArchipelRC\",\"https:\/\/www.instagram.com\/archipelrc\/\",\"https:\/\/www.linkedin.com\/company\/archipel-research-consulting\/\"]}]}<\/script>\n<!-- \/ Yoast SEO plugin. -->","yoast_head_json":{"title":"Travaux Ant\u00e9rieurs - Archipel Research and Consulting","robots":{"index":"index","follow":"follow","max-snippet":"max-snippet:-1","max-image-preview":"max-image-preview:large","max-video-preview":"max-video-preview:-1"},"canonical":"https:\/\/archipelresearch.com\/fr\/travaux-anterieurs\/","og_locale":"fr_FR","og_type":"article","og_title":"Travaux Ant\u00e9rieurs - Archipel Research and Consulting","og_url":"https:\/\/archipelresearch.com\/fr\/travaux-anterieurs\/","og_site_name":"Archipel Research and Consulting","article_publisher":"https:\/\/www.facebook.com\/profile.php?id=100063630022920","article_modified_time":"2022-05-27T04:31:46+00:00","og_image":[{"url":"https:\/\/archipelresearch.com\/wp-content\/uploads\/2022\/05\/Screen-Shot-2022-05-26-at-8.05.09-PM-795x1024.png","type":"","width":"","height":""}],"twitter_card":"summary_large_image","twitter_site":"@ArchipelRC","twitter_misc":{"Dur\u00e9e de lecture estim\u00e9e":"1 minute"},"schema":{"@context":"https:\/\/schema.org","@graph":[{"@type":"WebPage","@id":"https:\/\/archipelresearch.com\/fr\/travaux-anterieurs\/","url":"https:\/\/archipelresearch.com\/fr\/travaux-anterieurs\/","name":"Travaux Ant\u00e9rieurs - Archipel Research and Consulting","isPartOf":{"@id":"https:\/\/archipelresearch.com\/#website"},"primaryImageOfPage":{"@id":"https:\/\/archipelresearch.com\/fr\/travaux-anterieurs\/#primaryimage"},"image":{"@id":"https:\/\/archipelresearch.com\/fr\/travaux-anterieurs\/#primaryimage"},"thumbnailUrl":"https:\/\/archipelresearch.com\/wp-content\/uploads\/2022\/05\/Screen-Shot-2022-05-26-at-8.05.09-PM-795x1024.png","datePublished":"2022-05-27T04:31:18+00:00","dateModified":"2022-05-27T04:31:46+00:00","breadcrumb":{"@id":"https:\/\/archipelresearch.com\/fr\/travaux-anterieurs\/#breadcrumb"},"inLanguage":"fr-FR","potentialAction":[{"@type":"ReadAction","target":["https:\/\/archipelresearch.com\/fr\/travaux-anterieurs\/"]}]},{"@type":"ImageObject","inLanguage":"fr-FR","@id":"https:\/\/archipelresearch.com\/fr\/travaux-anterieurs\/#primaryimage","url":"https:\/\/archipelresearch.com\/wp-content\/uploads\/2022\/05\/Screen-Shot-2022-05-26-at-8.05.09-PM-795x1024.png","contentUrl":"https:\/\/archipelresearch.com\/wp-content\/uploads\/2022\/05\/Screen-Shot-2022-05-26-at-8.05.09-PM-795x1024.png"},{"@type":"BreadcrumbList","@id":"https:\/\/archipelresearch.com\/fr\/travaux-anterieurs\/#breadcrumb","itemListElement":[{"@type":"ListItem","position":1,"name":"Home","item":"https:\/\/archipelresearch.com\/fr\/a-propos-de-nous\/"},{"@type":"ListItem","position":2,"name":"Travaux Ant\u00e9rieurs"}]},{"@type":"WebSite","@id":"https:\/\/archipelresearch.com\/#website","url":"https:\/\/archipelresearch.com\/","name":"Archipel Research and Consulting","description":"Bridging Worlds of Knowledge","publisher":{"@id":"https:\/\/archipelresearch.com\/#organization"},"potentialAction":[{"@type":"SearchAction","target":{"@type":"EntryPoint","urlTemplate":"https:\/\/archipelresearch.com\/?s={search_term_string}"},"query-input":{"@type":"PropertyValueSpecification","valueRequired":true,"valueName":"search_term_string"}}],"inLanguage":"fr-FR"},{"@type":"Organization","@id":"https:\/\/archipelresearch.com\/#organization","name":"Archipel Research and Consulting","url":"https:\/\/archipelresearch.com\/","logo":{"@type":"ImageObject","inLanguage":"fr-FR","@id":"https:\/\/archipelresearch.com\/#\/schema\/logo\/image\/","url":"https:\/\/archipelresearch.com\/wp-content\/uploads\/2022\/03\/Archipel-Research-Consulting-Logo-Mark-Full-Color-RGB-500px@72ppi.png","contentUrl":"https:\/\/archipelresearch.com\/wp-content\/uploads\/2022\/03\/Archipel-Research-Consulting-Logo-Mark-Full-Color-RGB-500px@72ppi.png","width":500,"height":500,"caption":"Archipel Research and Consulting"},"image":{"@id":"https:\/\/archipelresearch.com\/#\/schema\/logo\/image\/"},"sameAs":["https:\/\/www.facebook.com\/profile.php?id=100063630022920","https:\/\/x.com\/ArchipelRC","https:\/\/www.instagram.com\/archipelrc\/","https:\/\/www.linkedin.com\/company\/archipel-research-consulting\/"]}]}},"_links":{"self":[{"href":"https:\/\/archipelresearch.com\/fr\/wp-json\/wp\/v2\/pages\/3355"}],"collection":[{"href":"https:\/\/archipelresearch.com\/fr\/wp-json\/wp\/v2\/pages"}],"about":[{"href":"https:\/\/archipelresearch.com\/fr\/wp-json\/wp\/v2\/types\/page"}],"author":[{"embeddable":true,"href":"https:\/\/archipelresearch.com\/fr\/wp-json\/wp\/v2\/users\/1"}],"replies":[{"embeddable":true,"href":"https:\/\/archipelresearch.com\/fr\/wp-json\/wp\/v2\/comments?post=3355"}],"version-history":[{"count":7,"href":"https:\/\/archipelresearch.com\/fr\/wp-json\/wp\/v2\/pages\/3355\/revisions"}],"predecessor-version":[{"id":3362,"href":"https:\/\/archipelresearch.com\/fr\/wp-json\/wp\/v2\/pages\/3355\/revisions\/3362"}],"wp:attachment":[{"href":"https:\/\/archipelresearch.com\/fr\/wp-json\/wp\/v2\/media?parent=3355"}],"curies":[{"name":"wp","href":"https:\/\/api.w.org\/{rel}","templated":true}]}}