{"id":906,"date":"2020-07-20T22:01:53","date_gmt":"2020-07-20T22:01:53","guid":{"rendered":"https:\/\/archipelresearch.com\/?page_id=906"},"modified":"2020-08-28T20:35:54","modified_gmt":"2020-08-28T20:35:54","slug":"a-propos-de-nous","status":"publish","type":"page","link":"https:\/\/archipelresearch.com\/fr\/","title":{"rendered":"\u00c0 propos de nous"},"content":{"rendered":"\t\t<div data-elementor-type=\"wp-post\" data-elementor-id=\"906\" class=\"elementor elementor-906\">\n\t\t\t\t\t\t<section class=\"elementor-section elementor-top-section elementor-element elementor-element-3c2fa87 elementor-section-boxed elementor-section-height-default elementor-section-height-default\" data-id=\"3c2fa87\" data-element_type=\"section\" data-settings=\"{&quot;background_background&quot;:&quot;classic&quot;}\">\n\t\t\t\t\t\t<div class=\"elementor-container elementor-column-gap-default\">\n\t\t\t\t\t<div class=\"elementor-column elementor-col-66 elementor-top-column elementor-element elementor-element-dfcd0b4\" data-id=\"dfcd0b4\" data-element_type=\"column\" data-settings=\"{&quot;background_background&quot;:&quot;classic&quot;}\">\n\t\t\t<div class=\"elementor-widget-wrap elementor-element-populated\">\n\t\t\t\t\t\t<div class=\"elementor-element elementor-element-1c382a9 elementor-position-top elementor-widget elementor-widget-image-box\" data-id=\"1c382a9\" data-element_type=\"widget\" data-widget_type=\"image-box.default\">\n\t\t\t\t<div class=\"elementor-widget-container\">\n\t\t\t\t\t<div class=\"elementor-image-box-wrapper\"><figure class=\"elementor-image-box-img\"><img fetchpriority=\"high\" decoding=\"async\" width=\"1384\" height=\"848\" src=\"https:\/\/archipelresearch.com\/wp-content\/uploads\/2020\/07\/photo.by_.ben_.3.png\" class=\"attachment-full size-full wp-image-639\" alt=\"Aboriginal people in their native warrior gear\" srcset=\"https:\/\/archipelresearch.com\/wp-content\/uploads\/2020\/07\/photo.by_.ben_.3.png 1384w, https:\/\/archipelresearch.com\/wp-content\/uploads\/2020\/07\/photo.by_.ben_.3-300x184.png 300w, https:\/\/archipelresearch.com\/wp-content\/uploads\/2020\/07\/photo.by_.ben_.3-1024x627.png 1024w, https:\/\/archipelresearch.com\/wp-content\/uploads\/2020\/07\/photo.by_.ben_.3-768x471.png 768w\" sizes=\"(max-width: 1384px) 100vw, 1384px\" \/><\/figure><div class=\"elementor-image-box-content\"><p class=\"elementor-image-box-description\">Archipel est une entreprise autochtone qui rassemble une \u00e9quipe diversifi\u00e9e de sp\u00e9cialistes en sciences sociales, d'historiens, d'animateurs, de chercheurs, de praticiens communautaires, d'analystes de donn\u00e9es, de sp\u00e9cialistes en linguistique, d'\u00e9ducateurs et d'experts en d\u00e9veloppement communautaire.\n<br><br>\nNous avons des dizaines d'ann\u00e9es d'exp\u00e9rience cumul\u00e9e en mati\u00e8re de r\u00e9ponses \u00e0 des questions importantes et d'enseignement de l'histoire des autochtones et du Canada, du multiculturalisme et de la diversit\u00e9, des communaut\u00e9s d'autochtones et d'immigrants, de r\u00e9fugi\u00e9s et de nouveaux arrivants, de l'in\u00e9galit\u00e9 et de l'\u00e9quit\u00e9 entre les sexes, de la lutte contre le racisme, de la sant\u00e9 mentale et du bien-\u00eatre des communaut\u00e9s et d'une grande vari\u00e9t\u00e9 d'autres domaines. \n<\/p><\/div><\/div>\t\t\t\t<\/div>\n\t\t\t\t<\/div>\n\t\t\t\t<div class=\"elementor-element elementor-element-4d4c7e3 elementor-widget elementor-widget-spacer\" data-id=\"4d4c7e3\" data-element_type=\"widget\" data-widget_type=\"spacer.default\">\n\t\t\t\t<div class=\"elementor-widget-container\">\n\t\t\t\t\t\t\t<div class=\"elementor-spacer\">\n\t\t\t<div class=\"elementor-spacer-inner\"><\/div>\n\t\t<\/div>\n\t\t\t\t\t\t<\/div>\n\t\t\t\t<\/div>\n\t\t\t\t\t<\/div>\n\t\t<\/div>\n\t\t\t\t<div class=\"elementor-column elementor-col-33 elementor-top-column elementor-element elementor-element-059f481\" data-id=\"059f481\" data-element_type=\"column\">\n\t\t\t<div class=\"elementor-widget-wrap\">\n\t\t\t\t\t\t\t<\/div>\n\t\t<\/div>\n\t\t\t\t\t<\/div>\n\t\t<\/section>\n\t\t\t\t<\/div>\n\t\t","protected":false},"excerpt":{"rendered":"<p>Archipel est une entreprise autochtone qui rassemble une \u00e9quipe diversifi\u00e9e de sp\u00e9cialistes en sciences sociales, d&rsquo;historiens, d&rsquo;animateurs, de chercheurs, de praticiens communautaires, d&rsquo;analystes de donn\u00e9es, de sp\u00e9cialistes en linguistique, d&rsquo;\u00e9ducateurs et d&rsquo;experts en d\u00e9veloppement communautaire. Nous avons des dizaines d&rsquo;ann\u00e9es d&rsquo;exp\u00e9rience cumul\u00e9e en mati\u00e8re de r\u00e9ponses \u00e0 des questions importantes et d&rsquo;enseignement de l&rsquo;histoire des<\/p>\n","protected":false},"author":1,"featured_media":0,"parent":0,"menu_order":0,"comment_status":"closed","ping_status":"closed","template":"","meta":{"footnotes":""},"yoast_head":"<!-- This site is optimized with the Yoast SEO plugin v24.5 - https:\/\/yoast.com\/wordpress\/plugins\/seo\/ -->\n<title>\u00c0 propos de nous - Archipel Research and Consulting<\/title>\n<meta name=\"robots\" content=\"index, follow, max-snippet:-1, max-image-preview:large, max-video-preview:-1\" \/>\n<link rel=\"canonical\" href=\"https:\/\/archipelresearch.com\/fr\/a-propos-de-nous\/\" \/>\n<meta property=\"og:locale\" content=\"fr_FR\" \/>\n<meta property=\"og:type\" content=\"article\" \/>\n<meta property=\"og:title\" content=\"\u00c0 propos de nous - Archipel Research and Consulting\" \/>\n<meta property=\"og:description\" content=\"Archipel est une entreprise autochtone qui rassemble une \u00e9quipe diversifi\u00e9e de sp\u00e9cialistes en sciences sociales, d&rsquo;historiens, d&rsquo;animateurs, de chercheurs, de praticiens communautaires, d&rsquo;analystes de donn\u00e9es, de sp\u00e9cialistes en linguistique, d&rsquo;\u00e9ducateurs et d&rsquo;experts en d\u00e9veloppement communautaire. Nous avons des dizaines d&rsquo;ann\u00e9es d&rsquo;exp\u00e9rience cumul\u00e9e en mati\u00e8re de r\u00e9ponses \u00e0 des questions importantes et d&rsquo;enseignement de l&rsquo;histoire des\" \/>\n<meta property=\"og:url\" content=\"https:\/\/archipelresearch.com\/fr\/a-propos-de-nous\/\" \/>\n<meta property=\"og:site_name\" content=\"Archipel Research and Consulting\" \/>\n<meta property=\"article:publisher\" content=\"https:\/\/www.facebook.com\/profile.php?id=100063630022920\" \/>\n<meta property=\"article:modified_time\" content=\"2020-08-28T20:35:54+00:00\" \/>\n<meta property=\"og:image\" content=\"https:\/\/archipelresearch.com\/wp-content\/uploads\/2020\/07\/photo.by_.ben_.3.png\" \/>\n<meta name=\"twitter:card\" content=\"summary_large_image\" \/>\n<meta name=\"twitter:site\" content=\"@ArchipelRC\" \/>\n<meta name=\"twitter:label1\" content=\"Dur\u00e9e de lecture estim\u00e9e\" \/>\n\t<meta name=\"twitter:data1\" content=\"1 minute\" \/>\n<script type=\"application\/ld+json\" class=\"yoast-schema-graph\">{\"@context\":\"https:\/\/schema.org\",\"@graph\":[{\"@type\":\"WebPage\",\"@id\":\"https:\/\/archipelresearch.com\/fr\/a-propos-de-nous\/\",\"url\":\"https:\/\/archipelresearch.com\/fr\/a-propos-de-nous\/\",\"name\":\"\u00c0 propos de nous - Archipel Research and Consulting\",\"isPartOf\":{\"@id\":\"https:\/\/archipelresearch.com\/#website\"},\"primaryImageOfPage\":{\"@id\":\"https:\/\/archipelresearch.com\/fr\/a-propos-de-nous\/#primaryimage\"},\"image\":{\"@id\":\"https:\/\/archipelresearch.com\/fr\/a-propos-de-nous\/#primaryimage\"},\"thumbnailUrl\":\"https:\/\/archipelresearch.com\/wp-content\/uploads\/2020\/07\/photo.by_.ben_.3.png\",\"datePublished\":\"2020-07-20T22:01:53+00:00\",\"dateModified\":\"2020-08-28T20:35:54+00:00\",\"breadcrumb\":{\"@id\":\"https:\/\/archipelresearch.com\/fr\/a-propos-de-nous\/#breadcrumb\"},\"inLanguage\":\"fr-FR\",\"potentialAction\":[{\"@type\":\"ReadAction\",\"target\":[\"https:\/\/archipelresearch.com\/fr\/a-propos-de-nous\/\"]}]},{\"@type\":\"ImageObject\",\"inLanguage\":\"fr-FR\",\"@id\":\"https:\/\/archipelresearch.com\/fr\/a-propos-de-nous\/#primaryimage\",\"url\":\"https:\/\/archipelresearch.com\/wp-content\/uploads\/2020\/07\/photo.by_.ben_.3.png\",\"contentUrl\":\"https:\/\/archipelresearch.com\/wp-content\/uploads\/2020\/07\/photo.by_.ben_.3.png\"},{\"@type\":\"BreadcrumbList\",\"@id\":\"https:\/\/archipelresearch.com\/fr\/a-propos-de-nous\/#breadcrumb\",\"itemListElement\":[{\"@type\":\"ListItem\",\"position\":1,\"name\":\"Home\",\"item\":\"https:\/\/archipelresearch.com\/fr\/a-propos-de-nous\/\"},{\"@type\":\"ListItem\",\"position\":2,\"name\":\"\u00c0 propos de nous\"}]},{\"@type\":\"WebSite\",\"@id\":\"https:\/\/archipelresearch.com\/#website\",\"url\":\"https:\/\/archipelresearch.com\/\",\"name\":\"Archipel Research and Consulting\",\"description\":\"Bridging Worlds of Knowledge\",\"publisher\":{\"@id\":\"https:\/\/archipelresearch.com\/#organization\"},\"potentialAction\":[{\"@type\":\"SearchAction\",\"target\":{\"@type\":\"EntryPoint\",\"urlTemplate\":\"https:\/\/archipelresearch.com\/?s={search_term_string}\"},\"query-input\":{\"@type\":\"PropertyValueSpecification\",\"valueRequired\":true,\"valueName\":\"search_term_string\"}}],\"inLanguage\":\"fr-FR\"},{\"@type\":\"Organization\",\"@id\":\"https:\/\/archipelresearch.com\/#organization\",\"name\":\"Archipel Research and Consulting\",\"url\":\"https:\/\/archipelresearch.com\/\",\"logo\":{\"@type\":\"ImageObject\",\"inLanguage\":\"fr-FR\",\"@id\":\"https:\/\/archipelresearch.com\/#\/schema\/logo\/image\/\",\"url\":\"https:\/\/archipelresearch.com\/wp-content\/uploads\/2022\/03\/Archipel-Research-Consulting-Logo-Mark-Full-Color-RGB-500px@72ppi.png\",\"contentUrl\":\"https:\/\/archipelresearch.com\/wp-content\/uploads\/2022\/03\/Archipel-Research-Consulting-Logo-Mark-Full-Color-RGB-500px@72ppi.png\",\"width\":500,\"height\":500,\"caption\":\"Archipel Research and Consulting\"},\"image\":{\"@id\":\"https:\/\/archipelresearch.com\/#\/schema\/logo\/image\/\"},\"sameAs\":[\"https:\/\/www.facebook.com\/profile.php?id=100063630022920\",\"https:\/\/x.com\/ArchipelRC\",\"https:\/\/www.instagram.com\/archipelrc\/\",\"https:\/\/www.linkedin.com\/company\/archipel-research-consulting\/\"]}]}<\/script>\n<!-- \/ Yoast SEO plugin. -->","yoast_head_json":{"title":"\u00c0 propos de nous - Archipel Research and Consulting","robots":{"index":"index","follow":"follow","max-snippet":"max-snippet:-1","max-image-preview":"max-image-preview:large","max-video-preview":"max-video-preview:-1"},"canonical":"https:\/\/archipelresearch.com\/fr\/a-propos-de-nous\/","og_locale":"fr_FR","og_type":"article","og_title":"\u00c0 propos de nous - Archipel Research and Consulting","og_description":"Archipel est une entreprise autochtone qui rassemble une \u00e9quipe diversifi\u00e9e de sp\u00e9cialistes en sciences sociales, d&rsquo;historiens, d&rsquo;animateurs, de chercheurs, de praticiens communautaires, d&rsquo;analystes de donn\u00e9es, de sp\u00e9cialistes en linguistique, d&rsquo;\u00e9ducateurs et d&rsquo;experts en d\u00e9veloppement communautaire. Nous avons des dizaines d&rsquo;ann\u00e9es d&rsquo;exp\u00e9rience cumul\u00e9e en mati\u00e8re de r\u00e9ponses \u00e0 des questions importantes et d&rsquo;enseignement de l&rsquo;histoire des","og_url":"https:\/\/archipelresearch.com\/fr\/a-propos-de-nous\/","og_site_name":"Archipel Research and Consulting","article_publisher":"https:\/\/www.facebook.com\/profile.php?id=100063630022920","article_modified_time":"2020-08-28T20:35:54+00:00","og_image":[{"url":"https:\/\/archipelresearch.com\/wp-content\/uploads\/2020\/07\/photo.by_.ben_.3.png","type":"","width":"","height":""}],"twitter_card":"summary_large_image","twitter_site":"@ArchipelRC","twitter_misc":{"Dur\u00e9e de lecture estim\u00e9e":"1 minute"},"schema":{"@context":"https:\/\/schema.org","@graph":[{"@type":"WebPage","@id":"https:\/\/archipelresearch.com\/fr\/a-propos-de-nous\/","url":"https:\/\/archipelresearch.com\/fr\/a-propos-de-nous\/","name":"\u00c0 propos de nous - Archipel Research and Consulting","isPartOf":{"@id":"https:\/\/archipelresearch.com\/#website"},"primaryImageOfPage":{"@id":"https:\/\/archipelresearch.com\/fr\/a-propos-de-nous\/#primaryimage"},"image":{"@id":"https:\/\/archipelresearch.com\/fr\/a-propos-de-nous\/#primaryimage"},"thumbnailUrl":"https:\/\/archipelresearch.com\/wp-content\/uploads\/2020\/07\/photo.by_.ben_.3.png","datePublished":"2020-07-20T22:01:53+00:00","dateModified":"2020-08-28T20:35:54+00:00","breadcrumb":{"@id":"https:\/\/archipelresearch.com\/fr\/a-propos-de-nous\/#breadcrumb"},"inLanguage":"fr-FR","potentialAction":[{"@type":"ReadAction","target":["https:\/\/archipelresearch.com\/fr\/a-propos-de-nous\/"]}]},{"@type":"ImageObject","inLanguage":"fr-FR","@id":"https:\/\/archipelresearch.com\/fr\/a-propos-de-nous\/#primaryimage","url":"https:\/\/archipelresearch.com\/wp-content\/uploads\/2020\/07\/photo.by_.ben_.3.png","contentUrl":"https:\/\/archipelresearch.com\/wp-content\/uploads\/2020\/07\/photo.by_.ben_.3.png"},{"@type":"BreadcrumbList","@id":"https:\/\/archipelresearch.com\/fr\/a-propos-de-nous\/#breadcrumb","itemListElement":[{"@type":"ListItem","position":1,"name":"Home","item":"https:\/\/archipelresearch.com\/fr\/a-propos-de-nous\/"},{"@type":"ListItem","position":2,"name":"\u00c0 propos de nous"}]},{"@type":"WebSite","@id":"https:\/\/archipelresearch.com\/#website","url":"https:\/\/archipelresearch.com\/","name":"Archipel Research and Consulting","description":"Bridging Worlds of Knowledge","publisher":{"@id":"https:\/\/archipelresearch.com\/#organization"},"potentialAction":[{"@type":"SearchAction","target":{"@type":"EntryPoint","urlTemplate":"https:\/\/archipelresearch.com\/?s={search_term_string}"},"query-input":{"@type":"PropertyValueSpecification","valueRequired":true,"valueName":"search_term_string"}}],"inLanguage":"fr-FR"},{"@type":"Organization","@id":"https:\/\/archipelresearch.com\/#organization","name":"Archipel Research and Consulting","url":"https:\/\/archipelresearch.com\/","logo":{"@type":"ImageObject","inLanguage":"fr-FR","@id":"https:\/\/archipelresearch.com\/#\/schema\/logo\/image\/","url":"https:\/\/archipelresearch.com\/wp-content\/uploads\/2022\/03\/Archipel-Research-Consulting-Logo-Mark-Full-Color-RGB-500px@72ppi.png","contentUrl":"https:\/\/archipelresearch.com\/wp-content\/uploads\/2022\/03\/Archipel-Research-Consulting-Logo-Mark-Full-Color-RGB-500px@72ppi.png","width":500,"height":500,"caption":"Archipel Research and Consulting"},"image":{"@id":"https:\/\/archipelresearch.com\/#\/schema\/logo\/image\/"},"sameAs":["https:\/\/www.facebook.com\/profile.php?id=100063630022920","https:\/\/x.com\/ArchipelRC","https:\/\/www.instagram.com\/archipelrc\/","https:\/\/www.linkedin.com\/company\/archipel-research-consulting\/"]}]}},"_links":{"self":[{"href":"https:\/\/archipelresearch.com\/fr\/wp-json\/wp\/v2\/pages\/906"}],"collection":[{"href":"https:\/\/archipelresearch.com\/fr\/wp-json\/wp\/v2\/pages"}],"about":[{"href":"https:\/\/archipelresearch.com\/fr\/wp-json\/wp\/v2\/types\/page"}],"author":[{"embeddable":true,"href":"https:\/\/archipelresearch.com\/fr\/wp-json\/wp\/v2\/users\/1"}],"replies":[{"embeddable":true,"href":"https:\/\/archipelresearch.com\/fr\/wp-json\/wp\/v2\/comments?post=906"}],"version-history":[{"count":0,"href":"https:\/\/archipelresearch.com\/fr\/wp-json\/wp\/v2\/pages\/906\/revisions"}],"wp:attachment":[{"href":"https:\/\/archipelresearch.com\/fr\/wp-json\/wp\/v2\/media?parent=906"}],"curies":[{"name":"wp","href":"https:\/\/api.w.org\/{rel}","templated":true}]}}